{"id":13,"date":"2017-02-13T10:38:13","date_gmt":"2017-02-13T10:38:13","guid":{"rendered":"http:\/\/sodepal.info\/?page_id=13"},"modified":"2023-12-11T13:06:00","modified_gmt":"2023-12-11T13:06:00","slug":"perfil-del-contratante","status":"publish","type":"page","link":"https:\/\/sodepal.es\/en\/perfil-del-contratante\/","title":{"rendered":"Contractor Profile"},"content":{"rendered":"<div data-elementor-type=\"wp-page\" data-elementor-id=\"13\" class=\"elementor elementor-13\" data-elementor-post-type=\"page\">\n\t\t\t\t\t\t<section class=\"elementor-section elementor-top-section elementor-element elementor-element-7e8f176 elementor-section-boxed elementor-section-height-default elementor-section-height-default\" data-id=\"7e8f176\" data-element_type=\"section\" data-e-type=\"section\">\n\t\t\t\t\t\t<div class=\"elementor-container elementor-column-gap-default\">\n\t\t\t\t\t<div class=\"elementor-column elementor-col-100 elementor-top-column elementor-element elementor-element-2b6ae\" data-id=\"2b6ae\" data-element_type=\"column\" data-e-type=\"column\">\n\t\t\t<div class=\"elementor-widget-wrap elementor-element-populated\">\n\t\t\t\t\t\t<div class=\"elementor-element elementor-element-b419c11 elementor-widget elementor-widget-text-editor\" data-id=\"b419c11\" data-element_type=\"widget\" data-e-type=\"widget\" data-widget_type=\"text-editor.default\">\n\t\t\t\t<div class=\"elementor-widget-container\">\n\t\t\t\t\t\t\t\t\t<p class=\"p1\" style=\"text-align: left;\">Pursuant to Law 9\/2017 of 8 November on Public Sector Contracts, the Board of Directors of <strong>SODEPAL<\/strong> approves the<br \/>17 July 2018 the INSTRUCTIONS FOR REGULATING SODEPAL's PROCUREMENT PROCEDURES.<\/p><p class=\"p1\" style=\"text-align: left;\"><strong><a href=\"http:\/\/sodepal.es\/wp-content\/uploads\/2017\/02\/SKM_C22719020615590.pdf\" target=\"_blank\" rel=\"noopener noreferrer\">\u27a4 DOCUMENTATION LINK<\/a><\/strong><\/p><hr \/><h3 style=\"text-align: left;\"><strong>OPEN TENDERS<\/strong><\/h3><p style=\"text-align: left;\">You can consult the open calls for tenders at the following link:<\/p><p style=\"text-align: left;\"><strong><a href=\"https:\/\/contrataciondelestado.es\/wps\/portal\/plataforma\" target=\"_blank\" rel=\"noopener noreferrer\">https:\/\/contrataciondelestado.es\/wps\/portal\/plataforma<\/a><\/strong><\/p><hr \/><h3 style=\"text-align: left;\"><strong>CLOSED TENDERS<\/strong><\/h3><hr \/><h4 style=\"text-align: left;\"><strong>OFFER 1\/2019<\/strong><\/h4><p style=\"text-align: left;\"><strong>\ud83d\udccc\u00a0<a href=\"https:\/\/sodepal.es\/wp-content\/uploads\/2017\/02\/DECLARACION-NULO.pdf\" target=\"_blank\" rel=\"noopener noreferrer\">NULL DECLARATION<\/a><\/strong><br \/><strong> \ud83d\udccc\u00a0<a href=\"http:\/\/sodepal.es\/wp-content\/uploads\/2017\/02\/PLIEGO-PRESCRIPCIONES-ADMINISTRATIVAS.pdf\" target=\"_blank\" rel=\"noopener noreferrer\">ADMINISTRATIVE SPECIFICATIONS<\/a><br \/>\ud83d\udccc\u00a0<a href=\"http:\/\/sodepal.es\/wp-content\/uploads\/2017\/02\/PLIEGO-PRESCRIPCIONES-TE\u0301CNICAS-CORREGIDO.pdf\" target=\"_blank\" rel=\"noopener noreferrer\">TECHNICAL SPECIFICATIONS<\/a><\/strong><\/p><h2 style=\"text-align: left;\"><strong>---<\/strong><\/h2><h4 style=\"text-align: left;\"><span style=\"color: #000000;\"><strong>OFFER 2\/2019<\/strong><\/span><\/h4><p class=\"p1\" style=\"text-align: left;\">- Offer publication date: <strong>03\/03\/2019<\/strong><br \/>- Last day for submission of bids: <strong>19\/03\/2019<\/strong> (9:00 h.)<\/p><p style=\"text-align: left;\"><strong>\ud83d\udccc\u00a0<a href=\"https:\/\/sodepal.es\/wp-content\/uploads\/2017\/02\/RESULTADO-ACTA-MESA-CONTRATACION.pdf\" target=\"_blank\" rel=\"noopener noreferrer\">RESULT - MINUTES OF THE RECRUITMENT BOARD<\/a><\/strong><br \/><strong> \ud83d\udccc\u00a0<a href=\"http:\/\/sodepal.es\/wp-content\/uploads\/2019\/03\/Pliego-de-Cla\u0301usulas-Administrativas.pdf\" target=\"_blank\" rel=\"noopener noreferrer\">ADMINISTRATIVE SPECIFICATIONS<\/a><br \/>\ud83d\udccc\u00a0<a href=\"http:\/\/sodepal.es\/wp-content\/uploads\/2019\/03\/Pliego-de-Prescripciones-Te\u0301cnicas.pdf\" target=\"_blank\" rel=\"noopener noreferrer\">TECHNICAL SPECIFICATIONS<\/a><\/strong><\/p><h2 style=\"text-align: left;\"><strong>---<\/strong><\/h2><h4 style=\"text-align: left;\"><span style=\"color: #000000;\"><strong>OFFER 3\/2019<\/strong><\/span><\/h4><p class=\"p1\" style=\"text-align: left;\">- Offer publication date:\u00a0<strong>11\/04\/2019<\/strong><br \/>- Last day for submission of bids:\u00a0<strong>19\/04\/2019<\/strong>\u00a0(9:00 h.)<\/p><p style=\"text-align: left;\"><strong>\ud83d\udccc\u00a0<a href=\"https:\/\/sodepal.es\/wp-content\/uploads\/2019\/04\/INDICE.pdf\" target=\"_blank\" rel=\"noopener noreferrer\">INDEX<\/a><br \/>\ud83d\udccc\u00a0<a href=\"https:\/\/sodepal.es\/wp-content\/uploads\/2019\/04\/ACUERDO-DE-APROBACIO\u0301N-DE-EXPEDIENTE.pdf\" target=\"_blank\" rel=\"noopener noreferrer\">APPROVAL AGREEMENT<\/a><br \/>\ud83d\udccc\u00a0<a href=\"https:\/\/sodepal.es\/wp-content\/uploads\/2019\/04\/Pliego-cla\u0301usulas-administrativas.pdf\" target=\"_blank\" rel=\"noopener noreferrer\">ADMINISTRATIVE SPECIFICATIONS<\/a><br \/>\ud83d\udccc\u00a0<a href=\"https:\/\/sodepal.es\/wp-content\/uploads\/2019\/04\/PLIEGO-DE-PRESCRIPCIONES-TE\u0301CNICAS-SERV.-SANITARIO.pdf\" target=\"_blank\" rel=\"noopener noreferrer\">TECHNICAL SPECIFICATIONS<\/a><br \/>\ud83d\udccc\u00a0<a href=\"https:\/\/sodepal.es\/wp-content\/uploads\/2019\/04\/ANEXO-I.pdf\" target=\"_blank\" rel=\"noopener noreferrer\">ANNEX I<\/a><br \/>\ud83d\udccc\u00a0<a href=\"https:\/\/sodepal.es\/wp-content\/uploads\/2019\/04\/ANEXO-II.pdf\" target=\"_blank\" rel=\"noopener noreferrer\">ANNEX II<\/a><\/strong><br \/>\ud83d\udccc\u00a0<strong><a href=\"https:\/\/sodepal.es\/en\/resultado-acta-mesa-contratacion-2\/\" target=\"_blank\" rel=\"noopener noreferrer\">RESULT - RECRUITMENT BOARD<\/a><\/strong><\/p><h2 style=\"text-align: left;\"><strong>---<\/strong><\/h2><h4 style=\"text-align: left;\">\u00a0<span style=\"color: #000000;\"><strong>OFFER 4\/2019<\/strong><\/span><\/h4><p class=\"p1\" style=\"text-align: left;\">- Offer publication date:\u00a0<strong>12\/04\/2019<\/strong><br \/>- Last day for submission of bids:\u00a0<strong>30\/04\/2019<\/strong>\u00a0(15:00 h.)<\/p><p style=\"text-align: left;\"><strong>\ud83d\udccc\u00a0<a href=\"https:\/\/sodepal.es\/wp-content\/uploads\/2019\/04\/INDICE-1.pdf\" target=\"_blank\" rel=\"noopener noreferrer\">INDEX<\/a><br \/>\ud83d\udccc\u00a0<a href=\"https:\/\/sodepal.es\/wp-content\/uploads\/2019\/04\/PLIEGO-DE-PRESCRIPCIONES-ADMINISTRATIVAS.pdf\" target=\"_blank\" rel=\"noopener noreferrer\">ADMINISTRATIVE SPECIFICATIONS<\/a><br \/>\ud83d\udccc\u00a0<a href=\"https:\/\/sodepal.es\/wp-content\/uploads\/2019\/04\/PLIEGO-DE-PRESCRIPCIONES-T\u00c9CNICAS.pdf\" target=\"_blank\" rel=\"noopener noreferrer\">TECHNICAL SPECIFICATIONS<\/a><br \/>\ud83d\udccc\u00a0<a href=\"https:\/\/sodepal.es\/wp-content\/uploads\/2019\/04\/ANEXO-I-1.pdf\" target=\"_blank\" rel=\"noopener noreferrer\">ANNEX I<\/a><br \/>\ud83d\udccc\u00a0<a href=\"https:\/\/sodepal.es\/wp-content\/uploads\/2019\/04\/ANEXO-II-1.pdf\" target=\"_blank\" rel=\"noopener noreferrer\">ANNEX II<\/a><br \/>\ud83d\udccc\u00a0<a href=\"https:\/\/sodepal.es\/wp-content\/uploads\/2019\/04\/ANEXO-III.pdf\" target=\"_blank\" rel=\"noopener noreferrer\">ANNEX III<\/a><\/strong><br \/><a href=\"https:\/\/sodepal.es\/wp-content\/uploads\/2017\/02\/SKM_C22719052209310.pdf\" target=\"_blank\" rel=\"noopener noreferrer\"><strong>\ud83d\udccc RESULT - MINUTES OF THE RECRUITMENT BOARD MEETING<\/strong><\/a><\/p>\t\t\t\t\t\t\t\t<\/div>\n\t\t\t\t<\/div>\n\t\t\t\t\t<\/div>\n\t\t<\/div>\n\t\t\t\t\t<\/div>\n\t\t<\/section>\n\t\t\t\t<\/div>","protected":false},"excerpt":{"rendered":"<p>In compliance with Law 9\/2017 of 8 November on Public Sector Contracts, on 17 July 2018 the SODEPAL Board of Directors approved the INSTRUCTIONS FOR REGULATING SODEPAL's PROCUREMENT PROCEDURES. You can consult the open tenders at the following link: https:\/\/contrataciondelestado.es\/wps\/portal\/plataforma TENDERING PROCEDURES ... <a title=\"Contractor Profile\" class=\"read-more\" href=\"https:\/\/sodepal.es\/en\/perfil-del-contratante\/\" aria-label=\"Read more about Contractor Profile\">Read more<\/a><\/p>","protected":false},"author":1,"featured_media":0,"parent":0,"menu_order":0,"comment_status":"closed","ping_status":"closed","template":"","meta":{"_acf_changed":false,"footnotes":""},"class_list":["post-13","page","type-page","status-publish"],"acf":[],"yoast_head":"<!-- This site is optimized with the Yoast SEO Premium plugin v22.0 (Yoast SEO v27.3) - https:\/\/yoast.com\/product\/yoast-seo-premium-wordpress\/ -->\n<title>Perfil del Contratante - Sociedad de Promoci\u00f3n y Desarrollo Econ\u00f3mico y Social de La Palma - SODEPAL<\/title>\n<meta name=\"description\" content=\"Informaci\u00f3n legal relativa a la regulaci\u00f3n de los procedimientos de contrataci\u00f3n de Sodepal\" \/>\n<meta name=\"robots\" content=\"noindex, follow\" \/>\n<meta property=\"og:locale\" content=\"en_GB\" \/>\n<meta property=\"og:type\" content=\"article\" \/>\n<meta property=\"og:title\" content=\"Perfil del Contratante\" \/>\n<meta property=\"og:description\" content=\"Informaci\u00f3n legal relativa a la regulaci\u00f3n de los procedimientos de contrataci\u00f3n de Sodepal\" \/>\n<meta property=\"og:url\" content=\"https:\/\/sodepal.es\/en\/perfil-del-contratante\/\" \/>\n<meta property=\"og:site_name\" content=\"Sociedad de Promoci\u00f3n y Desarrollo Econ\u00f3mico y Social de La Palma - SODEPAL\" \/>\n<meta property=\"article:publisher\" content=\"https:\/\/www.facebook.com\/sodepal\" \/>\n<meta property=\"article:modified_time\" content=\"2023-12-11T13:06:00+00:00\" \/>\n<meta property=\"og:image\" content=\"https:\/\/sodepal.es\/wp-content\/uploads\/2023\/04\/sodepal-scaled.jpg\" \/>\n\t<meta property=\"og:image:width\" content=\"2560\" \/>\n\t<meta property=\"og:image:height\" content=\"960\" \/>\n\t<meta property=\"og:image:type\" content=\"image\/jpeg\" \/>\n<meta name=\"twitter:card\" content=\"summary_large_image\" \/>\n<script type=\"application\/ld+json\" class=\"yoast-schema-graph\">{\"@context\":\"https:\\\/\\\/schema.org\",\"@graph\":[{\"@type\":\"WebPage\",\"@id\":\"https:\\\/\\\/sodepal.es\\\/perfil-del-contratante\\\/\",\"url\":\"https:\\\/\\\/sodepal.es\\\/perfil-del-contratante\\\/\",\"name\":\"Perfil del Contratante - Sociedad de Promoci\u00f3n y Desarrollo Econ\u00f3mico y Social de La Palma - SODEPAL\",\"isPartOf\":{\"@id\":\"https:\\\/\\\/sodepal.es\\\/#website\"},\"datePublished\":\"2017-02-13T10:38:13+00:00\",\"dateModified\":\"2023-12-11T13:06:00+00:00\",\"description\":\"Informaci\u00f3n legal relativa a la regulaci\u00f3n de los procedimientos de contrataci\u00f3n de Sodepal\",\"breadcrumb\":{\"@id\":\"https:\\\/\\\/sodepal.es\\\/perfil-del-contratante\\\/#breadcrumb\"},\"inLanguage\":\"en-GB\",\"potentialAction\":[{\"@type\":\"ReadAction\",\"target\":[\"https:\\\/\\\/sodepal.es\\\/perfil-del-contratante\\\/\"]}]},{\"@type\":\"BreadcrumbList\",\"@id\":\"https:\\\/\\\/sodepal.es\\\/perfil-del-contratante\\\/#breadcrumb\",\"itemListElement\":[{\"@type\":\"ListItem\",\"position\":1,\"name\":\"Inicio\",\"item\":\"https:\\\/\\\/sodepal.es\\\/\"},{\"@type\":\"ListItem\",\"position\":2,\"name\":\"Perfil del Contratante\"}]},{\"@type\":\"WebSite\",\"@id\":\"https:\\\/\\\/sodepal.es\\\/#website\",\"url\":\"https:\\\/\\\/sodepal.es\\\/\",\"name\":\"Sodepal\",\"description\":\"SODEPAL es una empresa p\u00fablica dependiente del Cabildo de La Palma. Promoci\u00f3n, Fomento y Desarrollo para la isla de La Palma\",\"publisher\":{\"@id\":\"https:\\\/\\\/sodepal.es\\\/#organization\"},\"alternateName\":\"Sociedad de Promoci\u00f3n y Desarrollo Econ\u00f3mico y Social de La Palma\",\"potentialAction\":[{\"@type\":\"SearchAction\",\"target\":{\"@type\":\"EntryPoint\",\"urlTemplate\":\"https:\\\/\\\/sodepal.es\\\/?s={search_term_string}\"},\"query-input\":{\"@type\":\"PropertyValueSpecification\",\"valueRequired\":true,\"valueName\":\"search_term_string\"}}],\"inLanguage\":\"en-GB\"},{\"@type\":\"Organization\",\"@id\":\"https:\\\/\\\/sodepal.es\\\/#organization\",\"name\":\"Sociedad de Promoci\u00f3n y Desarrollo Econ\u00f3mico y Social de La Palma\",\"alternateName\":\"Sodepal\",\"url\":\"https:\\\/\\\/sodepal.es\\\/\",\"logo\":{\"@type\":\"ImageObject\",\"inLanguage\":\"en-GB\",\"@id\":\"https:\\\/\\\/sodepal.es\\\/#\\\/schema\\\/logo\\\/image\\\/\",\"url\":\"https:\\\/\\\/sodepal.es\\\/wp-content\\\/uploads\\\/2022\\\/09\\\/logo_web.png\",\"contentUrl\":\"https:\\\/\\\/sodepal.es\\\/wp-content\\\/uploads\\\/2022\\\/09\\\/logo_web.png\",\"width\":658,\"height\":156,\"caption\":\"Sociedad de Promoci\u00f3n y Desarrollo Econ\u00f3mico y Social de La Palma\"},\"image\":{\"@id\":\"https:\\\/\\\/sodepal.es\\\/#\\\/schema\\\/logo\\\/image\\\/\"},\"sameAs\":[\"https:\\\/\\\/www.facebook.com\\\/sodepal\",\"https:\\\/\\\/www.instagram.com\\\/sodepallapalma\\\/\"],\"description\":\"Sociedad de Promoci\u00f3n y Desarrollo econ\u00f3mico y Social de La Palma, empresa p\u00fablica dependiente del Cabildo de La Palma\",\"email\":\"info@sodepal.es\",\"telephone\":\"922417323\",\"legalName\":\"Sociedad de Promoci\u00f3n y Desarrollo Econ\u00f3mico de la isla de La Palma S.A.U.\"}]}<\/script>\n<!-- \/ Yoast SEO Premium plugin. -->","yoast_head_json":{"title":"Perfil del Contratante - Sociedad de Promoci\u00f3n y Desarrollo Econ\u00f3mico y Social de La Palma - SODEPAL","description":"Informaci\u00f3n legal relativa a la regulaci\u00f3n de los procedimientos de contrataci\u00f3n de Sodepal","robots":{"index":"noindex","follow":"follow"},"og_locale":"en_GB","og_type":"article","og_title":"Perfil del Contratante","og_description":"Informaci\u00f3n legal relativa a la regulaci\u00f3n de los procedimientos de contrataci\u00f3n de Sodepal","og_url":"https:\/\/sodepal.es\/en\/perfil-del-contratante\/","og_site_name":"Sociedad de Promoci\u00f3n y Desarrollo Econ\u00f3mico y Social de La Palma - SODEPAL","article_publisher":"https:\/\/www.facebook.com\/sodepal","article_modified_time":"2023-12-11T13:06:00+00:00","og_image":[{"width":2560,"height":960,"url":"https:\/\/sodepal.es\/wp-content\/uploads\/2023\/04\/sodepal-scaled.jpg","type":"image\/jpeg"}],"twitter_card":"summary_large_image","schema":{"@context":"https:\/\/schema.org","@graph":[{"@type":"WebPage","@id":"https:\/\/sodepal.es\/perfil-del-contratante\/","url":"https:\/\/sodepal.es\/perfil-del-contratante\/","name":"Perfil del Contratante - Sociedad de Promoci\u00f3n y Desarrollo Econ\u00f3mico y Social de La Palma - SODEPAL","isPartOf":{"@id":"https:\/\/sodepal.es\/#website"},"datePublished":"2017-02-13T10:38:13+00:00","dateModified":"2023-12-11T13:06:00+00:00","description":"Informaci\u00f3n legal relativa a la regulaci\u00f3n de los procedimientos de contrataci\u00f3n de Sodepal","breadcrumb":{"@id":"https:\/\/sodepal.es\/perfil-del-contratante\/#breadcrumb"},"inLanguage":"en-GB","potentialAction":[{"@type":"ReadAction","target":["https:\/\/sodepal.es\/perfil-del-contratante\/"]}]},{"@type":"BreadcrumbList","@id":"https:\/\/sodepal.es\/perfil-del-contratante\/#breadcrumb","itemListElement":[{"@type":"ListItem","position":1,"name":"Inicio","item":"https:\/\/sodepal.es\/"},{"@type":"ListItem","position":2,"name":"Perfil del Contratante"}]},{"@type":"WebSite","@id":"https:\/\/sodepal.es\/#website","url":"https:\/\/sodepal.es\/","name":"Sodepal","description":"SODEPAL es una empresa p\u00fablica dependiente del Cabildo de La Palma. Promoci\u00f3n, Fomento y Desarrollo para la isla de La Palma","publisher":{"@id":"https:\/\/sodepal.es\/#organization"},"alternateName":"Sociedad de Promoci\u00f3n y Desarrollo Econ\u00f3mico y Social de La Palma","potentialAction":[{"@type":"SearchAction","target":{"@type":"EntryPoint","urlTemplate":"https:\/\/sodepal.es\/?s={search_term_string}"},"query-input":{"@type":"PropertyValueSpecification","valueRequired":true,"valueName":"search_term_string"}}],"inLanguage":"en-GB"},{"@type":"Organization","@id":"https:\/\/sodepal.es\/#organization","name":"Sociedad de Promoci\u00f3n y Desarrollo Econ\u00f3mico y Social de La Palma","alternateName":"Sodepal","url":"https:\/\/sodepal.es\/","logo":{"@type":"ImageObject","inLanguage":"en-GB","@id":"https:\/\/sodepal.es\/#\/schema\/logo\/image\/","url":"https:\/\/sodepal.es\/wp-content\/uploads\/2022\/09\/logo_web.png","contentUrl":"https:\/\/sodepal.es\/wp-content\/uploads\/2022\/09\/logo_web.png","width":658,"height":156,"caption":"Sociedad de Promoci\u00f3n y Desarrollo Econ\u00f3mico y Social de La Palma"},"image":{"@id":"https:\/\/sodepal.es\/#\/schema\/logo\/image\/"},"sameAs":["https:\/\/www.facebook.com\/sodepal","https:\/\/www.instagram.com\/sodepallapalma\/"],"description":"Sociedad de Promoci\u00f3n y Desarrollo econ\u00f3mico y Social de La Palma, empresa p\u00fablica dependiente del Cabildo de La Palma","email":"info@sodepal.es","telephone":"922417323","legalName":"Sociedad de Promoci\u00f3n y Desarrollo Econ\u00f3mico de la isla de La Palma S.A.U."}]}},"_links":{"self":[{"href":"https:\/\/sodepal.es\/en\/wp-json\/wp\/v2\/pages\/13","targetHints":{"allow":["GET"]}}],"collection":[{"href":"https:\/\/sodepal.es\/en\/wp-json\/wp\/v2\/pages"}],"about":[{"href":"https:\/\/sodepal.es\/en\/wp-json\/wp\/v2\/types\/page"}],"author":[{"embeddable":true,"href":"https:\/\/sodepal.es\/en\/wp-json\/wp\/v2\/users\/1"}],"replies":[{"embeddable":true,"href":"https:\/\/sodepal.es\/en\/wp-json\/wp\/v2\/comments?post=13"}],"version-history":[{"count":0,"href":"https:\/\/sodepal.es\/en\/wp-json\/wp\/v2\/pages\/13\/revisions"}],"wp:attachment":[{"href":"https:\/\/sodepal.es\/en\/wp-json\/wp\/v2\/media?parent=13"}],"curies":[{"name":"wp","href":"https:\/\/api.w.org\/{rel}","templated":true}]}}