{"id":15776,"date":"2024-05-20T13:35:04","date_gmt":"2024-05-20T13:35:04","guid":{"rendered":"https:\/\/sodepal.es\/?page_id=15776"},"modified":"2024-05-20T13:41:37","modified_gmt":"2024-05-20T13:41:37","slug":"campamento-de-verano","status":"publish","type":"page","link":"https:\/\/sodepal.es\/en\/proyectos\/campamento-de-verano\/","title":{"rendered":"Summer camp"},"content":{"rendered":"<div data-elementor-type=\"wp-page\" data-elementor-id=\"15776\" class=\"elementor elementor-15776\" data-elementor-post-type=\"page\">\n\t\t\t\t\t\t<section class=\"elementor-section elementor-top-section elementor-element elementor-element-ec49900 elementor-section-boxed elementor-section-height-default elementor-section-height-default\" data-id=\"ec49900\" data-element_type=\"section\" data-e-type=\"section\">\n\t\t\t\t\t\t<div class=\"elementor-container elementor-column-gap-default\">\n\t\t\t\t\t<div class=\"elementor-column elementor-col-100 elementor-top-column elementor-element elementor-element-ce8b006\" data-id=\"ce8b006\" data-element_type=\"column\" data-e-type=\"column\">\n\t\t\t<div class=\"elementor-widget-wrap elementor-element-populated\">\n\t\t\t\t\t\t<div class=\"elementor-element elementor-element-6069405 elementor-invisible elementor-widget elementor-widget-image\" data-id=\"6069405\" data-element_type=\"widget\" data-e-type=\"widget\" data-settings=\"{&quot;_animation&quot;:&quot;fadeInUp&quot;}\" data-widget_type=\"image.default\">\n\t\t\t\t<div class=\"elementor-widget-container\">\n\t\t\t\t\t\t\t\t\t\t\t\t\t\t\t<img fetchpriority=\"high\" decoding=\"async\" width=\"800\" height=\"800\" src=\"https:\/\/sodepal.es\/wp-content\/uploads\/2024\/05\/logo_campamento_verano.png\" class=\"attachment-1536x1536 size-1536x1536 wp-image-15778\" alt=\"\" srcset=\"https:\/\/sodepal.es\/wp-content\/uploads\/2024\/05\/logo_campamento_verano.png 800w, https:\/\/sodepal.es\/wp-content\/uploads\/2024\/05\/logo_campamento_verano-300x300.png 300w, https:\/\/sodepal.es\/wp-content\/uploads\/2024\/05\/logo_campamento_verano-150x150.png 150w, https:\/\/sodepal.es\/wp-content\/uploads\/2024\/05\/logo_campamento_verano-768x768.png 768w, https:\/\/sodepal.es\/wp-content\/uploads\/2024\/05\/logo_campamento_verano-12x12.png 12w, https:\/\/sodepal.es\/wp-content\/uploads\/2024\/05\/logo_campamento_verano-700x700.png 700w\" sizes=\"(max-width: 800px) 100vw, 800px\" \/>\t\t\t\t\t\t\t\t\t\t\t\t\t\t\t<\/div>\n\t\t\t\t<\/div>\n\t\t\t\t\t<\/div>\n\t\t<\/div>\n\t\t\t\t\t<\/div>\n\t\t<\/section>\n\t\t\t\t<section class=\"elementor-section elementor-top-section elementor-element elementor-element-f81b45e elementor-section-boxed elementor-section-height-default elementor-section-height-default\" data-id=\"f81b45e\" data-element_type=\"section\" data-e-type=\"section\">\n\t\t\t\t\t\t<div class=\"elementor-container elementor-column-gap-default\">\n\t\t\t\t\t<div class=\"elementor-column elementor-col-100 elementor-top-column elementor-element elementor-element-a344841\" data-id=\"a344841\" data-element_type=\"column\" data-e-type=\"column\">\n\t\t\t<div class=\"elementor-widget-wrap elementor-element-populated\">\n\t\t\t\t\t\t<div class=\"elementor-element elementor-element-0da03d5 elementor-invisible elementor-widget elementor-widget-heading\" data-id=\"0da03d5\" data-element_type=\"widget\" data-e-type=\"widget\" data-settings=\"{&quot;_animation&quot;:&quot;fadeInUp&quot;}\" data-widget_type=\"heading.default\">\n\t\t\t\t<div class=\"elementor-widget-container\">\n\t\t\t\t\t<h2 class=\"elementor-heading-title elementor-size-default\">Summer camp<\/h2>\t\t\t\t<\/div>\n\t\t\t\t<\/div>\n\t\t\t\t<div class=\"elementor-element elementor-element-ece27cb elementor-invisible elementor-widget elementor-widget-text-editor\" data-id=\"ece27cb\" data-element_type=\"widget\" data-e-type=\"widget\" data-settings=\"{&quot;_animation&quot;:&quot;fadeInUp&quot;}\" data-widget_type=\"text-editor.default\">\n\t\t\t\t<div class=\"elementor-widget-container\">\n\t\t\t\t\t\t\t\t\t<p><strong>Summer Camp<\/strong>\u00a0is designed as a space where educational activities and workshops are developed with a playful and dynamic approach that favours the integral development of the children, as they are the real protagonists. In our experience, we believe that the most important thing is that summer camps are not only an entertainment to occupy a free time during the long school holidays, but that they are an ideal complement for the growth and development of children that they will remember for the rest of their lives.<\/p>\t\t\t\t\t\t\t\t<\/div>\n\t\t\t\t<\/div>\n\t\t\t\t\t<\/div>\n\t\t<\/div>\n\t\t\t\t\t<\/div>\n\t\t<\/section>\n\t\t\t\t<\/div>","protected":false},"excerpt":{"rendered":"<p>Summer Camp Summer Camp is conceived as a space where educational activities and workshops are developed with a playful and dynamic approach that favours the integral development of the children, as they are the real protagonists. In our experience, we believe that the most important thing is that summer camps are not just entertainment for the children, but also for the children themselves, as they ... <a title=\"Summer camp\" class=\"read-more\" href=\"https:\/\/sodepal.es\/en\/proyectos\/campamento-de-verano\/\" aria-label=\"Read more about Summer camp\">Read more<\/a><\/p>","protected":false},"author":1,"featured_media":0,"parent":8267,"menu_order":0,"comment_status":"closed","ping_status":"closed","template":"","meta":{"_acf_changed":false,"footnotes":""},"class_list":["post-15776","page","type-page","status-publish"],"acf":[],"yoast_head":"<!-- This site is optimized with the Yoast SEO Premium plugin v22.0 (Yoast SEO v27.3) - https:\/\/yoast.com\/product\/yoast-seo-premium-wordpress\/ -->\n<title>Campamento de verano - Sociedad de Promoci\u00f3n y Desarrollo Econ\u00f3mico y Social de La Palma - SODEPAL<\/title>\n<meta name=\"robots\" content=\"index, follow, max-snippet:-1, max-image-preview:large, max-video-preview:-1\" \/>\n<link rel=\"canonical\" href=\"https:\/\/sodepal.es\/en\/proyectos\/campamento-de-verano\/\" \/>\n<meta property=\"og:locale\" content=\"en_GB\" \/>\n<meta property=\"og:type\" content=\"article\" \/>\n<meta property=\"og:title\" content=\"Campamento de verano\" \/>\n<meta property=\"og:description\" content=\"Campamento de verano Campamento de Verano\u00a0est\u00e1 planteado como un espacio donde se desarrollan actividades y talleres educativos\u00a0con un enfoque l\u00fadico y din\u00e1mico que favorece el desarrollo integral de los\/as menores ya que ellos\/as son\u00a0los\/as verdaderos protagonistas. Por nuestra experiencia, consideramos que lo m\u00e1s importante es que los\u00a0campamentos de verano no sean s\u00f3lo un entretenimiento para ... Read more\" \/>\n<meta property=\"og:url\" content=\"https:\/\/sodepal.es\/en\/proyectos\/campamento-de-verano\/\" \/>\n<meta property=\"og:site_name\" content=\"Sociedad de Promoci\u00f3n y Desarrollo Econ\u00f3mico y Social de La Palma - SODEPAL\" \/>\n<meta property=\"article:publisher\" content=\"https:\/\/www.facebook.com\/sodepal\" \/>\n<meta property=\"article:modified_time\" content=\"2024-05-20T13:41:37+00:00\" \/>\n<meta property=\"og:image\" content=\"https:\/\/sodepal.es\/wp-content\/uploads\/2024\/05\/logo_campamento_verano.png\" \/>\n<meta name=\"twitter:card\" content=\"summary_large_image\" \/>\n<script type=\"application\/ld+json\" class=\"yoast-schema-graph\">{\"@context\":\"https:\\\/\\\/schema.org\",\"@graph\":[{\"@type\":\"WebPage\",\"@id\":\"https:\\\/\\\/sodepal.es\\\/proyectos\\\/campamento-de-verano\\\/\",\"url\":\"https:\\\/\\\/sodepal.es\\\/proyectos\\\/campamento-de-verano\\\/\",\"name\":\"Campamento de verano - Sociedad de Promoci\u00f3n y Desarrollo Econ\u00f3mico y Social de La Palma - SODEPAL\",\"isPartOf\":{\"@id\":\"https:\\\/\\\/sodepal.es\\\/#website\"},\"primaryImageOfPage\":{\"@id\":\"https:\\\/\\\/sodepal.es\\\/proyectos\\\/campamento-de-verano\\\/#primaryimage\"},\"image\":{\"@id\":\"https:\\\/\\\/sodepal.es\\\/proyectos\\\/campamento-de-verano\\\/#primaryimage\"},\"thumbnailUrl\":\"https:\\\/\\\/sodepal.es\\\/wp-content\\\/uploads\\\/2024\\\/05\\\/logo_campamento_verano.png\",\"datePublished\":\"2024-05-20T13:35:04+00:00\",\"dateModified\":\"2024-05-20T13:41:37+00:00\",\"breadcrumb\":{\"@id\":\"https:\\\/\\\/sodepal.es\\\/proyectos\\\/campamento-de-verano\\\/#breadcrumb\"},\"inLanguage\":\"en-GB\",\"potentialAction\":[{\"@type\":\"ReadAction\",\"target\":[\"https:\\\/\\\/sodepal.es\\\/proyectos\\\/campamento-de-verano\\\/\"]}]},{\"@type\":\"ImageObject\",\"inLanguage\":\"en-GB\",\"@id\":\"https:\\\/\\\/sodepal.es\\\/proyectos\\\/campamento-de-verano\\\/#primaryimage\",\"url\":\"https:\\\/\\\/sodepal.es\\\/wp-content\\\/uploads\\\/2024\\\/05\\\/logo_campamento_verano.png\",\"contentUrl\":\"https:\\\/\\\/sodepal.es\\\/wp-content\\\/uploads\\\/2024\\\/05\\\/logo_campamento_verano.png\"},{\"@type\":\"BreadcrumbList\",\"@id\":\"https:\\\/\\\/sodepal.es\\\/proyectos\\\/campamento-de-verano\\\/#breadcrumb\",\"itemListElement\":[{\"@type\":\"ListItem\",\"position\":1,\"name\":\"Inicio\",\"item\":\"https:\\\/\\\/sodepal.es\\\/\"},{\"@type\":\"ListItem\",\"position\":2,\"name\":\"Proyectos\",\"item\":\"https:\\\/\\\/sodepal.es\\\/proyectos\\\/\"},{\"@type\":\"ListItem\",\"position\":3,\"name\":\"Campamento de verano\"}]},{\"@type\":\"WebSite\",\"@id\":\"https:\\\/\\\/sodepal.es\\\/#website\",\"url\":\"https:\\\/\\\/sodepal.es\\\/\",\"name\":\"Sodepal\",\"description\":\"SODEPAL es una empresa p\u00fablica dependiente del Cabildo de La Palma. Promoci\u00f3n, Fomento y Desarrollo para la isla de La Palma\",\"publisher\":{\"@id\":\"https:\\\/\\\/sodepal.es\\\/#organization\"},\"alternateName\":\"Sociedad de Promoci\u00f3n y Desarrollo Econ\u00f3mico y Social de La Palma\",\"potentialAction\":[{\"@type\":\"SearchAction\",\"target\":{\"@type\":\"EntryPoint\",\"urlTemplate\":\"https:\\\/\\\/sodepal.es\\\/?s={search_term_string}\"},\"query-input\":{\"@type\":\"PropertyValueSpecification\",\"valueRequired\":true,\"valueName\":\"search_term_string\"}}],\"inLanguage\":\"en-GB\"},{\"@type\":\"Organization\",\"@id\":\"https:\\\/\\\/sodepal.es\\\/#organization\",\"name\":\"Sociedad de Promoci\u00f3n y Desarrollo Econ\u00f3mico y Social de La Palma\",\"alternateName\":\"Sodepal\",\"url\":\"https:\\\/\\\/sodepal.es\\\/\",\"logo\":{\"@type\":\"ImageObject\",\"inLanguage\":\"en-GB\",\"@id\":\"https:\\\/\\\/sodepal.es\\\/#\\\/schema\\\/logo\\\/image\\\/\",\"url\":\"https:\\\/\\\/sodepal.es\\\/wp-content\\\/uploads\\\/2022\\\/09\\\/logo_web.png\",\"contentUrl\":\"https:\\\/\\\/sodepal.es\\\/wp-content\\\/uploads\\\/2022\\\/09\\\/logo_web.png\",\"width\":658,\"height\":156,\"caption\":\"Sociedad de Promoci\u00f3n y Desarrollo Econ\u00f3mico y Social de La Palma\"},\"image\":{\"@id\":\"https:\\\/\\\/sodepal.es\\\/#\\\/schema\\\/logo\\\/image\\\/\"},\"sameAs\":[\"https:\\\/\\\/www.facebook.com\\\/sodepal\",\"https:\\\/\\\/www.instagram.com\\\/sodepallapalma\\\/\"],\"description\":\"Sociedad de Promoci\u00f3n y Desarrollo econ\u00f3mico y Social de La Palma, empresa p\u00fablica dependiente del Cabildo de La Palma\",\"email\":\"info@sodepal.es\",\"telephone\":\"922417323\",\"legalName\":\"Sociedad de Promoci\u00f3n y Desarrollo Econ\u00f3mico de la isla de La Palma S.A.U.\"}]}<\/script>\n<!-- \/ Yoast SEO Premium plugin. -->","yoast_head_json":{"title":"Campamento de verano - Sociedad de Promoci\u00f3n y Desarrollo Econ\u00f3mico y Social de La Palma - SODEPAL","robots":{"index":"index","follow":"follow","max-snippet":"max-snippet:-1","max-image-preview":"max-image-preview:large","max-video-preview":"max-video-preview:-1"},"canonical":"https:\/\/sodepal.es\/en\/proyectos\/campamento-de-verano\/","og_locale":"en_GB","og_type":"article","og_title":"Campamento de verano","og_description":"Campamento de verano Campamento de Verano\u00a0est\u00e1 planteado como un espacio donde se desarrollan actividades y talleres educativos\u00a0con un enfoque l\u00fadico y din\u00e1mico que favorece el desarrollo integral de los\/as menores ya que ellos\/as son\u00a0los\/as verdaderos protagonistas. Por nuestra experiencia, consideramos que lo m\u00e1s importante es que los\u00a0campamentos de verano no sean s\u00f3lo un entretenimiento para ... Read more","og_url":"https:\/\/sodepal.es\/en\/proyectos\/campamento-de-verano\/","og_site_name":"Sociedad de Promoci\u00f3n y Desarrollo Econ\u00f3mico y Social de La Palma - SODEPAL","article_publisher":"https:\/\/www.facebook.com\/sodepal","article_modified_time":"2024-05-20T13:41:37+00:00","og_image":[{"url":"https:\/\/sodepal.es\/wp-content\/uploads\/2024\/05\/logo_campamento_verano.png","type":"","width":"","height":""}],"twitter_card":"summary_large_image","schema":{"@context":"https:\/\/schema.org","@graph":[{"@type":"WebPage","@id":"https:\/\/sodepal.es\/proyectos\/campamento-de-verano\/","url":"https:\/\/sodepal.es\/proyectos\/campamento-de-verano\/","name":"Campamento de verano - Sociedad de Promoci\u00f3n y Desarrollo Econ\u00f3mico y Social de La Palma - SODEPAL","isPartOf":{"@id":"https:\/\/sodepal.es\/#website"},"primaryImageOfPage":{"@id":"https:\/\/sodepal.es\/proyectos\/campamento-de-verano\/#primaryimage"},"image":{"@id":"https:\/\/sodepal.es\/proyectos\/campamento-de-verano\/#primaryimage"},"thumbnailUrl":"https:\/\/sodepal.es\/wp-content\/uploads\/2024\/05\/logo_campamento_verano.png","datePublished":"2024-05-20T13:35:04+00:00","dateModified":"2024-05-20T13:41:37+00:00","breadcrumb":{"@id":"https:\/\/sodepal.es\/proyectos\/campamento-de-verano\/#breadcrumb"},"inLanguage":"en-GB","potentialAction":[{"@type":"ReadAction","target":["https:\/\/sodepal.es\/proyectos\/campamento-de-verano\/"]}]},{"@type":"ImageObject","inLanguage":"en-GB","@id":"https:\/\/sodepal.es\/proyectos\/campamento-de-verano\/#primaryimage","url":"https:\/\/sodepal.es\/wp-content\/uploads\/2024\/05\/logo_campamento_verano.png","contentUrl":"https:\/\/sodepal.es\/wp-content\/uploads\/2024\/05\/logo_campamento_verano.png"},{"@type":"BreadcrumbList","@id":"https:\/\/sodepal.es\/proyectos\/campamento-de-verano\/#breadcrumb","itemListElement":[{"@type":"ListItem","position":1,"name":"Inicio","item":"https:\/\/sodepal.es\/"},{"@type":"ListItem","position":2,"name":"Proyectos","item":"https:\/\/sodepal.es\/proyectos\/"},{"@type":"ListItem","position":3,"name":"Campamento de verano"}]},{"@type":"WebSite","@id":"https:\/\/sodepal.es\/#website","url":"https:\/\/sodepal.es\/","name":"Sodepal","description":"SODEPAL es una empresa p\u00fablica dependiente del Cabildo de La Palma. Promoci\u00f3n, Fomento y Desarrollo para la isla de La Palma","publisher":{"@id":"https:\/\/sodepal.es\/#organization"},"alternateName":"Sociedad de Promoci\u00f3n y Desarrollo Econ\u00f3mico y Social de La Palma","potentialAction":[{"@type":"SearchAction","target":{"@type":"EntryPoint","urlTemplate":"https:\/\/sodepal.es\/?s={search_term_string}"},"query-input":{"@type":"PropertyValueSpecification","valueRequired":true,"valueName":"search_term_string"}}],"inLanguage":"en-GB"},{"@type":"Organization","@id":"https:\/\/sodepal.es\/#organization","name":"Sociedad de Promoci\u00f3n y Desarrollo Econ\u00f3mico y Social de La Palma","alternateName":"Sodepal","url":"https:\/\/sodepal.es\/","logo":{"@type":"ImageObject","inLanguage":"en-GB","@id":"https:\/\/sodepal.es\/#\/schema\/logo\/image\/","url":"https:\/\/sodepal.es\/wp-content\/uploads\/2022\/09\/logo_web.png","contentUrl":"https:\/\/sodepal.es\/wp-content\/uploads\/2022\/09\/logo_web.png","width":658,"height":156,"caption":"Sociedad de Promoci\u00f3n y Desarrollo Econ\u00f3mico y Social de La Palma"},"image":{"@id":"https:\/\/sodepal.es\/#\/schema\/logo\/image\/"},"sameAs":["https:\/\/www.facebook.com\/sodepal","https:\/\/www.instagram.com\/sodepallapalma\/"],"description":"Sociedad de Promoci\u00f3n y Desarrollo econ\u00f3mico y Social de La Palma, empresa p\u00fablica dependiente del Cabildo de La Palma","email":"info@sodepal.es","telephone":"922417323","legalName":"Sociedad de Promoci\u00f3n y Desarrollo Econ\u00f3mico de la isla de La Palma S.A.U."}]}},"_links":{"self":[{"href":"https:\/\/sodepal.es\/en\/wp-json\/wp\/v2\/pages\/15776","targetHints":{"allow":["GET"]}}],"collection":[{"href":"https:\/\/sodepal.es\/en\/wp-json\/wp\/v2\/pages"}],"about":[{"href":"https:\/\/sodepal.es\/en\/wp-json\/wp\/v2\/types\/page"}],"author":[{"embeddable":true,"href":"https:\/\/sodepal.es\/en\/wp-json\/wp\/v2\/users\/1"}],"replies":[{"embeddable":true,"href":"https:\/\/sodepal.es\/en\/wp-json\/wp\/v2\/comments?post=15776"}],"version-history":[{"count":0,"href":"https:\/\/sodepal.es\/en\/wp-json\/wp\/v2\/pages\/15776\/revisions"}],"up":[{"embeddable":true,"href":"https:\/\/sodepal.es\/en\/wp-json\/wp\/v2\/pages\/8267"}],"wp:attachment":[{"href":"https:\/\/sodepal.es\/en\/wp-json\/wp\/v2\/media?parent=15776"}],"curies":[{"name":"wp","href":"https:\/\/api.w.org\/{rel}","templated":true}]}}