{"id":21932,"date":"2024-11-08T15:04:17","date_gmt":"2024-11-08T15:04:17","guid":{"rendered":"https:\/\/sodepal.es\/?page_id=21932"},"modified":"2024-12-02T10:32:53","modified_gmt":"2024-12-02T10:32:53","slug":"santa-cruz-shopping-day","status":"publish","type":"page","link":"https:\/\/sodepal.es\/en\/santa-cruz-shopping-day\/","title":{"rendered":"Santa Cruz Shopping Day"},"content":{"rendered":"<div data-elementor-type=\"wp-page\" data-elementor-id=\"21932\" class=\"elementor elementor-21932\" data-elementor-post-type=\"page\">\n\t\t\t\t\t\t<section class=\"elementor-section elementor-top-section elementor-element elementor-element-bed4c1e elementor-section-content-middle elementor-section-boxed elementor-section-height-default elementor-section-height-default elementor-invisible\" data-id=\"bed4c1e\" data-element_type=\"section\" data-e-type=\"section\" data-settings=\"{&quot;animation&quot;:&quot;fadeIn&quot;,&quot;background_background&quot;:&quot;classic&quot;}\">\n\t\t\t\t\t\t<div class=\"elementor-container elementor-column-gap-no\">\n\t\t\t\t\t<div class=\"elementor-column elementor-col-100 elementor-top-column elementor-element elementor-element-6e4068a\" data-id=\"6e4068a\" data-element_type=\"column\" data-e-type=\"column\">\n\t\t\t<div class=\"elementor-widget-wrap elementor-element-populated\">\n\t\t\t\t\t\t<div class=\"elementor-element elementor-element-2c188bf elementor-invisible elementor-widget elementor-widget-image\" data-id=\"2c188bf\" data-element_type=\"widget\" data-e-type=\"widget\" data-settings=\"{&quot;_animation&quot;:&quot;fadeInUp&quot;}\" data-widget_type=\"image.default\">\n\t\t\t\t<div class=\"elementor-widget-container\">\n\t\t\t\t\t\t\t\t\t\t\t\t\t\t\t<img fetchpriority=\"high\" decoding=\"async\" width=\"1900\" height=\"624\" src=\"https:\/\/sodepal.es\/wp-content\/uploads\/2024\/11\/shooping_day.jpg\" class=\"attachment-full size-full wp-image-21934\" alt=\"\" srcset=\"https:\/\/sodepal.es\/wp-content\/uploads\/2024\/11\/shooping_day.jpg 1900w, https:\/\/sodepal.es\/wp-content\/uploads\/2024\/11\/shooping_day-300x99.jpg 300w, https:\/\/sodepal.es\/wp-content\/uploads\/2024\/11\/shooping_day-1024x336.jpg 1024w, https:\/\/sodepal.es\/wp-content\/uploads\/2024\/11\/shooping_day-768x252.jpg 768w, https:\/\/sodepal.es\/wp-content\/uploads\/2024\/11\/shooping_day-1536x504.jpg 1536w, https:\/\/sodepal.es\/wp-content\/uploads\/2024\/11\/shooping_day-18x6.jpg 18w\" sizes=\"(max-width: 1900px) 100vw, 1900px\" \/>\t\t\t\t\t\t\t\t\t\t\t\t\t\t\t<\/div>\n\t\t\t\t<\/div>\n\t\t\t\t<div class=\"elementor-element elementor-element-b1e6d06 elementor-invisible elementor-widget elementor-widget-heading\" data-id=\"b1e6d06\" data-element_type=\"widget\" data-e-type=\"widget\" data-settings=\"{&quot;_animation&quot;:&quot;fadeInUp&quot;}\" data-widget_type=\"heading.default\">\n\t\t\t\t<div class=\"elementor-widget-container\">\n\t\t\t\t\t<h2 class=\"elementor-heading-title elementor-size-default\">Programme<\/h2>\t\t\t\t<\/div>\n\t\t\t\t<\/div>\n\t\t\t\t<div class=\"elementor-element elementor-element-c4d61e5 elementor-widget elementor-widget-image\" data-id=\"c4d61e5\" data-element_type=\"widget\" data-e-type=\"widget\" data-widget_type=\"image.default\">\n\t\t\t\t<div class=\"elementor-widget-container\">\n\t\t\t\t\t\t\t\t\t\t\t\t\t\t\t\t<a href=\"https:\/\/sodepal.es\/wp-content\/uploads\/2024\/12\/Programa_Shooping_Day.jpeg\" data-elementor-open-lightbox=\"yes\" data-elementor-lightbox-title=\"Programa_Shooping_Day\" data-e-action-hash=\"#elementor-action%3Aaction%3Dlightbox%26settings%3DeyJpZCI6MjI1OTUsInVybCI6Imh0dHBzOlwvXC9zb2RlcGFsLmVzXC93cC1jb250ZW50XC91cGxvYWRzXC8yMDI0XC8xMlwvUHJvZ3JhbWFfU2hvb3BpbmdfRGF5LmpwZWcifQ%3D%3D\">\n\t\t\t\t\t\t\t<img decoding=\"async\" width=\"573\" height=\"1024\" src=\"https:\/\/sodepal.es\/wp-content\/uploads\/2024\/12\/Programa_Shooping_Day-573x1024.jpeg\" class=\"attachment-large size-large wp-image-22595\" alt=\"\" srcset=\"https:\/\/sodepal.es\/wp-content\/uploads\/2024\/12\/Programa_Shooping_Day-573x1024.jpeg 573w, https:\/\/sodepal.es\/wp-content\/uploads\/2024\/12\/Programa_Shooping_Day-168x300.jpeg 168w, https:\/\/sodepal.es\/wp-content\/uploads\/2024\/12\/Programa_Shooping_Day-430x768.jpeg 430w, https:\/\/sodepal.es\/wp-content\/uploads\/2024\/12\/Programa_Shooping_Day-859x1536.jpeg 859w, https:\/\/sodepal.es\/wp-content\/uploads\/2024\/12\/Programa_Shooping_Day-7x12.jpeg 7w, https:\/\/sodepal.es\/wp-content\/uploads\/2024\/12\/Programa_Shooping_Day.jpeg 895w\" sizes=\"(max-width: 573px) 100vw, 573px\" \/>\t\t\t\t\t\t\t\t<\/a>\n\t\t\t\t\t\t\t\t\t\t\t\t\t\t\t<\/div>\n\t\t\t\t<\/div>\n\t\t\t\t<div class=\"elementor-element elementor-element-de34e21 elementor-invisible elementor-widget elementor-widget-heading\" data-id=\"de34e21\" data-element_type=\"widget\" data-e-type=\"widget\" data-settings=\"{&quot;_animation&quot;:&quot;fadeInUp&quot;}\" data-widget_type=\"heading.default\">\n\t\t\t\t<div class=\"elementor-widget-container\">\n\t\t\t\t\t<h2 class=\"elementor-heading-title elementor-size-default\">Participation form<\/h2>\t\t\t\t<\/div>\n\t\t\t\t<\/div>\n\t\t\t\t<div class=\"elementor-element elementor-element-6162d53 elementor-invisible elementor-widget elementor-widget-heading\" data-id=\"6162d53\" data-element_type=\"widget\" data-e-type=\"widget\" data-settings=\"{&quot;_animation&quot;:&quot;fadeInUp&quot;}\" data-widget_type=\"heading.default\">\n\t\t\t\t<div class=\"elementor-widget-container\">\n\t\t\t\t\t<h2 class=\"elementor-heading-title elementor-size-default\">Registration closed<\/h2>\t\t\t\t<\/div>\n\t\t\t\t<\/div>\n\t\t\t\t<div class=\"elementor-element elementor-element-dd4973c elementor-invisible elementor-widget elementor-widget-image\" data-id=\"dd4973c\" data-element_type=\"widget\" data-e-type=\"widget\" data-settings=\"{&quot;_animation&quot;:&quot;fadeInUp&quot;}\" data-widget_type=\"image.default\">\n\t\t\t\t<div class=\"elementor-widget-container\">\n\t\t\t\t\t\t\t\t\t\t\t\t\t\t\t<img decoding=\"async\" width=\"1639\" height=\"166\" src=\"https:\/\/sodepal.es\/wp-content\/uploads\/2024\/11\/logos_shooping_day.png\" class=\"attachment-full size-full wp-image-21936\" alt=\"\" srcset=\"https:\/\/sodepal.es\/wp-content\/uploads\/2024\/11\/logos_shooping_day.png 1639w, https:\/\/sodepal.es\/wp-content\/uploads\/2024\/11\/logos_shooping_day-300x30.png 300w, https:\/\/sodepal.es\/wp-content\/uploads\/2024\/11\/logos_shooping_day-1024x104.png 1024w, https:\/\/sodepal.es\/wp-content\/uploads\/2024\/11\/logos_shooping_day-768x78.png 768w, https:\/\/sodepal.es\/wp-content\/uploads\/2024\/11\/logos_shooping_day-1536x156.png 1536w, https:\/\/sodepal.es\/wp-content\/uploads\/2024\/11\/logos_shooping_day-18x2.png 18w\" sizes=\"(max-width: 1639px) 100vw, 1639px\" \/>\t\t\t\t\t\t\t\t\t\t\t\t\t\t\t<\/div>\n\t\t\t\t<\/div>\n\t\t\t\t\t<\/div>\n\t\t<\/div>\n\t\t\t\t\t<\/div>\n\t\t<\/section>\n\t\t\t\t<\/div>","protected":false},"excerpt":{"rendered":"<p>Programme Participation form Registration closed<\/p>","protected":false},"author":1,"featured_media":0,"parent":0,"menu_order":0,"comment_status":"closed","ping_status":"closed","template":"","meta":{"_acf_changed":false,"footnotes":""},"class_list":["post-21932","page","type-page","status-publish"],"acf":[],"yoast_head":"<!-- This site is optimized with the Yoast SEO Premium plugin v22.0 (Yoast SEO v27.2) - https:\/\/yoast.com\/product\/yoast-seo-premium-wordpress\/ -->\n<title>Santa Cruz Shopping Day - Sociedad de Promoci\u00f3n y Desarrollo Econ\u00f3mico y Social de La Palma - SODEPAL<\/title>\n<meta name=\"description\" content=\"Santa Cruz Shooping Day, actividad promovida con el Cabildo de La Palma y organizada por Sodepal\" \/>\n<meta name=\"robots\" content=\"index, follow, max-snippet:-1, max-image-preview:large, max-video-preview:-1\" \/>\n<link rel=\"canonical\" href=\"https:\/\/sodepal.es\/en\/santa-cruz-shopping-day\/\" \/>\n<meta property=\"og:locale\" content=\"en_GB\" \/>\n<meta property=\"og:type\" content=\"article\" \/>\n<meta property=\"og:title\" content=\"Santa Cruz Shopping Day\" \/>\n<meta property=\"og:description\" content=\"Santa Cruz Shooping Day, actividad promovida por el Cabildo de La Palma y organizada por Sodepal\" \/>\n<meta property=\"og:url\" content=\"https:\/\/sodepal.es\/en\/santa-cruz-shopping-day\/\" \/>\n<meta property=\"og:site_name\" content=\"Sociedad de Promoci\u00f3n y Desarrollo Econ\u00f3mico y Social de La Palma - SODEPAL\" \/>\n<meta property=\"article:publisher\" content=\"https:\/\/www.facebook.com\/sodepal\" \/>\n<meta property=\"article:modified_time\" content=\"2024-12-02T10:32:53+00:00\" \/>\n<meta property=\"og:image\" content=\"https:\/\/sodepal.es\/wp-content\/uploads\/2024\/11\/shooping_day.jpg\" \/>\n\t<meta property=\"og:image:width\" content=\"1900\" \/>\n\t<meta property=\"og:image:height\" content=\"624\" \/>\n\t<meta property=\"og:image:type\" content=\"image\/jpeg\" \/>\n<meta name=\"twitter:card\" content=\"summary_large_image\" \/>\n<meta name=\"twitter:description\" content=\"Santa Cruz Shooping Day, actividad promovida por el Cabildo de La Palma y organizada por Sodepal\" \/>\n<script type=\"application\/ld+json\" class=\"yoast-schema-graph\">{\"@context\":\"https:\/\/schema.org\",\"@graph\":[{\"@type\":\"WebPage\",\"@id\":\"https:\/\/sodepal.es\/santa-cruz-shopping-day\/\",\"url\":\"https:\/\/sodepal.es\/santa-cruz-shopping-day\/\",\"name\":\"Santa Cruz Shopping Day - Sociedad de Promoci\u00f3n y Desarrollo Econ\u00f3mico y Social de La Palma - SODEPAL\",\"isPartOf\":{\"@id\":\"https:\/\/sodepal.es\/#website\"},\"primaryImageOfPage\":{\"@id\":\"https:\/\/sodepal.es\/santa-cruz-shopping-day\/#primaryimage\"},\"image\":{\"@id\":\"https:\/\/sodepal.es\/santa-cruz-shopping-day\/#primaryimage\"},\"thumbnailUrl\":\"https:\/\/sodepal.es\/wp-content\/uploads\/2024\/11\/shooping_day.jpg\",\"datePublished\":\"2024-11-08T15:04:17+00:00\",\"dateModified\":\"2024-12-02T10:32:53+00:00\",\"description\":\"Santa Cruz Shooping Day, actividad promovida con el Cabildo de La Palma y organizada por Sodepal\",\"breadcrumb\":{\"@id\":\"https:\/\/sodepal.es\/santa-cruz-shopping-day\/#breadcrumb\"},\"inLanguage\":\"en-GB\",\"potentialAction\":[{\"@type\":\"ReadAction\",\"target\":[\"https:\/\/sodepal.es\/santa-cruz-shopping-day\/\"]}]},{\"@type\":\"ImageObject\",\"inLanguage\":\"en-GB\",\"@id\":\"https:\/\/sodepal.es\/santa-cruz-shopping-day\/#primaryimage\",\"url\":\"https:\/\/sodepal.es\/wp-content\/uploads\/2024\/11\/shooping_day.jpg\",\"contentUrl\":\"https:\/\/sodepal.es\/wp-content\/uploads\/2024\/11\/shooping_day.jpg\"},{\"@type\":\"BreadcrumbList\",\"@id\":\"https:\/\/sodepal.es\/santa-cruz-shopping-day\/#breadcrumb\",\"itemListElement\":[{\"@type\":\"ListItem\",\"position\":1,\"name\":\"Inicio\",\"item\":\"https:\/\/sodepal.es\/\"},{\"@type\":\"ListItem\",\"position\":2,\"name\":\"Santa Cruz Shopping Day\"}]},{\"@type\":\"WebSite\",\"@id\":\"https:\/\/sodepal.es\/#website\",\"url\":\"https:\/\/sodepal.es\/\",\"name\":\"Sodepal\",\"description\":\"SODEPAL es una empresa p\u00fablica dependiente del Cabildo de La Palma. Promoci\u00f3n, Fomento y Desarrollo para la isla de La Palma\",\"publisher\":{\"@id\":\"https:\/\/sodepal.es\/#organization\"},\"alternateName\":\"Sociedad de Promoci\u00f3n y Desarrollo Econ\u00f3mico y Social de La Palma\",\"potentialAction\":[{\"@type\":\"SearchAction\",\"target\":{\"@type\":\"EntryPoint\",\"urlTemplate\":\"https:\/\/sodepal.es\/?s={search_term_string}\"},\"query-input\":{\"@type\":\"PropertyValueSpecification\",\"valueRequired\":true,\"valueName\":\"search_term_string\"}}],\"inLanguage\":\"en-GB\"},{\"@type\":\"Organization\",\"@id\":\"https:\/\/sodepal.es\/#organization\",\"name\":\"Sociedad de Promoci\u00f3n y Desarrollo Econ\u00f3mico y Social de La Palma\",\"alternateName\":\"Sodepal\",\"url\":\"https:\/\/sodepal.es\/\",\"logo\":{\"@type\":\"ImageObject\",\"inLanguage\":\"en-GB\",\"@id\":\"https:\/\/sodepal.es\/#\/schema\/logo\/image\/\",\"url\":\"https:\/\/sodepal.es\/wp-content\/uploads\/2022\/09\/logo_web.png\",\"contentUrl\":\"https:\/\/sodepal.es\/wp-content\/uploads\/2022\/09\/logo_web.png\",\"width\":658,\"height\":156,\"caption\":\"Sociedad de Promoci\u00f3n y Desarrollo Econ\u00f3mico y Social de La Palma\"},\"image\":{\"@id\":\"https:\/\/sodepal.es\/#\/schema\/logo\/image\/\"},\"sameAs\":[\"https:\/\/www.facebook.com\/sodepal\",\"https:\/\/www.instagram.com\/sodepallapalma\/\"],\"description\":\"Sociedad de Promoci\u00f3n y Desarrollo econ\u00f3mico y Social de La Palma, empresa p\u00fablica dependiente del Cabildo de La Palma\",\"email\":\"info@sodepal.es\",\"telephone\":\"922417323\",\"legalName\":\"Sociedad de Promoci\u00f3n y Desarrollo Econ\u00f3mico de la isla de La Palma S.A.U.\"}]}<\/script>\n<!-- \/ Yoast SEO Premium plugin. -->","yoast_head_json":{"title":"Santa Cruz Shopping Day - Sociedad de Promoci\u00f3n y Desarrollo Econ\u00f3mico y Social de La Palma - SODEPAL","description":"Santa Cruz Shooping Day, actividad promovida con el Cabildo de La Palma y organizada por Sodepal","robots":{"index":"index","follow":"follow","max-snippet":"max-snippet:-1","max-image-preview":"max-image-preview:large","max-video-preview":"max-video-preview:-1"},"canonical":"https:\/\/sodepal.es\/en\/santa-cruz-shopping-day\/","og_locale":"en_GB","og_type":"article","og_title":"Santa Cruz Shopping Day","og_description":"Santa Cruz Shooping Day, actividad promovida por el Cabildo de La Palma y organizada por Sodepal","og_url":"https:\/\/sodepal.es\/en\/santa-cruz-shopping-day\/","og_site_name":"Sociedad de Promoci\u00f3n y Desarrollo Econ\u00f3mico y Social de La Palma - SODEPAL","article_publisher":"https:\/\/www.facebook.com\/sodepal","article_modified_time":"2024-12-02T10:32:53+00:00","og_image":[{"width":1900,"height":624,"url":"https:\/\/sodepal.es\/wp-content\/uploads\/2024\/11\/shooping_day.jpg","type":"image\/jpeg"}],"twitter_card":"summary_large_image","twitter_description":"Santa Cruz Shooping Day, actividad promovida por el Cabildo de La Palma y organizada por Sodepal","schema":{"@context":"https:\/\/schema.org","@graph":[{"@type":"WebPage","@id":"https:\/\/sodepal.es\/santa-cruz-shopping-day\/","url":"https:\/\/sodepal.es\/santa-cruz-shopping-day\/","name":"Santa Cruz Shopping Day - Sociedad de Promoci\u00f3n y Desarrollo Econ\u00f3mico y Social de La Palma - SODEPAL","isPartOf":{"@id":"https:\/\/sodepal.es\/#website"},"primaryImageOfPage":{"@id":"https:\/\/sodepal.es\/santa-cruz-shopping-day\/#primaryimage"},"image":{"@id":"https:\/\/sodepal.es\/santa-cruz-shopping-day\/#primaryimage"},"thumbnailUrl":"https:\/\/sodepal.es\/wp-content\/uploads\/2024\/11\/shooping_day.jpg","datePublished":"2024-11-08T15:04:17+00:00","dateModified":"2024-12-02T10:32:53+00:00","description":"Santa Cruz Shooping Day, actividad promovida con el Cabildo de La Palma y organizada por Sodepal","breadcrumb":{"@id":"https:\/\/sodepal.es\/santa-cruz-shopping-day\/#breadcrumb"},"inLanguage":"en-GB","potentialAction":[{"@type":"ReadAction","target":["https:\/\/sodepal.es\/santa-cruz-shopping-day\/"]}]},{"@type":"ImageObject","inLanguage":"en-GB","@id":"https:\/\/sodepal.es\/santa-cruz-shopping-day\/#primaryimage","url":"https:\/\/sodepal.es\/wp-content\/uploads\/2024\/11\/shooping_day.jpg","contentUrl":"https:\/\/sodepal.es\/wp-content\/uploads\/2024\/11\/shooping_day.jpg"},{"@type":"BreadcrumbList","@id":"https:\/\/sodepal.es\/santa-cruz-shopping-day\/#breadcrumb","itemListElement":[{"@type":"ListItem","position":1,"name":"Inicio","item":"https:\/\/sodepal.es\/"},{"@type":"ListItem","position":2,"name":"Santa Cruz Shopping Day"}]},{"@type":"WebSite","@id":"https:\/\/sodepal.es\/#website","url":"https:\/\/sodepal.es\/","name":"Sodepal","description":"SODEPAL es una empresa p\u00fablica dependiente del Cabildo de La Palma. Promoci\u00f3n, Fomento y Desarrollo para la isla de La Palma","publisher":{"@id":"https:\/\/sodepal.es\/#organization"},"alternateName":"Sociedad de Promoci\u00f3n y Desarrollo Econ\u00f3mico y Social de La Palma","potentialAction":[{"@type":"SearchAction","target":{"@type":"EntryPoint","urlTemplate":"https:\/\/sodepal.es\/?s={search_term_string}"},"query-input":{"@type":"PropertyValueSpecification","valueRequired":true,"valueName":"search_term_string"}}],"inLanguage":"en-GB"},{"@type":"Organization","@id":"https:\/\/sodepal.es\/#organization","name":"Sociedad de Promoci\u00f3n y Desarrollo Econ\u00f3mico y Social de La Palma","alternateName":"Sodepal","url":"https:\/\/sodepal.es\/","logo":{"@type":"ImageObject","inLanguage":"en-GB","@id":"https:\/\/sodepal.es\/#\/schema\/logo\/image\/","url":"https:\/\/sodepal.es\/wp-content\/uploads\/2022\/09\/logo_web.png","contentUrl":"https:\/\/sodepal.es\/wp-content\/uploads\/2022\/09\/logo_web.png","width":658,"height":156,"caption":"Sociedad de Promoci\u00f3n y Desarrollo Econ\u00f3mico y Social de La Palma"},"image":{"@id":"https:\/\/sodepal.es\/#\/schema\/logo\/image\/"},"sameAs":["https:\/\/www.facebook.com\/sodepal","https:\/\/www.instagram.com\/sodepallapalma\/"],"description":"Sociedad de Promoci\u00f3n y Desarrollo econ\u00f3mico y Social de La Palma, empresa p\u00fablica dependiente del Cabildo de La Palma","email":"info@sodepal.es","telephone":"922417323","legalName":"Sociedad de Promoci\u00f3n y Desarrollo Econ\u00f3mico de la isla de La Palma S.A.U."}]}},"_links":{"self":[{"href":"https:\/\/sodepal.es\/en\/wp-json\/wp\/v2\/pages\/21932","targetHints":{"allow":["GET"]}}],"collection":[{"href":"https:\/\/sodepal.es\/en\/wp-json\/wp\/v2\/pages"}],"about":[{"href":"https:\/\/sodepal.es\/en\/wp-json\/wp\/v2\/types\/page"}],"author":[{"embeddable":true,"href":"https:\/\/sodepal.es\/en\/wp-json\/wp\/v2\/users\/1"}],"replies":[{"embeddable":true,"href":"https:\/\/sodepal.es\/en\/wp-json\/wp\/v2\/comments?post=21932"}],"version-history":[{"count":0,"href":"https:\/\/sodepal.es\/en\/wp-json\/wp\/v2\/pages\/21932\/revisions"}],"wp:attachment":[{"href":"https:\/\/sodepal.es\/en\/wp-json\/wp\/v2\/media?parent=21932"}],"curies":[{"name":"wp","href":"https:\/\/api.w.org\/{rel}","templated":true}]}}