{"id":21975,"date":"2024-11-08T21:24:29","date_gmt":"2024-11-08T21:24:29","guid":{"rendered":"https:\/\/sodepal.es\/?page_id=21975"},"modified":"2025-05-15T19:49:28","modified_gmt":"2025-05-15T19:49:28","slug":"el-tarjetazo-14-la-ruta-que-multiplica-tus-compras","status":"publish","type":"page","link":"https:\/\/sodepal.es\/en\/el-tarjetazo-14-la-ruta-que-multiplica-tus-compras\/","title":{"rendered":"El tarjetazo +14, the route that multiplies your purchases"},"content":{"rendered":"<div data-elementor-type=\"wp-page\" data-elementor-id=\"21975\" class=\"elementor elementor-21975\" data-elementor-post-type=\"page\">\n\t\t\t\t\t\t<section class=\"elementor-section elementor-top-section elementor-element elementor-element-bed4c1e elementor-section-content-middle elementor-section-boxed elementor-section-height-default elementor-section-height-default elementor-invisible\" data-id=\"bed4c1e\" data-element_type=\"section\" data-e-type=\"section\" data-settings=\"{&quot;animation&quot;:&quot;fadeIn&quot;,&quot;background_background&quot;:&quot;classic&quot;}\">\n\t\t\t\t\t\t<div class=\"elementor-container elementor-column-gap-no\">\n\t\t\t\t\t<div class=\"elementor-column elementor-col-100 elementor-top-column elementor-element elementor-element-6e4068a\" data-id=\"6e4068a\" data-element_type=\"column\" data-e-type=\"column\">\n\t\t\t<div class=\"elementor-widget-wrap elementor-element-populated\">\n\t\t\t\t\t\t<div class=\"elementor-element elementor-element-1bec4cd elementor-widget elementor-widget-image\" data-id=\"1bec4cd\" data-element_type=\"widget\" data-e-type=\"widget\" data-widget_type=\"image.default\">\n\t\t\t\t<div class=\"elementor-widget-container\">\n\t\t\t\t\t\t\t\t\t\t\t\t\t\t\t<img fetchpriority=\"high\" decoding=\"async\" width=\"717\" height=\"1024\" src=\"https:\/\/sodepal.es\/wp-content\/uploads\/2025\/04\/Cartel_ElTarjetazo-717x1024.jpg\" class=\"attachment-large size-large wp-image-23493\" alt=\"\" srcset=\"https:\/\/sodepal.es\/wp-content\/uploads\/2025\/04\/Cartel_ElTarjetazo-717x1024.jpg 717w, https:\/\/sodepal.es\/wp-content\/uploads\/2025\/04\/Cartel_ElTarjetazo-210x300.jpg 210w, https:\/\/sodepal.es\/wp-content\/uploads\/2025\/04\/Cartel_ElTarjetazo-538x768.jpg 538w, https:\/\/sodepal.es\/wp-content\/uploads\/2025\/04\/Cartel_ElTarjetazo-1075x1536.jpg 1075w, https:\/\/sodepal.es\/wp-content\/uploads\/2025\/04\/Cartel_ElTarjetazo-8x12.jpg 8w, https:\/\/sodepal.es\/wp-content\/uploads\/2025\/04\/Cartel_ElTarjetazo.jpg 1400w\" sizes=\"(max-width: 717px) 100vw, 717px\" \/>\t\t\t\t\t\t\t\t\t\t\t\t\t\t\t<\/div>\n\t\t\t\t<\/div>\n\t\t\t\t<div class=\"elementor-element elementor-element-a415b60 elementor-widget elementor-widget-eael-creative-button\" data-id=\"a415b60\" data-element_type=\"widget\" data-e-type=\"widget\" data-widget_type=\"eael-creative-button.default\">\n\t\t\t\t<div class=\"elementor-widget-container\">\n\t\t\t\t\t        <div class=\"eael-creative-button-wrapper\">\n\n            <a class=\"eael-creative-button eael-creative-button--ujarak\" href=\"https:\/\/sodepal.es\/wp-content\/uploads\/2025\/04\/Bases_Campana_Tarjetazo_plus_14.pdf\" target=\"_blank\" data-text=\"Bases de participaci\u00f3n\">\n            \t    \n                <div class=\"creative-button-inner\">\n\n                                            <span class=\"eael-creative-button-icon-left\"><i aria-hidden=\"true\" class=\"fas fa-plus\"><\/i><\/span>                    \n                    <span class=\"cretive-button-text\">Rules for participation<\/span>\n\n                                    <\/div>\n\t                        <\/a>\n        <\/div>\n        \t\t\t\t<\/div>\n\t\t\t\t<\/div>\n\t\t\t\t<div class=\"elementor-element elementor-element-e3fc698 elementor-widget-divider--view-line elementor-widget elementor-widget-divider\" data-id=\"e3fc698\" data-element_type=\"widget\" data-e-type=\"widget\" data-widget_type=\"divider.default\">\n\t\t\t\t<div class=\"elementor-widget-container\">\n\t\t\t\t\t\t\t<div class=\"elementor-divider\">\n\t\t\t<span class=\"elementor-divider-separator\">\n\t\t\t\t\t\t<\/span>\n\t\t<\/div>\n\t\t\t\t\t\t<\/div>\n\t\t\t\t<\/div>\n\t\t\t\t<div class=\"elementor-element elementor-element-df548c0 elementor-widget elementor-widget-heading\" data-id=\"df548c0\" data-element_type=\"widget\" data-e-type=\"widget\" data-widget_type=\"heading.default\">\n\t\t\t\t<div class=\"elementor-widget-container\">\n\t\t\t\t\t<h2 class=\"elementor-heading-title elementor-size-default\">Registration closed<\/h2>\t\t\t\t<\/div>\n\t\t\t\t<\/div>\n\t\t\t\t\t<\/div>\n\t\t<\/div>\n\t\t\t\t\t<\/div>\n\t\t<\/section>\n\t\t\t\t<\/div>","protected":false},"excerpt":{"rendered":"<p>Bases de participaci\u00f3n Inscripciones cerradas Por favor, activa JavaScript en tu navegador para completar este formulario.Nombre comercial *Municipio *Seleccione un municipioBarloventoBre\u00f1a AltaBre\u00f1a BajaEl PasoFuencaliente de la PalmaGaraf\u00edaLos Llanos de AridanePuntagordaPuntallanaSan Andr\u00e9s y SaucesSanta Cruz de la PalmaTazacorteTijarafeVilla de MazoC\u00f3digo TPV 1 (FUC) del dat\u00e1fono *C\u00f3digo TPV 2 (FUC) del dat\u00e1fonoC\u00f3digo TPV 3 (FUC) del dat\u00e1fonoC\u00f3digo &#8230; <a title=\"El tarjetazo +14, the route that multiplies your purchases\" class=\"read-more\" href=\"https:\/\/sodepal.es\/en\/el-tarjetazo-14-la-ruta-que-multiplica-tus-compras\/\" aria-label=\"Read more about El tarjetazo +14, la ruta que multiplica tus compras\">Read more<\/a><\/p>","protected":false},"author":1,"featured_media":23427,"parent":0,"menu_order":0,"comment_status":"closed","ping_status":"closed","template":"","meta":{"_acf_changed":false,"footnotes":""},"class_list":["post-21975","page","type-page","status-publish","has-post-thumbnail"],"acf":[],"yoast_head":"<!-- This site is optimized with the Yoast SEO Premium plugin v22.0 (Yoast SEO v27.2) - https:\/\/yoast.com\/product\/yoast-seo-premium-wordpress\/ -->\n<title>El tarjetazo +14, la ruta que multiplica tus compras - Sociedad de Promoci\u00f3n y Desarrollo Econ\u00f3mico y Social de La Palma - SODEPAL<\/title>\n<meta name=\"description\" content=\"El Tarjetazo +14, la ruta que multiplica tus compras\" \/>\n<meta name=\"robots\" content=\"index, follow, max-snippet:-1, max-image-preview:large, max-video-preview:-1\" \/>\n<link rel=\"canonical\" href=\"https:\/\/sodepal.es\/en\/el-tarjetazo-14-la-ruta-que-multiplica-tus-compras\/\" \/>\n<meta property=\"og:locale\" content=\"en_GB\" \/>\n<meta property=\"og:type\" content=\"article\" \/>\n<meta property=\"og:title\" content=\"El tarjetazo +14, la ruta que multiplica tus compras\" \/>\n<meta property=\"og:description\" content=\"Desde el 8 de abril hasta fin de existencias\" \/>\n<meta property=\"og:url\" content=\"https:\/\/sodepal.es\/en\/el-tarjetazo-14-la-ruta-que-multiplica-tus-compras\/\" \/>\n<meta property=\"og:site_name\" content=\"Sociedad de Promoci\u00f3n y Desarrollo Econ\u00f3mico y Social de La Palma - SODEPAL\" \/>\n<meta property=\"article:publisher\" content=\"https:\/\/www.facebook.com\/sodepal\" \/>\n<meta property=\"article:modified_time\" content=\"2025-05-15T19:49:28+00:00\" \/>\n<meta property=\"og:image\" content=\"https:\/\/sodepal.es\/wp-content\/uploads\/2025\/03\/CARTEL-TARJETAZO_GENERAL.jpg\" \/>\n\t<meta property=\"og:image:width\" content=\"1754\" \/>\n\t<meta property=\"og:image:height\" content=\"2480\" \/>\n\t<meta property=\"og:image:type\" content=\"image\/jpeg\" \/>\n<meta name=\"twitter:card\" content=\"summary_large_image\" \/>\n<meta name=\"twitter:description\" content=\"Santa Cruz Shooping Day, actividad promovida por el Cabildo de La Palma y organizada por Sodepal\" \/>\n<script type=\"application\/ld+json\" class=\"yoast-schema-graph\">{\"@context\":\"https:\/\/schema.org\",\"@graph\":[{\"@type\":\"WebPage\",\"@id\":\"https:\/\/sodepal.es\/el-tarjetazo-14-la-ruta-que-multiplica-tus-compras\/\",\"url\":\"https:\/\/sodepal.es\/el-tarjetazo-14-la-ruta-que-multiplica-tus-compras\/\",\"name\":\"El tarjetazo +14, la ruta que multiplica tus compras - Sociedad de Promoci\u00f3n y Desarrollo Econ\u00f3mico y Social de La Palma - SODEPAL\",\"isPartOf\":{\"@id\":\"https:\/\/sodepal.es\/#website\"},\"primaryImageOfPage\":{\"@id\":\"https:\/\/sodepal.es\/el-tarjetazo-14-la-ruta-que-multiplica-tus-compras\/#primaryimage\"},\"image\":{\"@id\":\"https:\/\/sodepal.es\/el-tarjetazo-14-la-ruta-que-multiplica-tus-compras\/#primaryimage\"},\"thumbnailUrl\":\"https:\/\/sodepal.es\/wp-content\/uploads\/2025\/03\/CARTEL-TARJETAZO_GENERAL.jpg\",\"datePublished\":\"2024-11-08T21:24:29+00:00\",\"dateModified\":\"2025-05-15T19:49:28+00:00\",\"description\":\"El Tarjetazo +14, la ruta que multiplica tus compras\",\"breadcrumb\":{\"@id\":\"https:\/\/sodepal.es\/el-tarjetazo-14-la-ruta-que-multiplica-tus-compras\/#breadcrumb\"},\"inLanguage\":\"en-GB\",\"potentialAction\":[{\"@type\":\"ReadAction\",\"target\":[\"https:\/\/sodepal.es\/el-tarjetazo-14-la-ruta-que-multiplica-tus-compras\/\"]}]},{\"@type\":\"ImageObject\",\"inLanguage\":\"en-GB\",\"@id\":\"https:\/\/sodepal.es\/el-tarjetazo-14-la-ruta-que-multiplica-tus-compras\/#primaryimage\",\"url\":\"https:\/\/sodepal.es\/wp-content\/uploads\/2025\/03\/CARTEL-TARJETAZO_GENERAL.jpg\",\"contentUrl\":\"https:\/\/sodepal.es\/wp-content\/uploads\/2025\/03\/CARTEL-TARJETAZO_GENERAL.jpg\",\"width\":1754,\"height\":2480,\"caption\":\"Campa\u00f1a El Tarjetazo +14\"},{\"@type\":\"BreadcrumbList\",\"@id\":\"https:\/\/sodepal.es\/el-tarjetazo-14-la-ruta-que-multiplica-tus-compras\/#breadcrumb\",\"itemListElement\":[{\"@type\":\"ListItem\",\"position\":1,\"name\":\"Inicio\",\"item\":\"https:\/\/sodepal.es\/\"},{\"@type\":\"ListItem\",\"position\":2,\"name\":\"El tarjetazo +14, la ruta que multiplica tus compras\"}]},{\"@type\":\"WebSite\",\"@id\":\"https:\/\/sodepal.es\/#website\",\"url\":\"https:\/\/sodepal.es\/\",\"name\":\"Sodepal\",\"description\":\"SODEPAL es una empresa p\u00fablica dependiente del Cabildo de La Palma. Promoci\u00f3n, Fomento y Desarrollo para la isla de La Palma\",\"publisher\":{\"@id\":\"https:\/\/sodepal.es\/#organization\"},\"alternateName\":\"Sociedad de Promoci\u00f3n y Desarrollo Econ\u00f3mico y Social de La Palma\",\"potentialAction\":[{\"@type\":\"SearchAction\",\"target\":{\"@type\":\"EntryPoint\",\"urlTemplate\":\"https:\/\/sodepal.es\/?s={search_term_string}\"},\"query-input\":{\"@type\":\"PropertyValueSpecification\",\"valueRequired\":true,\"valueName\":\"search_term_string\"}}],\"inLanguage\":\"en-GB\"},{\"@type\":\"Organization\",\"@id\":\"https:\/\/sodepal.es\/#organization\",\"name\":\"Sociedad de Promoci\u00f3n y Desarrollo Econ\u00f3mico y Social de La Palma\",\"alternateName\":\"Sodepal\",\"url\":\"https:\/\/sodepal.es\/\",\"logo\":{\"@type\":\"ImageObject\",\"inLanguage\":\"en-GB\",\"@id\":\"https:\/\/sodepal.es\/#\/schema\/logo\/image\/\",\"url\":\"https:\/\/sodepal.es\/wp-content\/uploads\/2022\/09\/logo_web.png\",\"contentUrl\":\"https:\/\/sodepal.es\/wp-content\/uploads\/2022\/09\/logo_web.png\",\"width\":658,\"height\":156,\"caption\":\"Sociedad de Promoci\u00f3n y Desarrollo Econ\u00f3mico y Social de La Palma\"},\"image\":{\"@id\":\"https:\/\/sodepal.es\/#\/schema\/logo\/image\/\"},\"sameAs\":[\"https:\/\/www.facebook.com\/sodepal\",\"https:\/\/www.instagram.com\/sodepallapalma\/\"],\"description\":\"Sociedad de Promoci\u00f3n y Desarrollo econ\u00f3mico y Social de La Palma, empresa p\u00fablica dependiente del Cabildo de La Palma\",\"email\":\"info@sodepal.es\",\"telephone\":\"922417323\",\"legalName\":\"Sociedad de Promoci\u00f3n y Desarrollo Econ\u00f3mico de la isla de La Palma S.A.U.\"}]}<\/script>\n<!-- \/ Yoast SEO Premium plugin. -->","yoast_head_json":{"title":"El tarjetazo +14, la ruta que multiplica tus compras - Sociedad de Promoci\u00f3n y Desarrollo Econ\u00f3mico y Social de La Palma - SODEPAL","description":"El Tarjetazo +14, la ruta que multiplica tus compras","robots":{"index":"index","follow":"follow","max-snippet":"max-snippet:-1","max-image-preview":"max-image-preview:large","max-video-preview":"max-video-preview:-1"},"canonical":"https:\/\/sodepal.es\/en\/el-tarjetazo-14-la-ruta-que-multiplica-tus-compras\/","og_locale":"en_GB","og_type":"article","og_title":"El tarjetazo +14, la ruta que multiplica tus compras","og_description":"Desde el 8 de abril hasta fin de existencias","og_url":"https:\/\/sodepal.es\/en\/el-tarjetazo-14-la-ruta-que-multiplica-tus-compras\/","og_site_name":"Sociedad de Promoci\u00f3n y Desarrollo Econ\u00f3mico y Social de La Palma - SODEPAL","article_publisher":"https:\/\/www.facebook.com\/sodepal","article_modified_time":"2025-05-15T19:49:28+00:00","og_image":[{"width":1754,"height":2480,"url":"https:\/\/sodepal.es\/wp-content\/uploads\/2025\/03\/CARTEL-TARJETAZO_GENERAL.jpg","type":"image\/jpeg"}],"twitter_card":"summary_large_image","twitter_description":"Santa Cruz Shooping Day, actividad promovida por el Cabildo de La Palma y organizada por Sodepal","schema":{"@context":"https:\/\/schema.org","@graph":[{"@type":"WebPage","@id":"https:\/\/sodepal.es\/el-tarjetazo-14-la-ruta-que-multiplica-tus-compras\/","url":"https:\/\/sodepal.es\/el-tarjetazo-14-la-ruta-que-multiplica-tus-compras\/","name":"El tarjetazo +14, la ruta que multiplica tus compras - Sociedad de Promoci\u00f3n y Desarrollo Econ\u00f3mico y Social de La Palma - SODEPAL","isPartOf":{"@id":"https:\/\/sodepal.es\/#website"},"primaryImageOfPage":{"@id":"https:\/\/sodepal.es\/el-tarjetazo-14-la-ruta-que-multiplica-tus-compras\/#primaryimage"},"image":{"@id":"https:\/\/sodepal.es\/el-tarjetazo-14-la-ruta-que-multiplica-tus-compras\/#primaryimage"},"thumbnailUrl":"https:\/\/sodepal.es\/wp-content\/uploads\/2025\/03\/CARTEL-TARJETAZO_GENERAL.jpg","datePublished":"2024-11-08T21:24:29+00:00","dateModified":"2025-05-15T19:49:28+00:00","description":"El Tarjetazo +14, la ruta que multiplica tus compras","breadcrumb":{"@id":"https:\/\/sodepal.es\/el-tarjetazo-14-la-ruta-que-multiplica-tus-compras\/#breadcrumb"},"inLanguage":"en-GB","potentialAction":[{"@type":"ReadAction","target":["https:\/\/sodepal.es\/el-tarjetazo-14-la-ruta-que-multiplica-tus-compras\/"]}]},{"@type":"ImageObject","inLanguage":"en-GB","@id":"https:\/\/sodepal.es\/el-tarjetazo-14-la-ruta-que-multiplica-tus-compras\/#primaryimage","url":"https:\/\/sodepal.es\/wp-content\/uploads\/2025\/03\/CARTEL-TARJETAZO_GENERAL.jpg","contentUrl":"https:\/\/sodepal.es\/wp-content\/uploads\/2025\/03\/CARTEL-TARJETAZO_GENERAL.jpg","width":1754,"height":2480,"caption":"Campa\u00f1a El Tarjetazo +14"},{"@type":"BreadcrumbList","@id":"https:\/\/sodepal.es\/el-tarjetazo-14-la-ruta-que-multiplica-tus-compras\/#breadcrumb","itemListElement":[{"@type":"ListItem","position":1,"name":"Inicio","item":"https:\/\/sodepal.es\/"},{"@type":"ListItem","position":2,"name":"El tarjetazo +14, la ruta que multiplica tus compras"}]},{"@type":"WebSite","@id":"https:\/\/sodepal.es\/#website","url":"https:\/\/sodepal.es\/","name":"Sodepal","description":"SODEPAL es una empresa p\u00fablica dependiente del Cabildo de La Palma. Promoci\u00f3n, Fomento y Desarrollo para la isla de La Palma","publisher":{"@id":"https:\/\/sodepal.es\/#organization"},"alternateName":"Sociedad de Promoci\u00f3n y Desarrollo Econ\u00f3mico y Social de La Palma","potentialAction":[{"@type":"SearchAction","target":{"@type":"EntryPoint","urlTemplate":"https:\/\/sodepal.es\/?s={search_term_string}"},"query-input":{"@type":"PropertyValueSpecification","valueRequired":true,"valueName":"search_term_string"}}],"inLanguage":"en-GB"},{"@type":"Organization","@id":"https:\/\/sodepal.es\/#organization","name":"Sociedad de Promoci\u00f3n y Desarrollo Econ\u00f3mico y Social de La Palma","alternateName":"Sodepal","url":"https:\/\/sodepal.es\/","logo":{"@type":"ImageObject","inLanguage":"en-GB","@id":"https:\/\/sodepal.es\/#\/schema\/logo\/image\/","url":"https:\/\/sodepal.es\/wp-content\/uploads\/2022\/09\/logo_web.png","contentUrl":"https:\/\/sodepal.es\/wp-content\/uploads\/2022\/09\/logo_web.png","width":658,"height":156,"caption":"Sociedad de Promoci\u00f3n y Desarrollo Econ\u00f3mico y Social de La Palma"},"image":{"@id":"https:\/\/sodepal.es\/#\/schema\/logo\/image\/"},"sameAs":["https:\/\/www.facebook.com\/sodepal","https:\/\/www.instagram.com\/sodepallapalma\/"],"description":"Sociedad de Promoci\u00f3n y Desarrollo econ\u00f3mico y Social de La Palma, empresa p\u00fablica dependiente del Cabildo de La Palma","email":"info@sodepal.es","telephone":"922417323","legalName":"Sociedad de Promoci\u00f3n y Desarrollo Econ\u00f3mico de la isla de La Palma S.A.U."}]}},"_links":{"self":[{"href":"https:\/\/sodepal.es\/en\/wp-json\/wp\/v2\/pages\/21975","targetHints":{"allow":["GET"]}}],"collection":[{"href":"https:\/\/sodepal.es\/en\/wp-json\/wp\/v2\/pages"}],"about":[{"href":"https:\/\/sodepal.es\/en\/wp-json\/wp\/v2\/types\/page"}],"author":[{"embeddable":true,"href":"https:\/\/sodepal.es\/en\/wp-json\/wp\/v2\/users\/1"}],"replies":[{"embeddable":true,"href":"https:\/\/sodepal.es\/en\/wp-json\/wp\/v2\/comments?post=21975"}],"version-history":[{"count":0,"href":"https:\/\/sodepal.es\/en\/wp-json\/wp\/v2\/pages\/21975\/revisions"}],"wp:featuredmedia":[{"embeddable":true,"href":"https:\/\/sodepal.es\/en\/wp-json\/wp\/v2\/media\/23427"}],"wp:attachment":[{"href":"https:\/\/sodepal.es\/en\/wp-json\/wp\/v2\/media?parent=21975"}],"curies":[{"name":"wp","href":"https:\/\/api.w.org\/{rel}","templated":true}]}}