{"id":23038,"date":"2025-02-13T08:34:14","date_gmt":"2025-02-13T08:34:14","guid":{"rendered":"https:\/\/sodepal.es\/?page_id=23038"},"modified":"2025-07-09T11:09:02","modified_gmt":"2025-07-09T11:09:02","slug":"digitalizacion-de-empresas","status":"publish","type":"page","link":"https:\/\/sodepal.es\/en\/digitalizacion-de-empresas\/","title":{"rendered":"Digitisation of companies"},"content":{"rendered":"<div data-elementor-type=\"wp-page\" data-elementor-id=\"23038\" class=\"elementor elementor-23038\" data-elementor-post-type=\"page\">\n\t\t\t\t<div class=\"elementor-element elementor-element-2f8e1cf e-flex e-con-boxed elementor-invisible e-con e-parent\" data-id=\"2f8e1cf\" data-element_type=\"container\" data-e-type=\"container\" data-settings=\"{&quot;animation&quot;:&quot;fadeIn&quot;,&quot;background_background&quot;:&quot;classic&quot;}\">\n\t\t\t\t\t<div class=\"e-con-inner\">\n\t\t<div class=\"elementor-element elementor-element-3be67a4 e-con-full e-flex e-con e-child\" data-id=\"3be67a4\" data-element_type=\"container\" data-e-type=\"container\">\n\t\t\t\t<div class=\"elementor-element elementor-element-5ee3f9f elementor-invisible elementor-widget elementor-widget-heading\" data-id=\"5ee3f9f\" data-element_type=\"widget\" data-e-type=\"widget\" data-settings=\"{&quot;_animation&quot;:&quot;fadeInUp&quot;}\" data-widget_type=\"heading.default\">\n\t\t\t\t<div class=\"elementor-widget-container\">\n\t\t\t\t\t<h2 class=\"elementor-heading-title elementor-size-default\">Form<\/h2>\t\t\t\t<\/div>\n\t\t\t\t<\/div>\n\t\t\t\t<div class=\"elementor-element elementor-element-0070b80 elementor-widget-divider--view-line_icon elementor-view-default elementor-widget-divider--element-align-center elementor-invisible elementor-widget elementor-widget-divider\" data-id=\"0070b80\" data-element_type=\"widget\" data-e-type=\"widget\" data-settings=\"{&quot;_animation&quot;:&quot;fadeInUp&quot;}\" data-widget_type=\"divider.default\">\n\t\t\t\t<div class=\"elementor-widget-container\">\n\t\t\t\t\t\t\t<div class=\"elementor-divider\">\n\t\t\t<span class=\"elementor-divider-separator\">\n\t\t\t\t\t\t\t<div class=\"elementor-icon elementor-divider__element\">\n\t\t\t\t\t<i aria-hidden=\"true\" class=\"fas fa-angle-down\"><\/i><\/div>\n\t\t\t\t\t\t<\/span>\n\t\t<\/div>\n\t\t\t\t\t\t<\/div>\n\t\t\t\t<\/div>\n\t\t\t\t<div class=\"elementor-element elementor-element-fd52194 elementor-widget elementor-widget-text-editor\" data-id=\"fd52194\" data-element_type=\"widget\" data-e-type=\"widget\" data-widget_type=\"text-editor.default\">\n\t\t\t\t<div class=\"elementor-widget-container\">\n\t\t\t\t\t\t\t\t\t<p style=\"font-weight: 400;\">Develop, design and produce digital accompaniment through digital agents or specialised companies in a personalised and tutored, simple and effective way.<\/p><p style=\"font-weight: 400;\">A pilot sample of 30 retail companies will be selected, where their participation will be based on their degree of digitisation.<\/p><p style=\"font-weight: 400;\">Steps to be taken:<\/p><ul><li style=\"font-weight: 400;\">If selected, an assessment and diagnosis will be carried out with the company and a decision will be made on the action that best meets its needs.<\/li><li style=\"font-weight: 400;\">The second part will be the implementation of this tutored and accompanied training in digitisation, where practical solutions are developed and the competitiveness of local businesses is improved.<\/li><\/ul>\t\t\t\t\t\t\t\t<\/div>\n\t\t\t\t<\/div>\n\t\t\t\t<div class=\"elementor-element elementor-element-2441f1b eael-wpforms-labels-yes eael-wpforms-form-button-custom elementor-widget elementor-widget-eael-wpforms\" data-id=\"2441f1b\" data-element_type=\"widget\" data-e-type=\"widget\" data-widget_type=\"eael-wpforms.default\">\n\t\t\t\t<div class=\"elementor-widget-container\">\n\t\t\t\t\t            <div class=\"eael-contact-form eael-wpforms eael-wpforms-align-center\">\n                                <div class=\"wpforms-container wpforms-container-full\" id=\"wpforms-23040\"><form id=\"wpforms-form-23040\" class=\"wpforms-validate wpforms-form\" data-formid=\"23040\" method=\"post\" enctype=\"multipart\/form-data\" action=\"\/en\/wp-json\/wp\/v2\/pages\/23038\" data-token=\"fb50da3fa36ffcee26c2108aa18c8a51\" data-token-time=\"1775252331\" data-trp-original-action=\"\/en\/wp-json\/wp\/v2\/pages\/23038\"><noscript class=\"wpforms-error-noscript\">Please enable JavaScript in your browser to complete this form.<\/noscript><div class=\"wpforms-field-container\"><div id=\"wpforms-23040-field_7-container\" class=\"wpforms-field wpforms-field-text\" data-field-id=\"7\"><label class=\"wpforms-field-label\" for=\"wpforms-23040-field_7\">Company name <span class=\"wpforms-required-label\">*<\/span><\/label><input type=\"text\" id=\"wpforms-23040-field_7\" class=\"wpforms-field-medium wpforms-field-required\" name=\"wpforms[fields][7]\" required><\/div><div id=\"wpforms-23040-field_31-container\" class=\"wpforms-field wpforms-field-text\" data-field-id=\"31\"><label class=\"wpforms-field-label\" for=\"wpforms-23040-field_31\">Trade name <span class=\"wpforms-required-label\">*<\/span><\/label><input type=\"text\" id=\"wpforms-23040-field_31\" class=\"wpforms-field-medium wpforms-field-required\" name=\"wpforms[fields][31]\" required><\/div><div id=\"wpforms-23040-field_0-container\" class=\"wpforms-field wpforms-field-name\" data-field-id=\"0\"><label class=\"wpforms-field-label\" for=\"wpforms-23040-field_0\">Contact person <span class=\"wpforms-required-label\">*<\/span><\/label><div class=\"wpforms-field-row wpforms-field-medium\"><div class=\"wpforms-field-row-block wpforms-first wpforms-one-half\"><input type=\"text\" id=\"wpforms-23040-field_0\" class=\"wpforms-field-name-first wpforms-field-required\" name=\"wpforms[fields][0][first]\" required><label for=\"wpforms-23040-field_0\" class=\"wpforms-field-sublabel after\">First<\/label><\/div><div class=\"wpforms-field-row-block wpforms-one-half\"><input type=\"text\" id=\"wpforms-23040-field_0-last\" class=\"wpforms-field-name-last wpforms-field-required\" name=\"wpforms[fields][0][last]\" required><label for=\"wpforms-23040-field_0-last\" class=\"wpforms-field-sublabel after\">Last<\/label><\/div><\/div><\/div><div id=\"wpforms-23040-field_1-container\" class=\"wpforms-field wpforms-field-email\" data-field-id=\"1\"><label class=\"wpforms-field-label\" for=\"wpforms-23040-field_1\">E-mail address <span class=\"wpforms-required-label\">*<\/span><\/label><input type=\"email\" id=\"wpforms-23040-field_1\" class=\"wpforms-field-medium wpforms-field-required\" name=\"wpforms[fields][1]\" spellcheck=\"false\" required><\/div><div id=\"wpforms-23040-field_3-container\" class=\"wpforms-field wpforms-field-phone\" data-field-id=\"3\"><label class=\"wpforms-field-label\" for=\"wpforms-23040-field_3\">Telephone<\/label><input type=\"tel\" id=\"wpforms-23040-field_3\" class=\"wpforms-field-medium wpforms-smart-phone-field\" data-rule-smart-phone-field=\"true\" name=\"wpforms[fields][3]\" placeholder=\"--- --- ---\" aria-label=\"Telephone\" ><\/div><div id=\"wpforms-23040-field_6-container\" class=\"wpforms-field wpforms-field-select wpforms-conditional-trigger wpforms-field-select-style-classic\" data-field-id=\"6\"><label class=\"wpforms-field-label\" for=\"wpforms-23040-field_6\">Why do you consider that you have a minimum degree of digitisation? <span class=\"wpforms-required-label\">*<\/span><\/label><select id=\"wpforms-23040-field_6\" class=\"wpforms-field-medium wpforms-field-required\" name=\"wpforms[fields][6]\" required=\"required\"><option value=\"\" class=\"placeholder\" disabled selected='selected'>Select an option<\/option><option value=\"Uso redes sociales eficaz\" >Effective use of social media<\/option><option value=\"WhatsApp Bussiness\" >WhatsApp Business<\/option><option value=\"Comunicaci\u00f3n constante con clientela,\" >Constant communication with clients,<\/option><option value=\"Otros\" >Other<\/option><\/select><\/div><div id=\"wpforms-23040-field_20-container\" class=\"wpforms-field wpforms-field-text wpforms-conditional-field wpforms-conditional-show\" data-field-id=\"20\" style=\"display:none;\"><label class=\"wpforms-field-label\" for=\"wpforms-23040-field_20\">Other<\/label><input type=\"text\" id=\"wpforms-23040-field_20\" class=\"wpforms-field-medium\" name=\"wpforms[fields][20]\" ><\/div><div id=\"wpforms-23040-field_4-container\" class=\"wpforms-field wpforms-field-checkbox\" data-field-id=\"4\"><label class=\"wpforms-field-label wpforms-label-hide\" for=\"wpforms-23040-field_4\">Privacy <span class=\"wpforms-required-label\">*<\/span><\/label><ul id=\"wpforms-23040-field_4\" class=\"wpforms-field-required\"><li class=\"choice-1 depth-1\"><input type=\"checkbox\" id=\"wpforms-23040-field_4_1\" name=\"wpforms[fields][4][]\" value=\"Acepto condiciones de &lt;a href=&quot;\/aviso-legal\/&quot; target=&quot;_blank&quot;&gt;pol\u00edtica de privacidad&lt;\/a&gt;\" required><label class=\"wpforms-field-label-inline\" for=\"wpforms-23040-field_4_1\">I accept the terms and conditions of <a href=\"https:\/\/sodepal.es\/en\/aviso-legal\/\" target=\"_blank\">privacy policy<\/a><\/label><\/li><\/ul><\/div><div id=\"wpforms-23040-field_22-container\" class=\"wpforms-field wpforms-field-hidden\" data-field-id=\"22\"><input type=\"hidden\" id=\"wpforms-23040-field_22\" name=\"wpforms[fields][22]\" value=\"03\/04\/2026\"><\/div><\/div><!-- .wpforms-field-container --><div class=\"wpforms-recaptcha-container wpforms-is-recaptcha wpforms-is-recaptcha-type-v2\" ><div class=\"g-recaptcha\" data-sitekey=\"6LcEdNgkAAAAAI1q3jnEq9pRu1PNIhvDWTPts00v\"><\/div><input type=\"text\" name=\"g-recaptcha-hidden\" class=\"wpforms-recaptcha-hidden\" style=\"position:absolute!important;clip:rect(0,0,0,0)!important;height:1px!important;width:1px!important;border:0!important;overflow:hidden!important;padding:0!important;margin:0!important;\" data-rule-recaptcha=\"1\"><\/div><div class=\"wpforms-submit-container\" ><input type=\"hidden\" name=\"wpforms[id]\" value=\"23040\"><input type=\"hidden\" name=\"page_title\" value=\"\"><input type=\"hidden\" name=\"page_url\" value=\"https:\/\/sodepal.es\/en\/wp-json\/wp\/v2\/pages\/23038\"><button type=\"submit\" name=\"wpforms[submit]\" id=\"wpforms-submit-23040\" class=\"wpforms-submit\" data-alt-text=\"Enviando...\" data-submit-text=\"Enviar\" aria-live=\"assertive\" value=\"wpforms-submit\">Send<\/button><\/div><input type=\"hidden\" name=\"trp-form-language\" value=\"en\"\/><\/form><\/div>  <!-- .wpforms-container -->            <\/div>\n\t\t\t\t<\/div>\n\t\t\t\t<\/div>\n\t\t\t\t<\/div>\n\t\t<div class=\"elementor-element elementor-element-d2a3fc9 e-con-full e-flex e-con e-child\" data-id=\"d2a3fc9\" data-element_type=\"container\" data-e-type=\"container\">\n\t\t\t\t<div class=\"elementor-element elementor-element-a84219d elementor-widget elementor-widget-image\" data-id=\"a84219d\" data-element_type=\"widget\" data-e-type=\"widget\" data-widget_type=\"image.default\">\n\t\t\t\t<div class=\"elementor-widget-container\">\n\t\t\t\t\t\t\t\t\t\t\t\t\t\t\t<img fetchpriority=\"high\" decoding=\"async\" width=\"500\" height=\"200\" src=\"https:\/\/sodepal.es\/wp-content\/uploads\/2025\/07\/EU_logo.png\" class=\"attachment-large size-large wp-image-24656\" alt=\"\" srcset=\"https:\/\/sodepal.es\/wp-content\/uploads\/2025\/07\/EU_logo.png 500w, https:\/\/sodepal.es\/wp-content\/uploads\/2025\/07\/EU_logo-300x120.png 300w, https:\/\/sodepal.es\/wp-content\/uploads\/2025\/07\/EU_logo-18x7.png 18w\" sizes=\"(max-width: 500px) 100vw, 500px\" \/>\t\t\t\t\t\t\t\t\t\t\t\t\t\t\t<\/div>\n\t\t\t\t<\/div>\n\t\t\t\t<div class=\"elementor-element elementor-element-70f23a2 elementor-widget elementor-widget-image\" data-id=\"70f23a2\" data-element_type=\"widget\" data-e-type=\"widget\" data-widget_type=\"image.default\">\n\t\t\t\t<div class=\"elementor-widget-container\">\n\t\t\t\t\t\t\t\t\t\t\t\t\t\t\t<img decoding=\"async\" width=\"500\" height=\"200\" src=\"https:\/\/sodepal.es\/wp-content\/uploads\/2025\/07\/Ministerio_Hacienda_logo.png\" class=\"attachment-large size-large wp-image-24654\" alt=\"\" srcset=\"https:\/\/sodepal.es\/wp-content\/uploads\/2025\/07\/Ministerio_Hacienda_logo.png 500w, https:\/\/sodepal.es\/wp-content\/uploads\/2025\/07\/Ministerio_Hacienda_logo-300x120.png 300w, https:\/\/sodepal.es\/wp-content\/uploads\/2025\/07\/Ministerio_Hacienda_logo-18x7.png 18w\" sizes=\"(max-width: 500px) 100vw, 500px\" \/>\t\t\t\t\t\t\t\t\t\t\t\t\t\t\t<\/div>\n\t\t\t\t<\/div>\n\t\t\t\t<div class=\"elementor-element elementor-element-42783b3 elementor-widget elementor-widget-image\" data-id=\"42783b3\" data-element_type=\"widget\" data-e-type=\"widget\" data-widget_type=\"image.default\">\n\t\t\t\t<div class=\"elementor-widget-container\">\n\t\t\t\t\t\t\t\t\t\t\t\t\t\t\t<img decoding=\"async\" width=\"500\" height=\"200\" src=\"https:\/\/sodepal.es\/wp-content\/uploads\/2025\/07\/Fondos_Europeos_logo.png\" class=\"attachment-large size-large wp-image-24652\" alt=\"\" srcset=\"https:\/\/sodepal.es\/wp-content\/uploads\/2025\/07\/Fondos_Europeos_logo.png 500w, https:\/\/sodepal.es\/wp-content\/uploads\/2025\/07\/Fondos_Europeos_logo-300x120.png 300w, https:\/\/sodepal.es\/wp-content\/uploads\/2025\/07\/Fondos_Europeos_logo-18x7.png 18w\" sizes=\"(max-width: 500px) 100vw, 500px\" \/>\t\t\t\t\t\t\t\t\t\t\t\t\t\t\t<\/div>\n\t\t\t\t<\/div>\n\t\t\t\t<div class=\"elementor-element elementor-element-16e1004 elementor-widget elementor-widget-image\" data-id=\"16e1004\" data-element_type=\"widget\" data-e-type=\"widget\" data-widget_type=\"image.default\">\n\t\t\t\t<div class=\"elementor-widget-container\">\n\t\t\t\t\t\t\t\t\t\t\t\t\t\t\t<img loading=\"lazy\" decoding=\"async\" width=\"500\" height=\"200\" src=\"https:\/\/sodepal.es\/wp-content\/uploads\/2025\/07\/Comercio_Canarias.png\" class=\"attachment-large size-large wp-image-24655\" alt=\"\" srcset=\"https:\/\/sodepal.es\/wp-content\/uploads\/2025\/07\/Comercio_Canarias.png 500w, https:\/\/sodepal.es\/wp-content\/uploads\/2025\/07\/Comercio_Canarias-300x120.png 300w, https:\/\/sodepal.es\/wp-content\/uploads\/2025\/07\/Comercio_Canarias-18x7.png 18w\" sizes=\"(max-width: 500px) 100vw, 500px\" \/>\t\t\t\t\t\t\t\t\t\t\t\t\t\t\t<\/div>\n\t\t\t\t<\/div>\n\t\t\t\t<div class=\"elementor-element elementor-element-0193d0a elementor-widget elementor-widget-image\" data-id=\"0193d0a\" data-element_type=\"widget\" data-e-type=\"widget\" data-widget_type=\"image.default\">\n\t\t\t\t<div class=\"elementor-widget-container\">\n\t\t\t\t\t\t\t\t\t\t\t\t\t\t\t<img loading=\"lazy\" decoding=\"async\" width=\"500\" height=\"200\" src=\"https:\/\/sodepal.es\/wp-content\/uploads\/2025\/07\/Gob_Canarias_logo.png\" class=\"attachment-large size-large wp-image-24653\" alt=\"\" srcset=\"https:\/\/sodepal.es\/wp-content\/uploads\/2025\/07\/Gob_Canarias_logo.png 500w, https:\/\/sodepal.es\/wp-content\/uploads\/2025\/07\/Gob_Canarias_logo-300x120.png 300w, https:\/\/sodepal.es\/wp-content\/uploads\/2025\/07\/Gob_Canarias_logo-18x7.png 18w\" sizes=\"(max-width: 500px) 100vw, 500px\" \/>\t\t\t\t\t\t\t\t\t\t\t\t\t\t\t<\/div>\n\t\t\t\t<\/div>\n\t\t\t\t<\/div>\n\t\t\t\t\t<\/div>\n\t\t\t\t<\/div>\n\t\t\t\t<\/div>","protected":false},"excerpt":{"rendered":"<p>Formulario Desarrollar, disen\u0303ar y producir acompan\u0303amiento digital a trave\u0301s de agentes digitalizadores o empresas especializada de manera personalizada y tutoriza, sencilla y eficaz. Se realizara\u0301 una seleccio\u0301n de una muestra piloto de 30 empresas con epi\u0301grafe de comercio menor, donde su participacio\u0301n se realice atendiendo a un grado de digitalizacio\u0301n existente en la misma. Pasos &#8230; <a title=\"Digitisation of companies\" class=\"read-more\" href=\"https:\/\/sodepal.es\/en\/digitalizacion-de-empresas\/\" aria-label=\"Read more about Digitalizaci\u00f3n de empresas\">Read more<\/a><\/p>","protected":false},"author":1,"featured_media":0,"parent":0,"menu_order":0,"comment_status":"closed","ping_status":"closed","template":"","meta":{"_acf_changed":false,"footnotes":""},"class_list":["post-23038","page","type-page","status-publish"],"acf":[],"yoast_head":"<!-- This site is optimized with the Yoast SEO Premium plugin v22.0 (Yoast SEO v27.2) - https:\/\/yoast.com\/product\/yoast-seo-premium-wordpress\/ -->\n<title>Digitalizaci\u00f3n de empresas - Sociedad de Promoci\u00f3n y Desarrollo Econ\u00f3mico y Social de La Palma - SODEPAL<\/title>\n<meta name=\"description\" content=\"Santa Cruz Shooping Day, actividad promovida con el Cabildo de La Palma y organizada por Sodepal\" \/>\n<meta name=\"robots\" content=\"index, follow, max-snippet:-1, max-image-preview:large, max-video-preview:-1\" \/>\n<link rel=\"canonical\" href=\"https:\/\/sodepal.es\/en\/digitalizacion-de-empresas\/\" \/>\n<meta property=\"og:locale\" content=\"en_GB\" \/>\n<meta property=\"og:type\" content=\"article\" \/>\n<meta property=\"og:title\" content=\"Digitalizaci\u00f3n de empresas\" \/>\n<meta property=\"og:description\" content=\"Desarrollar, dise\u00f1ar y producir acompa\u00f1amiento digital a trav\u00e9s de agentes digitalizadores o empresas especializada de manera personalizada y tutoriza, sencilla y eficaz.\" \/>\n<meta property=\"og:url\" content=\"https:\/\/sodepal.es\/en\/digitalizacion-de-empresas\/\" \/>\n<meta property=\"og:site_name\" content=\"Sociedad de Promoci\u00f3n y Desarrollo Econ\u00f3mico y Social de La Palma - SODEPAL\" \/>\n<meta property=\"article:publisher\" content=\"https:\/\/www.facebook.com\/sodepal\" \/>\n<meta property=\"article:modified_time\" content=\"2025-07-09T11:09:02+00:00\" \/>\n<meta property=\"og:image\" content=\"https:\/\/sodepal.es\/wp-content\/uploads\/2025\/02\/digitalizacion.jpg\" \/>\n\t<meta property=\"og:image:width\" content=\"1600\" \/>\n\t<meta property=\"og:image:height\" content=\"974\" \/>\n\t<meta property=\"og:image:type\" content=\"image\/jpeg\" \/>\n<meta name=\"twitter:card\" content=\"summary_large_image\" \/>\n<meta name=\"twitter:description\" content=\"Desarrollar, dise\u00f1ar y producir acompa\u00f1amiento digital a trav\u00e9s de agentes digitalizadores o empresas especializada de manera personalizada y tutoriza, sencilla y eficaz.\" \/>\n<script type=\"application\/ld+json\" class=\"yoast-schema-graph\">{\"@context\":\"https:\/\/schema.org\",\"@graph\":[{\"@type\":\"WebPage\",\"@id\":\"https:\/\/sodepal.es\/digitalizacion-de-empresas\/\",\"url\":\"https:\/\/sodepal.es\/digitalizacion-de-empresas\/\",\"name\":\"Digitalizaci\u00f3n de empresas - Sociedad de Promoci\u00f3n y Desarrollo Econ\u00f3mico y Social de La Palma - SODEPAL\",\"isPartOf\":{\"@id\":\"https:\/\/sodepal.es\/#website\"},\"primaryImageOfPage\":{\"@id\":\"https:\/\/sodepal.es\/digitalizacion-de-empresas\/#primaryimage\"},\"image\":{\"@id\":\"https:\/\/sodepal.es\/digitalizacion-de-empresas\/#primaryimage\"},\"thumbnailUrl\":\"https:\/\/sodepal.es\/wp-content\/uploads\/2025\/07\/EU_logo.png\",\"datePublished\":\"2025-02-13T08:34:14+00:00\",\"dateModified\":\"2025-07-09T11:09:02+00:00\",\"description\":\"Santa Cruz Shooping Day, actividad promovida con el Cabildo de La Palma y organizada por Sodepal\",\"breadcrumb\":{\"@id\":\"https:\/\/sodepal.es\/digitalizacion-de-empresas\/#breadcrumb\"},\"inLanguage\":\"en-GB\",\"potentialAction\":[{\"@type\":\"ReadAction\",\"target\":[\"https:\/\/sodepal.es\/digitalizacion-de-empresas\/\"]}]},{\"@type\":\"ImageObject\",\"inLanguage\":\"en-GB\",\"@id\":\"https:\/\/sodepal.es\/digitalizacion-de-empresas\/#primaryimage\",\"url\":\"https:\/\/sodepal.es\/wp-content\/uploads\/2025\/07\/EU_logo.png\",\"contentUrl\":\"https:\/\/sodepal.es\/wp-content\/uploads\/2025\/07\/EU_logo.png\"},{\"@type\":\"BreadcrumbList\",\"@id\":\"https:\/\/sodepal.es\/digitalizacion-de-empresas\/#breadcrumb\",\"itemListElement\":[{\"@type\":\"ListItem\",\"position\":1,\"name\":\"Inicio\",\"item\":\"https:\/\/sodepal.es\/\"},{\"@type\":\"ListItem\",\"position\":2,\"name\":\"Digitalizaci\u00f3n de empresas\"}]},{\"@type\":\"WebSite\",\"@id\":\"https:\/\/sodepal.es\/#website\",\"url\":\"https:\/\/sodepal.es\/\",\"name\":\"Sodepal\",\"description\":\"SODEPAL es una empresa p\u00fablica dependiente del Cabildo de La Palma. Promoci\u00f3n, Fomento y Desarrollo para la isla de La Palma\",\"publisher\":{\"@id\":\"https:\/\/sodepal.es\/#organization\"},\"alternateName\":\"Sociedad de Promoci\u00f3n y Desarrollo Econ\u00f3mico y Social de La Palma\",\"potentialAction\":[{\"@type\":\"SearchAction\",\"target\":{\"@type\":\"EntryPoint\",\"urlTemplate\":\"https:\/\/sodepal.es\/?s={search_term_string}\"},\"query-input\":{\"@type\":\"PropertyValueSpecification\",\"valueRequired\":true,\"valueName\":\"search_term_string\"}}],\"inLanguage\":\"en-GB\"},{\"@type\":\"Organization\",\"@id\":\"https:\/\/sodepal.es\/#organization\",\"name\":\"Sociedad de Promoci\u00f3n y Desarrollo Econ\u00f3mico y Social de La Palma\",\"alternateName\":\"Sodepal\",\"url\":\"https:\/\/sodepal.es\/\",\"logo\":{\"@type\":\"ImageObject\",\"inLanguage\":\"en-GB\",\"@id\":\"https:\/\/sodepal.es\/#\/schema\/logo\/image\/\",\"url\":\"https:\/\/sodepal.es\/wp-content\/uploads\/2022\/09\/logo_web.png\",\"contentUrl\":\"https:\/\/sodepal.es\/wp-content\/uploads\/2022\/09\/logo_web.png\",\"width\":658,\"height\":156,\"caption\":\"Sociedad de Promoci\u00f3n y Desarrollo Econ\u00f3mico y Social de La Palma\"},\"image\":{\"@id\":\"https:\/\/sodepal.es\/#\/schema\/logo\/image\/\"},\"sameAs\":[\"https:\/\/www.facebook.com\/sodepal\",\"https:\/\/www.instagram.com\/sodepallapalma\/\"],\"description\":\"Sociedad de Promoci\u00f3n y Desarrollo econ\u00f3mico y Social de La Palma, empresa p\u00fablica dependiente del Cabildo de La Palma\",\"email\":\"info@sodepal.es\",\"telephone\":\"922417323\",\"legalName\":\"Sociedad de Promoci\u00f3n y Desarrollo Econ\u00f3mico de la isla de La Palma S.A.U.\"}]}<\/script>\n<!-- \/ Yoast SEO Premium plugin. -->","yoast_head_json":{"title":"Digitalizaci\u00f3n de empresas - Sociedad de Promoci\u00f3n y Desarrollo Econ\u00f3mico y Social de La Palma - SODEPAL","description":"Santa Cruz Shooping Day, actividad promovida con el Cabildo de La Palma y organizada por Sodepal","robots":{"index":"index","follow":"follow","max-snippet":"max-snippet:-1","max-image-preview":"max-image-preview:large","max-video-preview":"max-video-preview:-1"},"canonical":"https:\/\/sodepal.es\/en\/digitalizacion-de-empresas\/","og_locale":"en_GB","og_type":"article","og_title":"Digitalizaci\u00f3n de empresas","og_description":"Desarrollar, dise\u00f1ar y producir acompa\u00f1amiento digital a trav\u00e9s de agentes digitalizadores o empresas especializada de manera personalizada y tutoriza, sencilla y eficaz.","og_url":"https:\/\/sodepal.es\/en\/digitalizacion-de-empresas\/","og_site_name":"Sociedad de Promoci\u00f3n y Desarrollo Econ\u00f3mico y Social de La Palma - SODEPAL","article_publisher":"https:\/\/www.facebook.com\/sodepal","article_modified_time":"2025-07-09T11:09:02+00:00","og_image":[{"width":1600,"height":974,"url":"https:\/\/sodepal.es\/wp-content\/uploads\/2025\/02\/digitalizacion.jpg","type":"image\/jpeg"}],"twitter_card":"summary_large_image","twitter_description":"Desarrollar, dise\u00f1ar y producir acompa\u00f1amiento digital a trav\u00e9s de agentes digitalizadores o empresas especializada de manera personalizada y tutoriza, sencilla y eficaz.","schema":{"@context":"https:\/\/schema.org","@graph":[{"@type":"WebPage","@id":"https:\/\/sodepal.es\/digitalizacion-de-empresas\/","url":"https:\/\/sodepal.es\/digitalizacion-de-empresas\/","name":"Digitalizaci\u00f3n de empresas - Sociedad de Promoci\u00f3n y Desarrollo Econ\u00f3mico y Social de La Palma - SODEPAL","isPartOf":{"@id":"https:\/\/sodepal.es\/#website"},"primaryImageOfPage":{"@id":"https:\/\/sodepal.es\/digitalizacion-de-empresas\/#primaryimage"},"image":{"@id":"https:\/\/sodepal.es\/digitalizacion-de-empresas\/#primaryimage"},"thumbnailUrl":"https:\/\/sodepal.es\/wp-content\/uploads\/2025\/07\/EU_logo.png","datePublished":"2025-02-13T08:34:14+00:00","dateModified":"2025-07-09T11:09:02+00:00","description":"Santa Cruz Shooping Day, actividad promovida con el Cabildo de La Palma y organizada por Sodepal","breadcrumb":{"@id":"https:\/\/sodepal.es\/digitalizacion-de-empresas\/#breadcrumb"},"inLanguage":"en-GB","potentialAction":[{"@type":"ReadAction","target":["https:\/\/sodepal.es\/digitalizacion-de-empresas\/"]}]},{"@type":"ImageObject","inLanguage":"en-GB","@id":"https:\/\/sodepal.es\/digitalizacion-de-empresas\/#primaryimage","url":"https:\/\/sodepal.es\/wp-content\/uploads\/2025\/07\/EU_logo.png","contentUrl":"https:\/\/sodepal.es\/wp-content\/uploads\/2025\/07\/EU_logo.png"},{"@type":"BreadcrumbList","@id":"https:\/\/sodepal.es\/digitalizacion-de-empresas\/#breadcrumb","itemListElement":[{"@type":"ListItem","position":1,"name":"Inicio","item":"https:\/\/sodepal.es\/"},{"@type":"ListItem","position":2,"name":"Digitalizaci\u00f3n de empresas"}]},{"@type":"WebSite","@id":"https:\/\/sodepal.es\/#website","url":"https:\/\/sodepal.es\/","name":"Sodepal","description":"SODEPAL es una empresa p\u00fablica dependiente del Cabildo de La Palma. Promoci\u00f3n, Fomento y Desarrollo para la isla de La Palma","publisher":{"@id":"https:\/\/sodepal.es\/#organization"},"alternateName":"Sociedad de Promoci\u00f3n y Desarrollo Econ\u00f3mico y Social de La Palma","potentialAction":[{"@type":"SearchAction","target":{"@type":"EntryPoint","urlTemplate":"https:\/\/sodepal.es\/?s={search_term_string}"},"query-input":{"@type":"PropertyValueSpecification","valueRequired":true,"valueName":"search_term_string"}}],"inLanguage":"en-GB"},{"@type":"Organization","@id":"https:\/\/sodepal.es\/#organization","name":"Sociedad de Promoci\u00f3n y Desarrollo Econ\u00f3mico y Social de La Palma","alternateName":"Sodepal","url":"https:\/\/sodepal.es\/","logo":{"@type":"ImageObject","inLanguage":"en-GB","@id":"https:\/\/sodepal.es\/#\/schema\/logo\/image\/","url":"https:\/\/sodepal.es\/wp-content\/uploads\/2022\/09\/logo_web.png","contentUrl":"https:\/\/sodepal.es\/wp-content\/uploads\/2022\/09\/logo_web.png","width":658,"height":156,"caption":"Sociedad de Promoci\u00f3n y Desarrollo Econ\u00f3mico y Social de La Palma"},"image":{"@id":"https:\/\/sodepal.es\/#\/schema\/logo\/image\/"},"sameAs":["https:\/\/www.facebook.com\/sodepal","https:\/\/www.instagram.com\/sodepallapalma\/"],"description":"Sociedad de Promoci\u00f3n y Desarrollo econ\u00f3mico y Social de La Palma, empresa p\u00fablica dependiente del Cabildo de La Palma","email":"info@sodepal.es","telephone":"922417323","legalName":"Sociedad de Promoci\u00f3n y Desarrollo Econ\u00f3mico de la isla de La Palma S.A.U."}]}},"_links":{"self":[{"href":"https:\/\/sodepal.es\/en\/wp-json\/wp\/v2\/pages\/23038","targetHints":{"allow":["GET"]}}],"collection":[{"href":"https:\/\/sodepal.es\/en\/wp-json\/wp\/v2\/pages"}],"about":[{"href":"https:\/\/sodepal.es\/en\/wp-json\/wp\/v2\/types\/page"}],"author":[{"embeddable":true,"href":"https:\/\/sodepal.es\/en\/wp-json\/wp\/v2\/users\/1"}],"replies":[{"embeddable":true,"href":"https:\/\/sodepal.es\/en\/wp-json\/wp\/v2\/comments?post=23038"}],"version-history":[{"count":0,"href":"https:\/\/sodepal.es\/en\/wp-json\/wp\/v2\/pages\/23038\/revisions"}],"wp:attachment":[{"href":"https:\/\/sodepal.es\/en\/wp-json\/wp\/v2\/media?parent=23038"}],"curies":[{"name":"wp","href":"https:\/\/api.w.org\/{rel}","templated":true}]}}