{"id":24210,"date":"2025-06-09T10:24:04","date_gmt":"2025-06-09T10:24:04","guid":{"rendered":"https:\/\/sodepal.es\/?page_id=24210"},"modified":"2025-06-25T10:44:15","modified_gmt":"2025-06-25T10:44:15","slug":"concurso-de-escaparates-lustral-fest","status":"publish","type":"page","link":"https:\/\/sodepal.es\/en\/concurso-de-escaparates-lustral-fest\/","title":{"rendered":"Shop window competition - Lustral Fest"},"content":{"rendered":"<div data-elementor-type=\"wp-page\" data-elementor-id=\"24210\" class=\"elementor elementor-24210\" data-elementor-post-type=\"page\">\n\t\t\t\t\t\t<section class=\"elementor-section elementor-top-section elementor-element elementor-element-e871949 elementor-section-boxed elementor-section-height-default elementor-section-height-default\" data-id=\"e871949\" data-element_type=\"section\" data-e-type=\"section\">\n\t\t\t\t\t\t<div class=\"elementor-container elementor-column-gap-default\">\n\t\t\t\t\t<div class=\"elementor-column elementor-col-100 elementor-top-column elementor-element elementor-element-ee120bb\" data-id=\"ee120bb\" data-element_type=\"column\" data-e-type=\"column\">\n\t\t\t<div class=\"elementor-widget-wrap elementor-element-populated\">\n\t\t\t\t\t\t<div class=\"elementor-element elementor-element-ec7d744 elementor-invisible elementor-widget elementor-widget-image\" data-id=\"ec7d744\" data-element_type=\"widget\" data-e-type=\"widget\" data-settings=\"{&quot;_animation&quot;:&quot;fadeIn&quot;}\" data-widget_type=\"image.default\">\n\t\t\t\t<div class=\"elementor-widget-container\">\n\t\t\t\t\t\t\t\t\t\t\t\t\t\t\t<img fetchpriority=\"high\" decoding=\"async\" width=\"2000\" height=\"877\" src=\"https:\/\/sodepal.es\/wp-content\/uploads\/2025\/06\/concurso_escaparate2.jpg\" class=\"attachment-full size-full wp-image-24240\" alt=\"\" srcset=\"https:\/\/sodepal.es\/wp-content\/uploads\/2025\/06\/concurso_escaparate2.jpg 2000w, https:\/\/sodepal.es\/wp-content\/uploads\/2025\/06\/concurso_escaparate2-300x132.jpg 300w, https:\/\/sodepal.es\/wp-content\/uploads\/2025\/06\/concurso_escaparate2-1024x449.jpg 1024w, https:\/\/sodepal.es\/wp-content\/uploads\/2025\/06\/concurso_escaparate2-768x337.jpg 768w, https:\/\/sodepal.es\/wp-content\/uploads\/2025\/06\/concurso_escaparate2-1536x674.jpg 1536w, https:\/\/sodepal.es\/wp-content\/uploads\/2025\/06\/concurso_escaparate2-18x8.jpg 18w\" sizes=\"(max-width: 2000px) 100vw, 2000px\" \/>\t\t\t\t\t\t\t\t\t\t\t\t\t\t\t<\/div>\n\t\t\t\t<\/div>\n\t\t\t\t<div class=\"elementor-element elementor-element-9c36938 elementor-widget elementor-widget-heading\" data-id=\"9c36938\" data-element_type=\"widget\" data-e-type=\"widget\" data-widget_type=\"heading.default\">\n\t\t\t\t<div class=\"elementor-widget-container\">\n\t\t\t\t\t<h3 class=\"elementor-heading-title elementor-size-default\">List of contestants <\/h3>\t\t\t\t<\/div>\n\t\t\t\t<\/div>\n\t\t\t\t<div class=\"elementor-element elementor-element-0b1f32f elementor-widget elementor-widget-image\" data-id=\"0b1f32f\" data-element_type=\"widget\" data-e-type=\"widget\" data-widget_type=\"image.default\">\n\t\t\t\t<div class=\"elementor-widget-container\">\n\t\t\t\t\t\t\t\t\t\t\t\t\t\t\t\t<a href=\"https:\/\/sodepal.es\/wp-content\/uploads\/2025\/06\/Concurso_escaparate_participantes.jpg\" data-elementor-open-lightbox=\"yes\" data-elementor-lightbox-title=\"Concurso_escaparate_participantes\" data-e-action-hash=\"#elementor-action%3Aaction%3Dlightbox%26settings%3DeyJpZCI6MjQ1NjQsInVybCI6Imh0dHBzOlwvXC9zb2RlcGFsLmVzXC93cC1jb250ZW50XC91cGxvYWRzXC8yMDI1XC8wNlwvQ29uY3Vyc29fZXNjYXBhcmF0ZV9wYXJ0aWNpcGFudGVzLmpwZyJ9\">\n\t\t\t\t\t\t\t<img decoding=\"async\" width=\"819\" height=\"1024\" src=\"https:\/\/sodepal.es\/wp-content\/uploads\/2025\/06\/Concurso_escaparate_participantes-819x1024.jpg\" class=\"attachment-large size-large wp-image-24564\" alt=\"\" srcset=\"https:\/\/sodepal.es\/wp-content\/uploads\/2025\/06\/Concurso_escaparate_participantes-819x1024.jpg 819w, https:\/\/sodepal.es\/wp-content\/uploads\/2025\/06\/Concurso_escaparate_participantes-240x300.jpg 240w, https:\/\/sodepal.es\/wp-content\/uploads\/2025\/06\/Concurso_escaparate_participantes-614x768.jpg 614w, https:\/\/sodepal.es\/wp-content\/uploads\/2025\/06\/Concurso_escaparate_participantes-10x12.jpg 10w, https:\/\/sodepal.es\/wp-content\/uploads\/2025\/06\/Concurso_escaparate_participantes.jpg 1080w\" sizes=\"(max-width: 819px) 100vw, 819px\" \/>\t\t\t\t\t\t\t\t<\/a>\n\t\t\t\t\t\t\t\t\t\t\t\t\t\t\t<\/div>\n\t\t\t\t<\/div>\n\t\t\t\t<section class=\"elementor-section elementor-inner-section elementor-element elementor-element-55c9a020 elementor-section-boxed elementor-section-height-default elementor-section-height-default\" data-id=\"55c9a020\" data-element_type=\"section\" data-e-type=\"section\">\n\t\t\t\t\t\t<div class=\"elementor-container elementor-column-gap-wider\">\n\t\t\t\t\t<div class=\"elementor-column elementor-col-50 elementor-inner-column elementor-element elementor-element-7c758eeb elementor-invisible\" data-id=\"7c758eeb\" data-element_type=\"column\" data-e-type=\"column\" data-settings=\"{&quot;animation&quot;:&quot;fadeInLeft&quot;}\">\n\t\t\t<div class=\"elementor-widget-wrap elementor-element-populated\">\n\t\t\t\t\t\t<div data-ep-wrapper-link=\"{&quot;url&quot;:&quot;https:\\\/\\\/sodepal.es\\\/wp-content\\\/uploads\\\/2025\\\/06\\\/BASES_Concurso_de_Escaparates_2025-1.pdf&quot;,&quot;is_external&quot;:&quot;on&quot;,&quot;nofollow&quot;:&quot;&quot;,&quot;custom_attributes&quot;:&quot;&quot;}\" style=\"cursor: pointer\" class=\"bdt-element-link elementor-element elementor-element-393531fb elementor-view-stacked elementor-shape-rounded elementor-position-block-start elementor-mobile-position-block-start bdt-background-overlay-yes elementor-widget elementor-widget-icon-box\" data-id=\"393531fb\" data-element_type=\"widget\" data-e-type=\"widget\" data-widget_type=\"icon-box.default\">\n\t\t\t\t<div class=\"elementor-widget-container\">\n\t\t\t\t\t\t\t<div class=\"elementor-icon-box-wrapper\">\n\n\t\t\t\t\t\t<div class=\"elementor-icon-box-icon\">\n\t\t\t\t<span  class=\"elementor-icon elementor-animation-grow\">\n\t\t\t\t<i aria-hidden=\"true\" class=\"far fa-list-alt\"><\/i>\t\t\t\t<\/span>\n\t\t\t<\/div>\n\t\t\t\n\t\t\t\t\t\t<div class=\"elementor-icon-box-content\">\n\n\t\t\t\t\t\t\t\t\t<h3 class=\"elementor-icon-box-title\">\n\t\t\t\t\t\t<span  >\n\t\t\t\t\t\t\tRules of the shop window competition\t\t\t\t\t\t<\/span>\n\t\t\t\t\t<\/h3>\n\t\t\t\t\n\t\t\t\t\t\t\t\t\t<p class=\"elementor-icon-box-description\">\n\t\t\t\t\t\tDownload the rules of the <br>shop window competition\t\t\t\t\t<\/p>\n\t\t\t\t\n\t\t\t<\/div>\n\t\t\t\n\t\t<\/div>\n\t\t\t\t\t\t<\/div>\n\t\t\t\t<\/div>\n\t\t\t\t\t<\/div>\n\t\t<\/div>\n\t\t\t\t<div class=\"elementor-column elementor-col-50 elementor-inner-column elementor-element elementor-element-61747caf elementor-invisible\" data-id=\"61747caf\" data-element_type=\"column\" data-e-type=\"column\" data-settings=\"{&quot;animation&quot;:&quot;fadeInRight&quot;}\">\n\t\t\t<div class=\"elementor-widget-wrap elementor-element-populated\">\n\t\t\t\t\t\t<div data-ep-wrapper-link=\"{&quot;url&quot;:&quot;https:\\\/\\\/sodepal.sedelectronica.es\\\/?x=0FHZDdxAXqi7mgECmyIl07Pzixe4h-Cx*j78kE5ODqgV0IQ9rT8227RmVuYUXUUEyrd30OC7AEmgJ*cyAI4zziBPspFFxrqySzDGDaz4XU1ZqTPrfPe4TeOFd0gQPkYIOcr511YCZeMIIyRHgwEUPW1HD*DuIZl-Nj3pbIbI*zbcMMYB3gb5cc92ttPzGQRFas4VaXh14XrDtR73QiKCww&quot;,&quot;is_external&quot;:&quot;on&quot;,&quot;nofollow&quot;:&quot;&quot;,&quot;custom_attributes&quot;:&quot;&quot;}\" style=\"cursor: pointer\" class=\"bdt-element-link elementor-element elementor-element-6d949548 elementor-view-stacked elementor-shape-rounded elementor-position-block-start elementor-mobile-position-block-start bdt-background-overlay-yes elementor-widget elementor-widget-icon-box\" data-id=\"6d949548\" data-element_type=\"widget\" data-e-type=\"widget\" data-widget_type=\"icon-box.default\">\n\t\t\t\t<div class=\"elementor-widget-container\">\n\t\t\t\t\t\t\t<div class=\"elementor-icon-box-wrapper\">\n\n\t\t\t\t\t\t<div class=\"elementor-icon-box-icon\">\n\t\t\t\t<span  class=\"elementor-icon elementor-animation-grow\">\n\t\t\t\t<i aria-hidden=\"true\" class=\"fas fa-envelope-open-text\"><\/i>\t\t\t\t<\/span>\n\t\t\t<\/div>\n\t\t\t\n\t\t\t\t\t\t<div class=\"elementor-icon-box-content\">\n\n\t\t\t\t\t\t\t\t\t<h3 class=\"elementor-icon-box-title\">\n\t\t\t\t\t\t<span  >\n\t\t\t\t\t\t\tRegister<br \/>(Deadline expired)\t\t\t\t\t\t<\/span>\n\t\t\t\t\t<\/h3>\n\t\t\t\t\n\t\t\t\t\t\t\t\t\t<p class=\"elementor-icon-box-description\">\n\t\t\t\t\t\tSign up for the shop window competition<br \/>in our E-Office\t\t\t\t\t<\/p>\n\t\t\t\t\n\t\t\t<\/div>\n\t\t\t\n\t\t<\/div>\n\t\t\t\t\t\t<\/div>\n\t\t\t\t<\/div>\n\t\t\t\t\t<\/div>\n\t\t<\/div>\n\t\t\t\t\t<\/div>\n\t\t<\/section>\n\t\t\t\t\t<\/div>\n\t\t<\/div>\n\t\t\t\t\t<\/div>\n\t\t<\/section>\n\t\t\t\t<\/div>","protected":false},"excerpt":{"rendered":"<p>Listado de concursantes Bases del concurso de escaparates Descarga las bases del concurso de escaparates Inscr\u00edbete(Plazo finalizado) Inscr\u00edbete al concurso de escaparatesen nuestra Sede Electr\u00f3nica<\/p>","protected":false},"author":1,"featured_media":0,"parent":0,"menu_order":0,"comment_status":"closed","ping_status":"closed","template":"","meta":{"_acf_changed":false,"footnotes":""},"class_list":["post-24210","page","type-page","status-publish"],"acf":[],"yoast_head":"<!-- This site is optimized with the Yoast SEO Premium plugin v22.0 (Yoast SEO v27.2) - https:\/\/yoast.com\/product\/yoast-seo-premium-wordpress\/ -->\n<title>Concurso de escaparates - Lustral Fest - Sociedad de Promoci\u00f3n y Desarrollo Econ\u00f3mico y Social de La Palma - SODEPAL<\/title>\n<meta name=\"description\" content=\"La \u201cFeria Empresarial y Comercial de La Palma 2024\u201d evento promovido por el Cabildo Insular de La Palma, y organizado por Sodepal\" \/>\n<meta name=\"robots\" content=\"index, follow, max-snippet:-1, max-image-preview:large, max-video-preview:-1\" \/>\n<link rel=\"canonical\" href=\"https:\/\/sodepal.es\/en\/concurso-de-escaparates-lustral-fest\/\" \/>\n<meta property=\"og:locale\" content=\"en_GB\" \/>\n<meta property=\"og:type\" content=\"article\" \/>\n<meta property=\"og:title\" content=\"Concurso de escaparates - Lustral Fest\" \/>\n<meta property=\"og:description\" content=\"La \u201cFeria Empresarial y Comercial de La Palma 2024\u201d evento promovido por el Cabildo Insular de La Palma, y organizado por Sodepal\" \/>\n<meta property=\"og:url\" content=\"https:\/\/sodepal.es\/en\/concurso-de-escaparates-lustral-fest\/\" \/>\n<meta property=\"og:site_name\" content=\"Sociedad de Promoci\u00f3n y Desarrollo Econ\u00f3mico y Social de La Palma - SODEPAL\" \/>\n<meta property=\"article:publisher\" content=\"https:\/\/www.facebook.com\/sodepal\" \/>\n<meta property=\"article:modified_time\" content=\"2025-06-25T10:44:15+00:00\" \/>\n<meta property=\"og:image\" content=\"https:\/\/sodepal.es\/wp-content\/uploads\/2025\/06\/concurso_escaparate2.jpg\" \/>\n\t<meta property=\"og:image:width\" content=\"2000\" \/>\n\t<meta property=\"og:image:height\" content=\"877\" \/>\n\t<meta property=\"og:image:type\" content=\"image\/jpeg\" \/>\n<meta name=\"twitter:card\" content=\"summary_large_image\" \/>\n<script type=\"application\/ld+json\" class=\"yoast-schema-graph\">{\"@context\":\"https:\/\/schema.org\",\"@graph\":[{\"@type\":\"WebPage\",\"@id\":\"https:\/\/sodepal.es\/concurso-de-escaparates-lustral-fest\/\",\"url\":\"https:\/\/sodepal.es\/concurso-de-escaparates-lustral-fest\/\",\"name\":\"Concurso de escaparates - Lustral Fest - Sociedad de Promoci\u00f3n y Desarrollo Econ\u00f3mico y Social de La Palma - SODEPAL\",\"isPartOf\":{\"@id\":\"https:\/\/sodepal.es\/#website\"},\"primaryImageOfPage\":{\"@id\":\"https:\/\/sodepal.es\/concurso-de-escaparates-lustral-fest\/#primaryimage\"},\"image\":{\"@id\":\"https:\/\/sodepal.es\/concurso-de-escaparates-lustral-fest\/#primaryimage\"},\"thumbnailUrl\":\"https:\/\/sodepal.es\/wp-content\/uploads\/2025\/06\/concurso_escaparate2.jpg\",\"datePublished\":\"2025-06-09T10:24:04+00:00\",\"dateModified\":\"2025-06-25T10:44:15+00:00\",\"description\":\"La \u201cFeria Empresarial y Comercial de La Palma 2024\u201d evento promovido por el Cabildo Insular de La Palma, y organizado por Sodepal\",\"breadcrumb\":{\"@id\":\"https:\/\/sodepal.es\/concurso-de-escaparates-lustral-fest\/#breadcrumb\"},\"inLanguage\":\"en-GB\",\"potentialAction\":[{\"@type\":\"ReadAction\",\"target\":[\"https:\/\/sodepal.es\/concurso-de-escaparates-lustral-fest\/\"]}]},{\"@type\":\"ImageObject\",\"inLanguage\":\"en-GB\",\"@id\":\"https:\/\/sodepal.es\/concurso-de-escaparates-lustral-fest\/#primaryimage\",\"url\":\"https:\/\/sodepal.es\/wp-content\/uploads\/2025\/06\/concurso_escaparate2.jpg\",\"contentUrl\":\"https:\/\/sodepal.es\/wp-content\/uploads\/2025\/06\/concurso_escaparate2.jpg\"},{\"@type\":\"BreadcrumbList\",\"@id\":\"https:\/\/sodepal.es\/concurso-de-escaparates-lustral-fest\/#breadcrumb\",\"itemListElement\":[{\"@type\":\"ListItem\",\"position\":1,\"name\":\"Inicio\",\"item\":\"https:\/\/sodepal.es\/\"},{\"@type\":\"ListItem\",\"position\":2,\"name\":\"Concurso de escaparates &#8211; Lustral Fest\"}]},{\"@type\":\"WebSite\",\"@id\":\"https:\/\/sodepal.es\/#website\",\"url\":\"https:\/\/sodepal.es\/\",\"name\":\"Sodepal\",\"description\":\"SODEPAL es una empresa p\u00fablica dependiente del Cabildo de La Palma. Promoci\u00f3n, Fomento y Desarrollo para la isla de La Palma\",\"publisher\":{\"@id\":\"https:\/\/sodepal.es\/#organization\"},\"alternateName\":\"Sociedad de Promoci\u00f3n y Desarrollo Econ\u00f3mico y Social de La Palma\",\"potentialAction\":[{\"@type\":\"SearchAction\",\"target\":{\"@type\":\"EntryPoint\",\"urlTemplate\":\"https:\/\/sodepal.es\/?s={search_term_string}\"},\"query-input\":{\"@type\":\"PropertyValueSpecification\",\"valueRequired\":true,\"valueName\":\"search_term_string\"}}],\"inLanguage\":\"en-GB\"},{\"@type\":\"Organization\",\"@id\":\"https:\/\/sodepal.es\/#organization\",\"name\":\"Sociedad de Promoci\u00f3n y Desarrollo Econ\u00f3mico y Social de La Palma\",\"alternateName\":\"Sodepal\",\"url\":\"https:\/\/sodepal.es\/\",\"logo\":{\"@type\":\"ImageObject\",\"inLanguage\":\"en-GB\",\"@id\":\"https:\/\/sodepal.es\/#\/schema\/logo\/image\/\",\"url\":\"https:\/\/sodepal.es\/wp-content\/uploads\/2022\/09\/logo_web.png\",\"contentUrl\":\"https:\/\/sodepal.es\/wp-content\/uploads\/2022\/09\/logo_web.png\",\"width\":658,\"height\":156,\"caption\":\"Sociedad de Promoci\u00f3n y Desarrollo Econ\u00f3mico y Social de La Palma\"},\"image\":{\"@id\":\"https:\/\/sodepal.es\/#\/schema\/logo\/image\/\"},\"sameAs\":[\"https:\/\/www.facebook.com\/sodepal\",\"https:\/\/www.instagram.com\/sodepallapalma\/\"],\"description\":\"Sociedad de Promoci\u00f3n y Desarrollo econ\u00f3mico y Social de La Palma, empresa p\u00fablica dependiente del Cabildo de La Palma\",\"email\":\"info@sodepal.es\",\"telephone\":\"922417323\",\"legalName\":\"Sociedad de Promoci\u00f3n y Desarrollo Econ\u00f3mico de la isla de La Palma S.A.U.\"}]}<\/script>\n<!-- \/ Yoast SEO Premium plugin. -->","yoast_head_json":{"title":"Concurso de escaparates - Lustral Fest - Sociedad de Promoci\u00f3n y Desarrollo Econ\u00f3mico y Social de La Palma - SODEPAL","description":"La \u201cFeria Empresarial y Comercial de La Palma 2024\u201d evento promovido por el Cabildo Insular de La Palma, y organizado por Sodepal","robots":{"index":"index","follow":"follow","max-snippet":"max-snippet:-1","max-image-preview":"max-image-preview:large","max-video-preview":"max-video-preview:-1"},"canonical":"https:\/\/sodepal.es\/en\/concurso-de-escaparates-lustral-fest\/","og_locale":"en_GB","og_type":"article","og_title":"Concurso de escaparates - Lustral Fest","og_description":"La \u201cFeria Empresarial y Comercial de La Palma 2024\u201d evento promovido por el Cabildo Insular de La Palma, y organizado por Sodepal","og_url":"https:\/\/sodepal.es\/en\/concurso-de-escaparates-lustral-fest\/","og_site_name":"Sociedad de Promoci\u00f3n y Desarrollo Econ\u00f3mico y Social de La Palma - SODEPAL","article_publisher":"https:\/\/www.facebook.com\/sodepal","article_modified_time":"2025-06-25T10:44:15+00:00","og_image":[{"width":2000,"height":877,"url":"https:\/\/sodepal.es\/wp-content\/uploads\/2025\/06\/concurso_escaparate2.jpg","type":"image\/jpeg"}],"twitter_card":"summary_large_image","schema":{"@context":"https:\/\/schema.org","@graph":[{"@type":"WebPage","@id":"https:\/\/sodepal.es\/concurso-de-escaparates-lustral-fest\/","url":"https:\/\/sodepal.es\/concurso-de-escaparates-lustral-fest\/","name":"Concurso de escaparates - Lustral Fest - Sociedad de Promoci\u00f3n y Desarrollo Econ\u00f3mico y Social de La Palma - SODEPAL","isPartOf":{"@id":"https:\/\/sodepal.es\/#website"},"primaryImageOfPage":{"@id":"https:\/\/sodepal.es\/concurso-de-escaparates-lustral-fest\/#primaryimage"},"image":{"@id":"https:\/\/sodepal.es\/concurso-de-escaparates-lustral-fest\/#primaryimage"},"thumbnailUrl":"https:\/\/sodepal.es\/wp-content\/uploads\/2025\/06\/concurso_escaparate2.jpg","datePublished":"2025-06-09T10:24:04+00:00","dateModified":"2025-06-25T10:44:15+00:00","description":"La \u201cFeria Empresarial y Comercial de La Palma 2024\u201d evento promovido por el Cabildo Insular de La Palma, y organizado por Sodepal","breadcrumb":{"@id":"https:\/\/sodepal.es\/concurso-de-escaparates-lustral-fest\/#breadcrumb"},"inLanguage":"en-GB","potentialAction":[{"@type":"ReadAction","target":["https:\/\/sodepal.es\/concurso-de-escaparates-lustral-fest\/"]}]},{"@type":"ImageObject","inLanguage":"en-GB","@id":"https:\/\/sodepal.es\/concurso-de-escaparates-lustral-fest\/#primaryimage","url":"https:\/\/sodepal.es\/wp-content\/uploads\/2025\/06\/concurso_escaparate2.jpg","contentUrl":"https:\/\/sodepal.es\/wp-content\/uploads\/2025\/06\/concurso_escaparate2.jpg"},{"@type":"BreadcrumbList","@id":"https:\/\/sodepal.es\/concurso-de-escaparates-lustral-fest\/#breadcrumb","itemListElement":[{"@type":"ListItem","position":1,"name":"Inicio","item":"https:\/\/sodepal.es\/"},{"@type":"ListItem","position":2,"name":"Concurso de escaparates &#8211; Lustral Fest"}]},{"@type":"WebSite","@id":"https:\/\/sodepal.es\/#website","url":"https:\/\/sodepal.es\/","name":"Sodepal","description":"SODEPAL es una empresa p\u00fablica dependiente del Cabildo de La Palma. Promoci\u00f3n, Fomento y Desarrollo para la isla de La Palma","publisher":{"@id":"https:\/\/sodepal.es\/#organization"},"alternateName":"Sociedad de Promoci\u00f3n y Desarrollo Econ\u00f3mico y Social de La Palma","potentialAction":[{"@type":"SearchAction","target":{"@type":"EntryPoint","urlTemplate":"https:\/\/sodepal.es\/?s={search_term_string}"},"query-input":{"@type":"PropertyValueSpecification","valueRequired":true,"valueName":"search_term_string"}}],"inLanguage":"en-GB"},{"@type":"Organization","@id":"https:\/\/sodepal.es\/#organization","name":"Sociedad de Promoci\u00f3n y Desarrollo Econ\u00f3mico y Social de La Palma","alternateName":"Sodepal","url":"https:\/\/sodepal.es\/","logo":{"@type":"ImageObject","inLanguage":"en-GB","@id":"https:\/\/sodepal.es\/#\/schema\/logo\/image\/","url":"https:\/\/sodepal.es\/wp-content\/uploads\/2022\/09\/logo_web.png","contentUrl":"https:\/\/sodepal.es\/wp-content\/uploads\/2022\/09\/logo_web.png","width":658,"height":156,"caption":"Sociedad de Promoci\u00f3n y Desarrollo Econ\u00f3mico y Social de La Palma"},"image":{"@id":"https:\/\/sodepal.es\/#\/schema\/logo\/image\/"},"sameAs":["https:\/\/www.facebook.com\/sodepal","https:\/\/www.instagram.com\/sodepallapalma\/"],"description":"Sociedad de Promoci\u00f3n y Desarrollo econ\u00f3mico y Social de La Palma, empresa p\u00fablica dependiente del Cabildo de La Palma","email":"info@sodepal.es","telephone":"922417323","legalName":"Sociedad de Promoci\u00f3n y Desarrollo Econ\u00f3mico de la isla de La Palma S.A.U."}]}},"_links":{"self":[{"href":"https:\/\/sodepal.es\/en\/wp-json\/wp\/v2\/pages\/24210","targetHints":{"allow":["GET"]}}],"collection":[{"href":"https:\/\/sodepal.es\/en\/wp-json\/wp\/v2\/pages"}],"about":[{"href":"https:\/\/sodepal.es\/en\/wp-json\/wp\/v2\/types\/page"}],"author":[{"embeddable":true,"href":"https:\/\/sodepal.es\/en\/wp-json\/wp\/v2\/users\/1"}],"replies":[{"embeddable":true,"href":"https:\/\/sodepal.es\/en\/wp-json\/wp\/v2\/comments?post=24210"}],"version-history":[{"count":0,"href":"https:\/\/sodepal.es\/en\/wp-json\/wp\/v2\/pages\/24210\/revisions"}],"wp:attachment":[{"href":"https:\/\/sodepal.es\/en\/wp-json\/wp\/v2\/media?parent=24210"}],"curies":[{"name":"wp","href":"https:\/\/api.w.org\/{rel}","templated":true}]}}