{"id":24433,"date":"2025-06-20T11:04:31","date_gmt":"2025-06-20T11:04:31","guid":{"rendered":"https:\/\/sodepal.es\/?page_id=24433"},"modified":"2025-06-24T08:54:12","modified_gmt":"2025-06-24T08:54:12","slug":"semana-social-2025","status":"publish","type":"page","link":"https:\/\/sodepal.es\/en\/semana-social-2025\/","title":{"rendered":"Social Week 2025"},"content":{"rendered":"<div data-elementor-type=\"wp-page\" data-elementor-id=\"24433\" class=\"elementor elementor-24433\" data-elementor-post-type=\"page\">\n\t\t\t\t<div class=\"elementor-element elementor-element-d513430 e-flex e-con-boxed e-con e-parent\" data-id=\"d513430\" data-element_type=\"container\" data-e-type=\"container\">\n\t\t\t\t\t<div class=\"e-con-inner\">\n\t\t\t\t<div class=\"elementor-element elementor-element-962bbe6 elementor-widget elementor-widget-image\" data-id=\"962bbe6\" data-element_type=\"widget\" data-e-type=\"widget\" data-widget_type=\"image.default\">\n\t\t\t\t<div class=\"elementor-widget-container\">\n\t\t\t\t\t\t\t\t\t\t\t\t\t\t\t<img fetchpriority=\"high\" decoding=\"async\" width=\"573\" height=\"1024\" src=\"https:\/\/sodepal.es\/wp-content\/uploads\/2025\/06\/Semana_Social_v2-573x1024.jpg\" class=\"attachment-large size-large wp-image-24453\" alt=\"\" srcset=\"https:\/\/sodepal.es\/wp-content\/uploads\/2025\/06\/Semana_Social_v2-573x1024.jpg 573w, https:\/\/sodepal.es\/wp-content\/uploads\/2025\/06\/Semana_Social_v2-168x300.jpg 168w, https:\/\/sodepal.es\/wp-content\/uploads\/2025\/06\/Semana_Social_v2-430x768.jpg 430w, https:\/\/sodepal.es\/wp-content\/uploads\/2025\/06\/Semana_Social_v2-860x1536.jpg 860w, https:\/\/sodepal.es\/wp-content\/uploads\/2025\/06\/Semana_Social_v2-7x12.jpg 7w, https:\/\/sodepal.es\/wp-content\/uploads\/2025\/06\/Semana_Social_v2.jpg 1125w\" sizes=\"(max-width: 573px) 100vw, 573px\" \/>\t\t\t\t\t\t\t\t\t\t\t\t\t\t\t<\/div>\n\t\t\t\t<\/div>\n\t\t\t\t<div class=\"elementor-element elementor-element-1b7178b elementor-widget elementor-widget-image\" data-id=\"1b7178b\" data-element_type=\"widget\" data-e-type=\"widget\" data-widget_type=\"image.default\">\n\t\t\t\t<div class=\"elementor-widget-container\">\n\t\t\t\t\t\t\t\t\t\t\t\t\t\t\t\t<a href=\"https:\/\/sodepal.es\/wp-content\/uploads\/2025\/06\/CARTEL-SEMANA-SOCIAL-03-scaled.jpg\" data-elementor-open-lightbox=\"yes\" data-elementor-lightbox-title=\"CARTEL SEMANA SOCIAL-03\" data-e-action-hash=\"#elementor-action%3Aaction%3Dlightbox%26settings%3DeyJpZCI6MjQ0NDMsInVybCI6Imh0dHBzOlwvXC9zb2RlcGFsLmVzXC93cC1jb250ZW50XC91cGxvYWRzXC8yMDI1XC8wNlwvQ0FSVEVMLVNFTUFOQS1TT0NJQUwtMDMtc2NhbGVkLmpwZyJ9\">\n\t\t\t\t\t\t\t<img decoding=\"async\" width=\"573\" height=\"1024\" src=\"https:\/\/sodepal.es\/wp-content\/uploads\/2025\/06\/CARTEL-SEMANA-SOCIAL-03-573x1024.jpg\" class=\"attachment-large size-large wp-image-24443\" alt=\"\" srcset=\"https:\/\/sodepal.es\/wp-content\/uploads\/2025\/06\/CARTEL-SEMANA-SOCIAL-03-573x1024.jpg 573w, https:\/\/sodepal.es\/wp-content\/uploads\/2025\/06\/CARTEL-SEMANA-SOCIAL-03-168x300.jpg 168w, https:\/\/sodepal.es\/wp-content\/uploads\/2025\/06\/CARTEL-SEMANA-SOCIAL-03-430x768.jpg 430w, https:\/\/sodepal.es\/wp-content\/uploads\/2025\/06\/CARTEL-SEMANA-SOCIAL-03-860x1536.jpg 860w, https:\/\/sodepal.es\/wp-content\/uploads\/2025\/06\/CARTEL-SEMANA-SOCIAL-03-1146x2048.jpg 1146w, https:\/\/sodepal.es\/wp-content\/uploads\/2025\/06\/CARTEL-SEMANA-SOCIAL-03-7x12.jpg 7w, https:\/\/sodepal.es\/wp-content\/uploads\/2025\/06\/CARTEL-SEMANA-SOCIAL-03-scaled.jpg 1433w\" sizes=\"(max-width: 573px) 100vw, 573px\" \/>\t\t\t\t\t\t\t\t<\/a>\n\t\t\t\t\t\t\t\t\t\t\t\t\t\t\t<\/div>\n\t\t\t\t<\/div>\n\t\t\t\t\t<\/div>\n\t\t\t\t<\/div>\n\t\t<div class=\"elementor-element elementor-element-50fd7bd e-flex e-con-boxed elementor-invisible e-con e-parent\" data-id=\"50fd7bd\" data-element_type=\"container\" data-e-type=\"container\" data-settings=\"{&quot;animation&quot;:&quot;fadeInLeft&quot;}\">\n\t\t\t\t\t<div class=\"e-con-inner\">\n\t\t\t\t<div class=\"elementor-element elementor-element-90e70a6 elementor-widget elementor-widget-image\" data-id=\"90e70a6\" data-element_type=\"widget\" data-e-type=\"widget\" data-widget_type=\"image.default\">\n\t\t\t\t<div class=\"elementor-widget-container\">\n\t\t\t\t\t\t\t\t\t\t\t\t\t\t\t\t<a href=\"https:\/\/sodepal.es\/wp-content\/uploads\/2025\/06\/Semana_Social3.jpg\" data-elementor-open-lightbox=\"yes\" data-elementor-lightbox-title=\"CARTEL SEMANA SOCIAL\" data-e-action-hash=\"#elementor-action%3Aaction%3Dlightbox%26settings%3DeyJpZCI6MjQ0NDYsInVybCI6Imh0dHBzOlwvXC9zb2RlcGFsLmVzXC93cC1jb250ZW50XC91cGxvYWRzXC8yMDI1XC8wNlwvU2VtYW5hX1NvY2lhbDMuanBnIn0%3D\">\n\t\t\t\t\t\t\t<img decoding=\"async\" width=\"819\" height=\"1024\" src=\"https:\/\/sodepal.es\/wp-content\/uploads\/2025\/06\/Semana_Social3-819x1024.jpg\" class=\"attachment-large size-large wp-image-24446\" alt=\"\" srcset=\"https:\/\/sodepal.es\/wp-content\/uploads\/2025\/06\/Semana_Social3-819x1024.jpg 819w, https:\/\/sodepal.es\/wp-content\/uploads\/2025\/06\/Semana_Social3-240x300.jpg 240w, https:\/\/sodepal.es\/wp-content\/uploads\/2025\/06\/Semana_Social3-614x768.jpg 614w, https:\/\/sodepal.es\/wp-content\/uploads\/2025\/06\/Semana_Social3-10x12.jpg 10w, https:\/\/sodepal.es\/wp-content\/uploads\/2025\/06\/Semana_Social3.jpg 1080w\" sizes=\"(max-width: 819px) 100vw, 819px\" \/>\t\t\t\t\t\t\t\t<\/a>\n\t\t\t\t\t\t\t\t\t\t\t\t\t\t\t<\/div>\n\t\t\t\t<\/div>\n\t\t\t\t<div class=\"elementor-element elementor-element-7c85f97 elementor-widget elementor-widget-image\" data-id=\"7c85f97\" data-element_type=\"widget\" data-e-type=\"widget\" data-widget_type=\"image.default\">\n\t\t\t\t<div class=\"elementor-widget-container\">\n\t\t\t\t\t\t\t\t\t\t\t\t\t\t\t\t<a href=\"https:\/\/sodepal.es\/wp-content\/uploads\/2025\/06\/Semana_Social5.jpg\" data-elementor-open-lightbox=\"yes\" data-elementor-lightbox-title=\"CARTEL SEMANA SOCIAL\" data-e-action-hash=\"#elementor-action%3Aaction%3Dlightbox%26settings%3DeyJpZCI6MjQ0NDgsInVybCI6Imh0dHBzOlwvXC9zb2RlcGFsLmVzXC93cC1jb250ZW50XC91cGxvYWRzXC8yMDI1XC8wNlwvU2VtYW5hX1NvY2lhbDUuanBnIn0%3D\">\n\t\t\t\t\t\t\t<img loading=\"lazy\" decoding=\"async\" width=\"819\" height=\"1024\" src=\"https:\/\/sodepal.es\/wp-content\/uploads\/2025\/06\/Semana_Social5-819x1024.jpg\" class=\"attachment-large size-large wp-image-24448\" alt=\"\" srcset=\"https:\/\/sodepal.es\/wp-content\/uploads\/2025\/06\/Semana_Social5-819x1024.jpg 819w, https:\/\/sodepal.es\/wp-content\/uploads\/2025\/06\/Semana_Social5-240x300.jpg 240w, https:\/\/sodepal.es\/wp-content\/uploads\/2025\/06\/Semana_Social5-614x768.jpg 614w, https:\/\/sodepal.es\/wp-content\/uploads\/2025\/06\/Semana_Social5-10x12.jpg 10w, https:\/\/sodepal.es\/wp-content\/uploads\/2025\/06\/Semana_Social5.jpg 1080w\" sizes=\"(max-width: 819px) 100vw, 819px\" \/>\t\t\t\t\t\t\t\t<\/a>\n\t\t\t\t\t\t\t\t\t\t\t\t\t\t\t<\/div>\n\t\t\t\t<\/div>\n\t\t\t\t<div class=\"elementor-element elementor-element-79ce832 elementor-widget elementor-widget-image\" data-id=\"79ce832\" data-element_type=\"widget\" data-e-type=\"widget\" data-widget_type=\"image.default\">\n\t\t\t\t<div class=\"elementor-widget-container\">\n\t\t\t\t\t\t\t\t\t\t\t\t\t\t\t\t<a href=\"https:\/\/sodepal.es\/wp-content\/uploads\/2025\/06\/Semana_Social6.jpg\" data-elementor-open-lightbox=\"yes\" data-elementor-lightbox-title=\"CARTEL SEMANA SOCIAL\" data-e-action-hash=\"#elementor-action%3Aaction%3Dlightbox%26settings%3DeyJpZCI6MjQ0NDIsInVybCI6Imh0dHBzOlwvXC9zb2RlcGFsLmVzXC93cC1jb250ZW50XC91cGxvYWRzXC8yMDI1XC8wNlwvU2VtYW5hX1NvY2lhbDYuanBnIn0%3D\">\n\t\t\t\t\t\t\t<img loading=\"lazy\" decoding=\"async\" width=\"819\" height=\"1024\" src=\"https:\/\/sodepal.es\/wp-content\/uploads\/2025\/06\/Semana_Social6-819x1024.jpg\" class=\"attachment-large size-large wp-image-24442\" alt=\"\" srcset=\"https:\/\/sodepal.es\/wp-content\/uploads\/2025\/06\/Semana_Social6-819x1024.jpg 819w, https:\/\/sodepal.es\/wp-content\/uploads\/2025\/06\/Semana_Social6-240x300.jpg 240w, https:\/\/sodepal.es\/wp-content\/uploads\/2025\/06\/Semana_Social6-614x768.jpg 614w, https:\/\/sodepal.es\/wp-content\/uploads\/2025\/06\/Semana_Social6-10x12.jpg 10w, https:\/\/sodepal.es\/wp-content\/uploads\/2025\/06\/Semana_Social6.jpg 1080w\" sizes=\"(max-width: 819px) 100vw, 819px\" \/>\t\t\t\t\t\t\t\t<\/a>\n\t\t\t\t\t\t\t\t\t\t\t\t\t\t\t<\/div>\n\t\t\t\t<\/div>\n\t\t\t\t\t<\/div>\n\t\t\t\t<\/div>\n\t\t<div class=\"elementor-element elementor-element-6bde743 e-flex e-con-boxed elementor-invisible e-con e-parent\" data-id=\"6bde743\" data-element_type=\"container\" data-e-type=\"container\" data-settings=\"{&quot;animation&quot;:&quot;fadeInRight&quot;}\">\n\t\t\t\t\t<div class=\"e-con-inner\">\n\t\t\t\t<div class=\"elementor-element elementor-element-d344c56 elementor-widget elementor-widget-image\" data-id=\"d344c56\" data-element_type=\"widget\" data-e-type=\"widget\" data-widget_type=\"image.default\">\n\t\t\t\t<div class=\"elementor-widget-container\">\n\t\t\t\t\t\t\t\t\t\t\t\t\t\t\t\t<a href=\"https:\/\/sodepal.es\/wp-content\/uploads\/2025\/06\/Semana_Social1.jpg\" data-elementor-open-lightbox=\"yes\" data-elementor-lightbox-title=\"CARTEL SEMANA SOCIAL\" data-e-action-hash=\"#elementor-action%3Aaction%3Dlightbox%26settings%3DeyJpZCI6MjQ0NDQsInVybCI6Imh0dHBzOlwvXC9zb2RlcGFsLmVzXC93cC1jb250ZW50XC91cGxvYWRzXC8yMDI1XC8wNlwvU2VtYW5hX1NvY2lhbDEuanBnIn0%3D\">\n\t\t\t\t\t\t\t<img loading=\"lazy\" decoding=\"async\" width=\"819\" height=\"1024\" src=\"https:\/\/sodepal.es\/wp-content\/uploads\/2025\/06\/Semana_Social1-819x1024.jpg\" class=\"attachment-large size-large wp-image-24444\" alt=\"\" srcset=\"https:\/\/sodepal.es\/wp-content\/uploads\/2025\/06\/Semana_Social1-819x1024.jpg 819w, https:\/\/sodepal.es\/wp-content\/uploads\/2025\/06\/Semana_Social1-240x300.jpg 240w, https:\/\/sodepal.es\/wp-content\/uploads\/2025\/06\/Semana_Social1-614x768.jpg 614w, https:\/\/sodepal.es\/wp-content\/uploads\/2025\/06\/Semana_Social1-10x12.jpg 10w, https:\/\/sodepal.es\/wp-content\/uploads\/2025\/06\/Semana_Social1.jpg 1080w\" sizes=\"(max-width: 819px) 100vw, 819px\" \/>\t\t\t\t\t\t\t\t<\/a>\n\t\t\t\t\t\t\t\t\t\t\t\t\t\t\t<\/div>\n\t\t\t\t<\/div>\n\t\t\t\t<div class=\"elementor-element elementor-element-465a71f elementor-widget elementor-widget-image\" data-id=\"465a71f\" data-element_type=\"widget\" data-e-type=\"widget\" data-widget_type=\"image.default\">\n\t\t\t\t<div class=\"elementor-widget-container\">\n\t\t\t\t\t\t\t\t\t\t\t\t\t\t\t\t<a href=\"https:\/\/sodepal.es\/wp-content\/uploads\/2025\/06\/Semana_Social2.jpg\" data-elementor-open-lightbox=\"yes\" data-elementor-lightbox-title=\"CARTEL SEMANA SOCIAL\" data-e-action-hash=\"#elementor-action%3Aaction%3Dlightbox%26settings%3DeyJpZCI6MjQ0NDUsInVybCI6Imh0dHBzOlwvXC9zb2RlcGFsLmVzXC93cC1jb250ZW50XC91cGxvYWRzXC8yMDI1XC8wNlwvU2VtYW5hX1NvY2lhbDIuanBnIn0%3D\">\n\t\t\t\t\t\t\t<img loading=\"lazy\" decoding=\"async\" width=\"819\" height=\"1024\" src=\"https:\/\/sodepal.es\/wp-content\/uploads\/2025\/06\/Semana_Social2-819x1024.jpg\" class=\"attachment-large size-large wp-image-24445\" alt=\"\" srcset=\"https:\/\/sodepal.es\/wp-content\/uploads\/2025\/06\/Semana_Social2-819x1024.jpg 819w, https:\/\/sodepal.es\/wp-content\/uploads\/2025\/06\/Semana_Social2-240x300.jpg 240w, https:\/\/sodepal.es\/wp-content\/uploads\/2025\/06\/Semana_Social2-614x768.jpg 614w, https:\/\/sodepal.es\/wp-content\/uploads\/2025\/06\/Semana_Social2-10x12.jpg 10w, https:\/\/sodepal.es\/wp-content\/uploads\/2025\/06\/Semana_Social2.jpg 1080w\" sizes=\"(max-width: 819px) 100vw, 819px\" \/>\t\t\t\t\t\t\t\t<\/a>\n\t\t\t\t\t\t\t\t\t\t\t\t\t\t\t<\/div>\n\t\t\t\t<\/div>\n\t\t\t\t<div class=\"elementor-element elementor-element-f5ee90c elementor-widget elementor-widget-image\" data-id=\"f5ee90c\" data-element_type=\"widget\" data-e-type=\"widget\" data-widget_type=\"image.default\">\n\t\t\t\t<div class=\"elementor-widget-container\">\n\t\t\t\t\t\t\t\t\t\t\t\t\t\t\t\t<a href=\"https:\/\/sodepal.es\/wp-content\/uploads\/2025\/06\/Semana_Social4.jpg\" data-elementor-open-lightbox=\"yes\" data-elementor-lightbox-title=\"CARTEL SEMANA SOCIAL\" data-e-action-hash=\"#elementor-action%3Aaction%3Dlightbox%26settings%3DeyJpZCI6MjQ0NDcsInVybCI6Imh0dHBzOlwvXC9zb2RlcGFsLmVzXC93cC1jb250ZW50XC91cGxvYWRzXC8yMDI1XC8wNlwvU2VtYW5hX1NvY2lhbDQuanBnIn0%3D\">\n\t\t\t\t\t\t\t<img loading=\"lazy\" decoding=\"async\" width=\"819\" height=\"1024\" src=\"https:\/\/sodepal.es\/wp-content\/uploads\/2025\/06\/Semana_Social4-819x1024.jpg\" class=\"attachment-large size-large wp-image-24447\" alt=\"\" srcset=\"https:\/\/sodepal.es\/wp-content\/uploads\/2025\/06\/Semana_Social4-819x1024.jpg 819w, https:\/\/sodepal.es\/wp-content\/uploads\/2025\/06\/Semana_Social4-240x300.jpg 240w, https:\/\/sodepal.es\/wp-content\/uploads\/2025\/06\/Semana_Social4-614x768.jpg 614w, https:\/\/sodepal.es\/wp-content\/uploads\/2025\/06\/Semana_Social4-10x12.jpg 10w, https:\/\/sodepal.es\/wp-content\/uploads\/2025\/06\/Semana_Social4.jpg 1080w\" sizes=\"(max-width: 819px) 100vw, 819px\" \/>\t\t\t\t\t\t\t\t<\/a>\n\t\t\t\t\t\t\t\t\t\t\t\t\t\t\t<\/div>\n\t\t\t\t<\/div>\n\t\t\t\t\t<\/div>\n\t\t\t\t<\/div>\n\t\t<div class=\"elementor-element elementor-element-6c43631 e-flex e-con-boxed elementor-invisible e-con e-parent\" data-id=\"6c43631\" data-element_type=\"container\" data-e-type=\"container\" data-settings=\"{&quot;animation&quot;:&quot;fadeInLeft&quot;}\">\n\t\t\t\t\t<div class=\"e-con-inner\">\n\t\t\t\t<div class=\"elementor-element elementor-element-4bdd700 elementor-widget elementor-widget-image\" data-id=\"4bdd700\" data-element_type=\"widget\" data-e-type=\"widget\" data-widget_type=\"image.default\">\n\t\t\t\t<div class=\"elementor-widget-container\">\n\t\t\t\t\t\t\t\t\t\t\t\t\t\t\t\t<a href=\"https:\/\/sodepal.es\/wp-content\/uploads\/2025\/06\/Cartel_Concierto.jpg\" data-elementor-open-lightbox=\"yes\" data-elementor-lightbox-title=\"CARTEL SEMANA SOCIAL\" data-e-action-hash=\"#elementor-action%3Aaction%3Dlightbox%26settings%3DeyJpZCI6MjQ0NjksInVybCI6Imh0dHBzOlwvXC9zb2RlcGFsLmVzXC93cC1jb250ZW50XC91cGxvYWRzXC8yMDI1XC8wNlwvQ2FydGVsX0NvbmNpZXJ0by5qcGcifQ%3D%3D\">\n\t\t\t\t\t\t\t<img loading=\"lazy\" decoding=\"async\" width=\"819\" height=\"1024\" src=\"https:\/\/sodepal.es\/wp-content\/uploads\/2025\/06\/Cartel_Concierto-819x1024.jpg\" class=\"attachment-large size-large wp-image-24469\" alt=\"\" srcset=\"https:\/\/sodepal.es\/wp-content\/uploads\/2025\/06\/Cartel_Concierto-819x1024.jpg 819w, https:\/\/sodepal.es\/wp-content\/uploads\/2025\/06\/Cartel_Concierto-240x300.jpg 240w, https:\/\/sodepal.es\/wp-content\/uploads\/2025\/06\/Cartel_Concierto-614x768.jpg 614w, https:\/\/sodepal.es\/wp-content\/uploads\/2025\/06\/Cartel_Concierto-10x12.jpg 10w, https:\/\/sodepal.es\/wp-content\/uploads\/2025\/06\/Cartel_Concierto.jpg 1080w\" sizes=\"(max-width: 819px) 100vw, 819px\" \/>\t\t\t\t\t\t\t\t<\/a>\n\t\t\t\t\t\t\t\t\t\t\t\t\t\t\t<\/div>\n\t\t\t\t<\/div>\n\t\t\t\t\t<\/div>\n\t\t\t\t<\/div>\n\t\t\t\t<\/div>","protected":false},"excerpt":{"rendered":"","protected":false},"author":1,"featured_media":0,"parent":0,"menu_order":0,"comment_status":"closed","ping_status":"closed","template":"","meta":{"_acf_changed":false,"footnotes":""},"class_list":["post-24433","page","type-page","status-publish"],"acf":[],"yoast_head":"<!-- This site is optimized with the Yoast SEO Premium plugin v22.0 (Yoast SEO v27.2) - https:\/\/yoast.com\/product\/yoast-seo-premium-wordpress\/ -->\n<title>Semana Social 2025 - Sociedad de Promoci\u00f3n y Desarrollo Econ\u00f3mico y Social de La Palma - SODEPAL<\/title>\n<meta name=\"robots\" content=\"index, follow, max-snippet:-1, max-image-preview:large, max-video-preview:-1\" \/>\n<link rel=\"canonical\" href=\"https:\/\/sodepal.es\/en\/semana-social-2025\/\" \/>\n<meta property=\"og:locale\" content=\"en_GB\" \/>\n<meta property=\"og:type\" content=\"article\" \/>\n<meta property=\"og:title\" content=\"Semana Social 2025\" \/>\n<meta property=\"og:url\" content=\"https:\/\/sodepal.es\/en\/semana-social-2025\/\" \/>\n<meta property=\"og:site_name\" content=\"Sociedad de Promoci\u00f3n y Desarrollo Econ\u00f3mico y Social de La Palma - SODEPAL\" \/>\n<meta property=\"article:publisher\" content=\"https:\/\/www.facebook.com\/sodepal\" \/>\n<meta property=\"article:modified_time\" content=\"2025-06-24T08:54:12+00:00\" \/>\n<meta property=\"og:image\" content=\"https:\/\/sodepal.es\/wp-content\/uploads\/2025\/06\/Semana_Social_v2.jpg\" \/>\n\t<meta property=\"og:image:width\" content=\"1125\" \/>\n\t<meta property=\"og:image:height\" content=\"2010\" \/>\n\t<meta property=\"og:image:type\" content=\"image\/jpeg\" \/>\n<meta name=\"twitter:card\" content=\"summary_large_image\" \/>\n<script type=\"application\/ld+json\" class=\"yoast-schema-graph\">{\"@context\":\"https:\/\/schema.org\",\"@graph\":[{\"@type\":\"WebPage\",\"@id\":\"https:\/\/sodepal.es\/semana-social-2025\/\",\"url\":\"https:\/\/sodepal.es\/semana-social-2025\/\",\"name\":\"Semana Social 2025 - Sociedad de Promoci\u00f3n y Desarrollo Econ\u00f3mico y Social de La Palma - SODEPAL\",\"isPartOf\":{\"@id\":\"https:\/\/sodepal.es\/#website\"},\"primaryImageOfPage\":{\"@id\":\"https:\/\/sodepal.es\/semana-social-2025\/#primaryimage\"},\"image\":{\"@id\":\"https:\/\/sodepal.es\/semana-social-2025\/#primaryimage\"},\"thumbnailUrl\":\"https:\/\/sodepal.es\/wp-content\/uploads\/2025\/06\/Semana_Social_v2-573x1024.jpg\",\"datePublished\":\"2025-06-20T11:04:31+00:00\",\"dateModified\":\"2025-06-24T08:54:12+00:00\",\"breadcrumb\":{\"@id\":\"https:\/\/sodepal.es\/semana-social-2025\/#breadcrumb\"},\"inLanguage\":\"en-GB\",\"potentialAction\":[{\"@type\":\"ReadAction\",\"target\":[\"https:\/\/sodepal.es\/semana-social-2025\/\"]}]},{\"@type\":\"ImageObject\",\"inLanguage\":\"en-GB\",\"@id\":\"https:\/\/sodepal.es\/semana-social-2025\/#primaryimage\",\"url\":\"https:\/\/sodepal.es\/wp-content\/uploads\/2025\/06\/Semana_Social_v2-573x1024.jpg\",\"contentUrl\":\"https:\/\/sodepal.es\/wp-content\/uploads\/2025\/06\/Semana_Social_v2-573x1024.jpg\"},{\"@type\":\"BreadcrumbList\",\"@id\":\"https:\/\/sodepal.es\/semana-social-2025\/#breadcrumb\",\"itemListElement\":[{\"@type\":\"ListItem\",\"position\":1,\"name\":\"Inicio\",\"item\":\"https:\/\/sodepal.es\/\"},{\"@type\":\"ListItem\",\"position\":2,\"name\":\"Semana Social 2025\"}]},{\"@type\":\"WebSite\",\"@id\":\"https:\/\/sodepal.es\/#website\",\"url\":\"https:\/\/sodepal.es\/\",\"name\":\"Sodepal\",\"description\":\"SODEPAL es una empresa p\u00fablica dependiente del Cabildo de La Palma. Promoci\u00f3n, Fomento y Desarrollo para la isla de La Palma\",\"publisher\":{\"@id\":\"https:\/\/sodepal.es\/#organization\"},\"alternateName\":\"Sociedad de Promoci\u00f3n y Desarrollo Econ\u00f3mico y Social de La Palma\",\"potentialAction\":[{\"@type\":\"SearchAction\",\"target\":{\"@type\":\"EntryPoint\",\"urlTemplate\":\"https:\/\/sodepal.es\/?s={search_term_string}\"},\"query-input\":{\"@type\":\"PropertyValueSpecification\",\"valueRequired\":true,\"valueName\":\"search_term_string\"}}],\"inLanguage\":\"en-GB\"},{\"@type\":\"Organization\",\"@id\":\"https:\/\/sodepal.es\/#organization\",\"name\":\"Sociedad de Promoci\u00f3n y Desarrollo Econ\u00f3mico y Social de La Palma\",\"alternateName\":\"Sodepal\",\"url\":\"https:\/\/sodepal.es\/\",\"logo\":{\"@type\":\"ImageObject\",\"inLanguage\":\"en-GB\",\"@id\":\"https:\/\/sodepal.es\/#\/schema\/logo\/image\/\",\"url\":\"https:\/\/sodepal.es\/wp-content\/uploads\/2022\/09\/logo_web.png\",\"contentUrl\":\"https:\/\/sodepal.es\/wp-content\/uploads\/2022\/09\/logo_web.png\",\"width\":658,\"height\":156,\"caption\":\"Sociedad de Promoci\u00f3n y Desarrollo Econ\u00f3mico y Social de La Palma\"},\"image\":{\"@id\":\"https:\/\/sodepal.es\/#\/schema\/logo\/image\/\"},\"sameAs\":[\"https:\/\/www.facebook.com\/sodepal\",\"https:\/\/www.instagram.com\/sodepallapalma\/\"],\"description\":\"Sociedad de Promoci\u00f3n y Desarrollo econ\u00f3mico y Social de La Palma, empresa p\u00fablica dependiente del Cabildo de La Palma\",\"email\":\"info@sodepal.es\",\"telephone\":\"922417323\",\"legalName\":\"Sociedad de Promoci\u00f3n y Desarrollo Econ\u00f3mico de la isla de La Palma S.A.U.\"}]}<\/script>\n<!-- \/ Yoast SEO Premium plugin. -->","yoast_head_json":{"title":"Semana Social 2025 - Sociedad de Promoci\u00f3n y Desarrollo Econ\u00f3mico y Social de La Palma - SODEPAL","robots":{"index":"index","follow":"follow","max-snippet":"max-snippet:-1","max-image-preview":"max-image-preview:large","max-video-preview":"max-video-preview:-1"},"canonical":"https:\/\/sodepal.es\/en\/semana-social-2025\/","og_locale":"en_GB","og_type":"article","og_title":"Semana Social 2025","og_url":"https:\/\/sodepal.es\/en\/semana-social-2025\/","og_site_name":"Sociedad de Promoci\u00f3n y Desarrollo Econ\u00f3mico y Social de La Palma - SODEPAL","article_publisher":"https:\/\/www.facebook.com\/sodepal","article_modified_time":"2025-06-24T08:54:12+00:00","og_image":[{"width":1125,"height":2010,"url":"https:\/\/sodepal.es\/wp-content\/uploads\/2025\/06\/Semana_Social_v2.jpg","type":"image\/jpeg"}],"twitter_card":"summary_large_image","schema":{"@context":"https:\/\/schema.org","@graph":[{"@type":"WebPage","@id":"https:\/\/sodepal.es\/semana-social-2025\/","url":"https:\/\/sodepal.es\/semana-social-2025\/","name":"Semana Social 2025 - Sociedad de Promoci\u00f3n y Desarrollo Econ\u00f3mico y Social de La Palma - SODEPAL","isPartOf":{"@id":"https:\/\/sodepal.es\/#website"},"primaryImageOfPage":{"@id":"https:\/\/sodepal.es\/semana-social-2025\/#primaryimage"},"image":{"@id":"https:\/\/sodepal.es\/semana-social-2025\/#primaryimage"},"thumbnailUrl":"https:\/\/sodepal.es\/wp-content\/uploads\/2025\/06\/Semana_Social_v2-573x1024.jpg","datePublished":"2025-06-20T11:04:31+00:00","dateModified":"2025-06-24T08:54:12+00:00","breadcrumb":{"@id":"https:\/\/sodepal.es\/semana-social-2025\/#breadcrumb"},"inLanguage":"en-GB","potentialAction":[{"@type":"ReadAction","target":["https:\/\/sodepal.es\/semana-social-2025\/"]}]},{"@type":"ImageObject","inLanguage":"en-GB","@id":"https:\/\/sodepal.es\/semana-social-2025\/#primaryimage","url":"https:\/\/sodepal.es\/wp-content\/uploads\/2025\/06\/Semana_Social_v2-573x1024.jpg","contentUrl":"https:\/\/sodepal.es\/wp-content\/uploads\/2025\/06\/Semana_Social_v2-573x1024.jpg"},{"@type":"BreadcrumbList","@id":"https:\/\/sodepal.es\/semana-social-2025\/#breadcrumb","itemListElement":[{"@type":"ListItem","position":1,"name":"Inicio","item":"https:\/\/sodepal.es\/"},{"@type":"ListItem","position":2,"name":"Semana Social 2025"}]},{"@type":"WebSite","@id":"https:\/\/sodepal.es\/#website","url":"https:\/\/sodepal.es\/","name":"Sodepal","description":"SODEPAL es una empresa p\u00fablica dependiente del Cabildo de La Palma. Promoci\u00f3n, Fomento y Desarrollo para la isla de La Palma","publisher":{"@id":"https:\/\/sodepal.es\/#organization"},"alternateName":"Sociedad de Promoci\u00f3n y Desarrollo Econ\u00f3mico y Social de La Palma","potentialAction":[{"@type":"SearchAction","target":{"@type":"EntryPoint","urlTemplate":"https:\/\/sodepal.es\/?s={search_term_string}"},"query-input":{"@type":"PropertyValueSpecification","valueRequired":true,"valueName":"search_term_string"}}],"inLanguage":"en-GB"},{"@type":"Organization","@id":"https:\/\/sodepal.es\/#organization","name":"Sociedad de Promoci\u00f3n y Desarrollo Econ\u00f3mico y Social de La Palma","alternateName":"Sodepal","url":"https:\/\/sodepal.es\/","logo":{"@type":"ImageObject","inLanguage":"en-GB","@id":"https:\/\/sodepal.es\/#\/schema\/logo\/image\/","url":"https:\/\/sodepal.es\/wp-content\/uploads\/2022\/09\/logo_web.png","contentUrl":"https:\/\/sodepal.es\/wp-content\/uploads\/2022\/09\/logo_web.png","width":658,"height":156,"caption":"Sociedad de Promoci\u00f3n y Desarrollo Econ\u00f3mico y Social de La Palma"},"image":{"@id":"https:\/\/sodepal.es\/#\/schema\/logo\/image\/"},"sameAs":["https:\/\/www.facebook.com\/sodepal","https:\/\/www.instagram.com\/sodepallapalma\/"],"description":"Sociedad de Promoci\u00f3n y Desarrollo econ\u00f3mico y Social de La Palma, empresa p\u00fablica dependiente del Cabildo de La Palma","email":"info@sodepal.es","telephone":"922417323","legalName":"Sociedad de Promoci\u00f3n y Desarrollo Econ\u00f3mico de la isla de La Palma S.A.U."}]}},"_links":{"self":[{"href":"https:\/\/sodepal.es\/en\/wp-json\/wp\/v2\/pages\/24433","targetHints":{"allow":["GET"]}}],"collection":[{"href":"https:\/\/sodepal.es\/en\/wp-json\/wp\/v2\/pages"}],"about":[{"href":"https:\/\/sodepal.es\/en\/wp-json\/wp\/v2\/types\/page"}],"author":[{"embeddable":true,"href":"https:\/\/sodepal.es\/en\/wp-json\/wp\/v2\/users\/1"}],"replies":[{"embeddable":true,"href":"https:\/\/sodepal.es\/en\/wp-json\/wp\/v2\/comments?post=24433"}],"version-history":[{"count":0,"href":"https:\/\/sodepal.es\/en\/wp-json\/wp\/v2\/pages\/24433\/revisions"}],"wp:attachment":[{"href":"https:\/\/sodepal.es\/en\/wp-json\/wp\/v2\/media?parent=24433"}],"curies":[{"name":"wp","href":"https:\/\/api.w.org\/{rel}","templated":true}]}}