{"id":24844,"date":"2025-08-06T09:09:07","date_gmt":"2025-08-06T09:09:07","guid":{"rendered":"https:\/\/sodepal.es\/?page_id=24844"},"modified":"2026-01-23T12:35:36","modified_gmt":"2026-01-23T12:35:36","slug":"feria-de-salud-belleza-y-bienestar","status":"publish","type":"page","link":"https:\/\/sodepal.es\/en\/feria-de-salud-belleza-y-bienestar\/","title":{"rendered":"Health, Beauty and Wellness Fair"},"content":{"rendered":"<div data-elementor-type=\"wp-page\" data-elementor-id=\"24844\" class=\"elementor elementor-24844\" data-elementor-post-type=\"page\">\n\t\t\t\t<div class=\"elementor-element elementor-element-2f8e1cf e-flex e-con-boxed elementor-invisible e-con e-parent\" data-id=\"2f8e1cf\" data-element_type=\"container\" data-e-type=\"container\" data-settings=\"{&quot;animation&quot;:&quot;fadeIn&quot;,&quot;background_background&quot;:&quot;classic&quot;}\">\n\t\t\t\t\t<div class=\"e-con-inner\">\n\t\t<div class=\"elementor-element elementor-element-3be67a4 e-con-full e-flex e-con e-child\" data-id=\"3be67a4\" data-element_type=\"container\" data-e-type=\"container\">\n\t\t\t\t<div class=\"elementor-element elementor-element-8e727ac elementor-widget elementor-widget-image\" data-id=\"8e727ac\" data-element_type=\"widget\" data-e-type=\"widget\" data-widget_type=\"image.default\">\n\t\t\t\t<div class=\"elementor-widget-container\">\n\t\t\t\t\t\t\t\t\t\t\t\t\t\t\t<img fetchpriority=\"high\" decoding=\"async\" width=\"1024\" height=\"480\" src=\"https:\/\/sodepal.es\/wp-content\/uploads\/2025\/08\/Feria_salud_belleza-1024x480.jpg\" class=\"attachment-large size-large wp-image-24855\" alt=\"\" srcset=\"https:\/\/sodepal.es\/wp-content\/uploads\/2025\/08\/Feria_salud_belleza-1024x480.jpg 1024w, https:\/\/sodepal.es\/wp-content\/uploads\/2025\/08\/Feria_salud_belleza-300x141.jpg 300w, https:\/\/sodepal.es\/wp-content\/uploads\/2025\/08\/Feria_salud_belleza-768x360.jpg 768w, https:\/\/sodepal.es\/wp-content\/uploads\/2025\/08\/Feria_salud_belleza-18x8.jpg 18w, https:\/\/sodepal.es\/wp-content\/uploads\/2025\/08\/Feria_salud_belleza.jpg 1500w\" sizes=\"(max-width: 1024px) 100vw, 1024px\" \/>\t\t\t\t\t\t\t\t\t\t\t\t\t\t\t<\/div>\n\t\t\t\t<\/div>\n\t\t\t\t<div class=\"elementor-element elementor-element-5ee3f9f elementor-invisible elementor-widget elementor-widget-heading\" data-id=\"5ee3f9f\" data-element_type=\"widget\" data-e-type=\"widget\" data-settings=\"{&quot;_animation&quot;:&quot;fadeInUp&quot;}\" data-widget_type=\"heading.default\">\n\t\t\t\t<div class=\"elementor-widget-container\">\n\t\t\t\t\t<h2 class=\"elementor-heading-title elementor-size-default\">Cu\u00f1a de radio publicitaria<\/h2>\t\t\t\t<\/div>\n\t\t\t\t<\/div>\n\t\t\t\t<div class=\"elementor-element elementor-element-0070b80 elementor-widget-divider--view-line_icon elementor-view-default elementor-widget-divider--element-align-center elementor-invisible elementor-widget elementor-widget-divider\" data-id=\"0070b80\" data-element_type=\"widget\" data-e-type=\"widget\" data-settings=\"{&quot;_animation&quot;:&quot;fadeInUp&quot;}\" data-widget_type=\"divider.default\">\n\t\t\t\t<div class=\"elementor-widget-container\">\n\t\t\t\t\t\t\t<div class=\"elementor-divider\">\n\t\t\t<span class=\"elementor-divider-separator\">\n\t\t\t\t\t\t\t<div class=\"elementor-icon elementor-divider__element\">\n\t\t\t\t\t<i aria-hidden=\"true\" class=\"fas fa-angle-down\"><\/i><\/div>\n\t\t\t\t\t\t<\/span>\n\t\t<\/div>\n\t\t\t\t\t\t<\/div>\n\t\t\t\t<\/div>\n\t\t\t\t<div class=\"elementor-element elementor-element-17e2582 elementor-widget elementor-widget-html\" data-id=\"17e2582\" data-element_type=\"widget\" data-e-type=\"widget\" data-widget_type=\"html.default\">\n\t\t\t\t<div class=\"elementor-widget-container\">\n\t\t\t\t\t<audio controls> <source src=\"https:\/\/sodepal.es\/wp-content\/uploads\/2026\/01\/publicidad_Feria_Salud_25.mp3\" type=\"audio\/mpeg\"> Tu navegador no soporta audio HTML5. <\/audio>\t\t\t\t<\/div>\n\t\t\t\t<\/div>\n\t\t\t\t<div class=\"elementor-element elementor-element-256e081 elementor-invisible elementor-widget elementor-widget-heading\" data-id=\"256e081\" data-element_type=\"widget\" data-e-type=\"widget\" data-settings=\"{&quot;_animation&quot;:&quot;fadeInUp&quot;}\" data-widget_type=\"heading.default\">\n\t\t\t\t<div class=\"elementor-widget-container\">\n\t\t\t\t\t<h2 class=\"elementor-heading-title elementor-size-default\">Participating companies<\/h2>\t\t\t\t<\/div>\n\t\t\t\t<\/div>\n\t\t\t\t<div class=\"elementor-element elementor-element-bb47aa2 elementor-widget-divider--view-line_icon elementor-view-default elementor-widget-divider--element-align-center elementor-invisible elementor-widget elementor-widget-divider\" data-id=\"bb47aa2\" data-element_type=\"widget\" data-e-type=\"widget\" data-settings=\"{&quot;_animation&quot;:&quot;fadeInUp&quot;}\" data-widget_type=\"divider.default\">\n\t\t\t\t<div class=\"elementor-widget-container\">\n\t\t\t\t\t\t\t<div class=\"elementor-divider\">\n\t\t\t<span class=\"elementor-divider-separator\">\n\t\t\t\t\t\t\t<div class=\"elementor-icon elementor-divider__element\">\n\t\t\t\t\t<i aria-hidden=\"true\" class=\"fas fa-angle-down\"><\/i><\/div>\n\t\t\t\t\t\t<\/span>\n\t\t<\/div>\n\t\t\t\t\t\t<\/div>\n\t\t\t\t<\/div>\n\t\t\t\t<div class=\"elementor-element elementor-element-8778f8a elementor-widget elementor-widget-image\" data-id=\"8778f8a\" data-element_type=\"widget\" data-e-type=\"widget\" data-widget_type=\"image.default\">\n\t\t\t\t<div class=\"elementor-widget-container\">\n\t\t\t\t\t\t\t\t\t\t\t\t\t\t\t\t<a href=\"https:\/\/sodepal.es\/wp-content\/uploads\/2025\/08\/Participantes_Feria.jpg\" data-elementor-open-lightbox=\"yes\" data-elementor-lightbox-title=\"Feria Salud, Belleza Bienestar - Programa\" data-e-action-hash=\"#elementor-action%3Aaction%3Dlightbox%26settings%3DeyJpZCI6MjQ5OTMsInVybCI6Imh0dHBzOlwvXC9zb2RlcGFsLmVzXC93cC1jb250ZW50XC91cGxvYWRzXC8yMDI1XC8wOFwvUGFydGljaXBhbnRlc19GZXJpYS5qcGcifQ%3D%3D\">\n\t\t\t\t\t\t\t<img decoding=\"async\" width=\"573\" height=\"1024\" src=\"https:\/\/sodepal.es\/wp-content\/uploads\/2025\/08\/Participantes_Feria-573x1024.jpg\" class=\"attachment-large size-large wp-image-24993\" alt=\"\" srcset=\"https:\/\/sodepal.es\/wp-content\/uploads\/2025\/08\/Participantes_Feria-573x1024.jpg 573w, https:\/\/sodepal.es\/wp-content\/uploads\/2025\/08\/Participantes_Feria-168x300.jpg 168w, https:\/\/sodepal.es\/wp-content\/uploads\/2025\/08\/Participantes_Feria-430x768.jpg 430w, https:\/\/sodepal.es\/wp-content\/uploads\/2025\/08\/Participantes_Feria-860x1536.jpg 860w, https:\/\/sodepal.es\/wp-content\/uploads\/2025\/08\/Participantes_Feria-7x12.jpg 7w, https:\/\/sodepal.es\/wp-content\/uploads\/2025\/08\/Participantes_Feria.jpg 1125w\" sizes=\"(max-width: 573px) 100vw, 573px\" \/>\t\t\t\t\t\t\t\t<\/a>\n\t\t\t\t\t\t\t\t\t\t\t\t\t\t\t<\/div>\n\t\t\t\t<\/div>\n\t\t\t\t<div class=\"elementor-element elementor-element-18efb9c elementor-invisible elementor-widget elementor-widget-heading\" data-id=\"18efb9c\" data-element_type=\"widget\" data-e-type=\"widget\" data-settings=\"{&quot;_animation&quot;:&quot;fadeInUp&quot;}\" data-widget_type=\"heading.default\">\n\t\t\t\t<div class=\"elementor-widget-container\">\n\t\t\t\t\t<h2 class=\"elementor-heading-title elementor-size-default\">Programme<\/h2>\t\t\t\t<\/div>\n\t\t\t\t<\/div>\n\t\t\t\t<div class=\"elementor-element elementor-element-b533f1c elementor-widget-divider--view-line_icon elementor-view-default elementor-widget-divider--element-align-center elementor-invisible elementor-widget elementor-widget-divider\" data-id=\"b533f1c\" data-element_type=\"widget\" data-e-type=\"widget\" data-settings=\"{&quot;_animation&quot;:&quot;fadeInUp&quot;}\" data-widget_type=\"divider.default\">\n\t\t\t\t<div class=\"elementor-widget-container\">\n\t\t\t\t\t\t\t<div class=\"elementor-divider\">\n\t\t\t<span class=\"elementor-divider-separator\">\n\t\t\t\t\t\t\t<div class=\"elementor-icon elementor-divider__element\">\n\t\t\t\t\t<i aria-hidden=\"true\" class=\"fas fa-angle-down\"><\/i><\/div>\n\t\t\t\t\t\t<\/span>\n\t\t<\/div>\n\t\t\t\t\t\t<\/div>\n\t\t\t\t<\/div>\n\t\t<div class=\"elementor-element elementor-element-57e0623 e-con-full e-flex e-con e-child\" data-id=\"57e0623\" data-element_type=\"container\" data-e-type=\"container\">\n\t\t\t\t<div class=\"elementor-element elementor-element-08e7183 elementor-widget elementor-widget-image\" data-id=\"08e7183\" data-element_type=\"widget\" data-e-type=\"widget\" data-widget_type=\"image.default\">\n\t\t\t\t<div class=\"elementor-widget-container\">\n\t\t\t\t\t\t\t\t\t\t\t\t\t\t\t\t<a href=\"https:\/\/sodepal.es\/wp-content\/uploads\/2025\/08\/Viernes_5sept.jpg\" data-elementor-open-lightbox=\"yes\" data-elementor-lightbox-title=\"Feria Salud, Belleza Bienestar - Programa\" data-e-action-hash=\"#elementor-action%3Aaction%3Dlightbox%26settings%3DeyJpZCI6MjQ5OTQsInVybCI6Imh0dHBzOlwvXC9zb2RlcGFsLmVzXC93cC1jb250ZW50XC91cGxvYWRzXC8yMDI1XC8wOFwvVmllcm5lc181c2VwdC5qcGcifQ%3D%3D\">\n\t\t\t\t\t\t\t<img decoding=\"async\" width=\"819\" height=\"1024\" src=\"https:\/\/sodepal.es\/wp-content\/uploads\/2025\/08\/Viernes_5sept-819x1024.jpg\" class=\"attachment-large size-large wp-image-24994\" alt=\"\" srcset=\"https:\/\/sodepal.es\/wp-content\/uploads\/2025\/08\/Viernes_5sept-819x1024.jpg 819w, https:\/\/sodepal.es\/wp-content\/uploads\/2025\/08\/Viernes_5sept-240x300.jpg 240w, https:\/\/sodepal.es\/wp-content\/uploads\/2025\/08\/Viernes_5sept-614x768.jpg 614w, https:\/\/sodepal.es\/wp-content\/uploads\/2025\/08\/Viernes_5sept-10x12.jpg 10w, https:\/\/sodepal.es\/wp-content\/uploads\/2025\/08\/Viernes_5sept.jpg 1080w\" sizes=\"(max-width: 819px) 100vw, 819px\" \/>\t\t\t\t\t\t\t\t<\/a>\n\t\t\t\t\t\t\t\t\t\t\t\t\t\t\t<\/div>\n\t\t\t\t<\/div>\n\t\t\t\t<div class=\"elementor-element elementor-element-4e24973 elementor-widget elementor-widget-image\" data-id=\"4e24973\" data-element_type=\"widget\" data-e-type=\"widget\" data-widget_type=\"image.default\">\n\t\t\t\t<div class=\"elementor-widget-container\">\n\t\t\t\t\t\t\t\t\t\t\t\t\t\t\t\t<a href=\"https:\/\/sodepal.es\/wp-content\/uploads\/2025\/08\/Sabado_6sept_1.jpg\" data-elementor-open-lightbox=\"yes\" data-elementor-lightbox-title=\"Feria Salud, Belleza Bienestar - Programa\" data-e-action-hash=\"#elementor-action%3Aaction%3Dlightbox%26settings%3DeyJpZCI6MjQ5OTUsInVybCI6Imh0dHBzOlwvXC9zb2RlcGFsLmVzXC93cC1jb250ZW50XC91cGxvYWRzXC8yMDI1XC8wOFwvU2FiYWRvXzZzZXB0XzEuanBnIn0%3D\">\n\t\t\t\t\t\t\t<img loading=\"lazy\" decoding=\"async\" width=\"819\" height=\"1024\" src=\"https:\/\/sodepal.es\/wp-content\/uploads\/2025\/08\/Sabado_6sept_1-819x1024.jpg\" class=\"attachment-large size-large wp-image-24995\" alt=\"\" srcset=\"https:\/\/sodepal.es\/wp-content\/uploads\/2025\/08\/Sabado_6sept_1-819x1024.jpg 819w, https:\/\/sodepal.es\/wp-content\/uploads\/2025\/08\/Sabado_6sept_1-240x300.jpg 240w, https:\/\/sodepal.es\/wp-content\/uploads\/2025\/08\/Sabado_6sept_1-614x768.jpg 614w, https:\/\/sodepal.es\/wp-content\/uploads\/2025\/08\/Sabado_6sept_1-10x12.jpg 10w, https:\/\/sodepal.es\/wp-content\/uploads\/2025\/08\/Sabado_6sept_1.jpg 1080w\" sizes=\"(max-width: 819px) 100vw, 819px\" \/>\t\t\t\t\t\t\t\t<\/a>\n\t\t\t\t\t\t\t\t\t\t\t\t\t\t\t<\/div>\n\t\t\t\t<\/div>\n\t\t\t\t<div class=\"elementor-element elementor-element-cf92a13 elementor-widget elementor-widget-image\" data-id=\"cf92a13\" data-element_type=\"widget\" data-e-type=\"widget\" data-widget_type=\"image.default\">\n\t\t\t\t<div class=\"elementor-widget-container\">\n\t\t\t\t\t\t\t\t\t\t\t\t\t\t\t\t<a href=\"https:\/\/sodepal.es\/wp-content\/uploads\/2025\/08\/Sabado_6sept_2.jpg\" data-elementor-open-lightbox=\"yes\" data-elementor-lightbox-title=\"Feria Salud, Belleza Bienestar - Programa\" data-e-action-hash=\"#elementor-action%3Aaction%3Dlightbox%26settings%3DeyJpZCI6MjQ5OTYsInVybCI6Imh0dHBzOlwvXC9zb2RlcGFsLmVzXC93cC1jb250ZW50XC91cGxvYWRzXC8yMDI1XC8wOFwvU2FiYWRvXzZzZXB0XzIuanBnIn0%3D\">\n\t\t\t\t\t\t\t<img loading=\"lazy\" decoding=\"async\" width=\"819\" height=\"1024\" src=\"https:\/\/sodepal.es\/wp-content\/uploads\/2025\/08\/Sabado_6sept_2-819x1024.jpg\" class=\"attachment-large size-large wp-image-24996\" alt=\"\" srcset=\"https:\/\/sodepal.es\/wp-content\/uploads\/2025\/08\/Sabado_6sept_2-819x1024.jpg 819w, https:\/\/sodepal.es\/wp-content\/uploads\/2025\/08\/Sabado_6sept_2-240x300.jpg 240w, https:\/\/sodepal.es\/wp-content\/uploads\/2025\/08\/Sabado_6sept_2-614x768.jpg 614w, https:\/\/sodepal.es\/wp-content\/uploads\/2025\/08\/Sabado_6sept_2-10x12.jpg 10w, https:\/\/sodepal.es\/wp-content\/uploads\/2025\/08\/Sabado_6sept_2.jpg 1080w\" sizes=\"(max-width: 819px) 100vw, 819px\" \/>\t\t\t\t\t\t\t\t<\/a>\n\t\t\t\t\t\t\t\t\t\t\t\t\t\t\t<\/div>\n\t\t\t\t<\/div>\n\t\t\t\t<\/div>\n\t\t\t\t<\/div>\n\t\t\t\t\t<\/div>\n\t\t\t\t<\/div>\n\t\t\t\t<\/div>","protected":false},"excerpt":{"rendered":"<p>Cu\u00f1a de radio publicitaria Tu navegador no soporta audio HTML5. Empresas participantes Programa<\/p>","protected":false},"author":1,"featured_media":0,"parent":0,"menu_order":0,"comment_status":"closed","ping_status":"closed","template":"","meta":{"_acf_changed":false,"footnotes":""},"class_list":["post-24844","page","type-page","status-publish"],"acf":[],"yoast_head":"<!-- This site is optimized with the Yoast SEO Premium plugin v22.0 (Yoast SEO v27.2) - https:\/\/yoast.com\/product\/yoast-seo-premium-wordpress\/ -->\n<title>Feria de Salud, Belleza y Bienestar - Sociedad de Promoci\u00f3n y Desarrollo Econ\u00f3mico y Social de La Palma - SODEPAL<\/title>\n<meta name=\"description\" content=\"Santa Cruz Shooping Day, actividad promovida con el Cabildo de La Palma y organizada por Sodepal\" \/>\n<meta name=\"robots\" content=\"index, follow, max-snippet:-1, max-image-preview:large, max-video-preview:-1\" \/>\n<link rel=\"canonical\" href=\"https:\/\/sodepal.es\/en\/feria-de-salud-belleza-y-bienestar\/\" \/>\n<meta property=\"og:locale\" content=\"en_GB\" \/>\n<meta property=\"og:type\" content=\"article\" \/>\n<meta property=\"og:title\" content=\"Feria de Salud, Belleza y Bienestar\" \/>\n<meta property=\"og:description\" content=\"Desarrollar, dise\u00f1ar y producir acompa\u00f1amiento digital a trav\u00e9s de agentes digitalizadores o empresas especializada de manera personalizada y tutoriza, sencilla y eficaz.\" \/>\n<meta property=\"og:url\" content=\"https:\/\/sodepal.es\/en\/feria-de-salud-belleza-y-bienestar\/\" \/>\n<meta property=\"og:site_name\" content=\"Sociedad de Promoci\u00f3n y Desarrollo Econ\u00f3mico y Social de La Palma - SODEPAL\" \/>\n<meta property=\"article:publisher\" content=\"https:\/\/www.facebook.com\/sodepal\" \/>\n<meta property=\"article:modified_time\" content=\"2026-01-23T12:35:36+00:00\" \/>\n<meta property=\"og:image\" content=\"https:\/\/sodepal.es\/wp-content\/uploads\/2025\/02\/digitalizacion.jpg\" \/>\n\t<meta property=\"og:image:width\" content=\"1600\" \/>\n\t<meta property=\"og:image:height\" content=\"974\" \/>\n\t<meta property=\"og:image:type\" content=\"image\/jpeg\" \/>\n<meta name=\"twitter:card\" content=\"summary_large_image\" \/>\n<meta name=\"twitter:description\" content=\"Desarrollar, dise\u00f1ar y producir acompa\u00f1amiento digital a trav\u00e9s de agentes digitalizadores o empresas especializada de manera personalizada y tutoriza, sencilla y eficaz.\" \/>\n<script type=\"application\/ld+json\" class=\"yoast-schema-graph\">{\"@context\":\"https:\/\/schema.org\",\"@graph\":[{\"@type\":\"WebPage\",\"@id\":\"https:\/\/sodepal.es\/feria-de-salud-belleza-y-bienestar\/\",\"url\":\"https:\/\/sodepal.es\/feria-de-salud-belleza-y-bienestar\/\",\"name\":\"Feria de Salud, Belleza y Bienestar - Sociedad de Promoci\u00f3n y Desarrollo Econ\u00f3mico y Social de La Palma - SODEPAL\",\"isPartOf\":{\"@id\":\"https:\/\/sodepal.es\/#website\"},\"primaryImageOfPage\":{\"@id\":\"https:\/\/sodepal.es\/feria-de-salud-belleza-y-bienestar\/#primaryimage\"},\"image\":{\"@id\":\"https:\/\/sodepal.es\/feria-de-salud-belleza-y-bienestar\/#primaryimage\"},\"thumbnailUrl\":\"https:\/\/sodepal.es\/wp-content\/uploads\/2025\/08\/Feria_salud_belleza-1024x480.jpg\",\"datePublished\":\"2025-08-06T09:09:07+00:00\",\"dateModified\":\"2026-01-23T12:35:36+00:00\",\"description\":\"Santa Cruz Shooping Day, actividad promovida con el Cabildo de La Palma y organizada por Sodepal\",\"breadcrumb\":{\"@id\":\"https:\/\/sodepal.es\/feria-de-salud-belleza-y-bienestar\/#breadcrumb\"},\"inLanguage\":\"en-GB\",\"potentialAction\":[{\"@type\":\"ReadAction\",\"target\":[\"https:\/\/sodepal.es\/feria-de-salud-belleza-y-bienestar\/\"]}]},{\"@type\":\"ImageObject\",\"inLanguage\":\"en-GB\",\"@id\":\"https:\/\/sodepal.es\/feria-de-salud-belleza-y-bienestar\/#primaryimage\",\"url\":\"https:\/\/sodepal.es\/wp-content\/uploads\/2025\/08\/Feria_salud_belleza-1024x480.jpg\",\"contentUrl\":\"https:\/\/sodepal.es\/wp-content\/uploads\/2025\/08\/Feria_salud_belleza-1024x480.jpg\"},{\"@type\":\"BreadcrumbList\",\"@id\":\"https:\/\/sodepal.es\/feria-de-salud-belleza-y-bienestar\/#breadcrumb\",\"itemListElement\":[{\"@type\":\"ListItem\",\"position\":1,\"name\":\"Inicio\",\"item\":\"https:\/\/sodepal.es\/\"},{\"@type\":\"ListItem\",\"position\":2,\"name\":\"Feria de Salud, Belleza y Bienestar\"}]},{\"@type\":\"WebSite\",\"@id\":\"https:\/\/sodepal.es\/#website\",\"url\":\"https:\/\/sodepal.es\/\",\"name\":\"Sodepal\",\"description\":\"SODEPAL es una empresa p\u00fablica dependiente del Cabildo de La Palma. Promoci\u00f3n, Fomento y Desarrollo para la isla de La Palma\",\"publisher\":{\"@id\":\"https:\/\/sodepal.es\/#organization\"},\"alternateName\":\"Sociedad de Promoci\u00f3n y Desarrollo Econ\u00f3mico y Social de La Palma\",\"potentialAction\":[{\"@type\":\"SearchAction\",\"target\":{\"@type\":\"EntryPoint\",\"urlTemplate\":\"https:\/\/sodepal.es\/?s={search_term_string}\"},\"query-input\":{\"@type\":\"PropertyValueSpecification\",\"valueRequired\":true,\"valueName\":\"search_term_string\"}}],\"inLanguage\":\"en-GB\"},{\"@type\":\"Organization\",\"@id\":\"https:\/\/sodepal.es\/#organization\",\"name\":\"Sociedad de Promoci\u00f3n y Desarrollo Econ\u00f3mico y Social de La Palma\",\"alternateName\":\"Sodepal\",\"url\":\"https:\/\/sodepal.es\/\",\"logo\":{\"@type\":\"ImageObject\",\"inLanguage\":\"en-GB\",\"@id\":\"https:\/\/sodepal.es\/#\/schema\/logo\/image\/\",\"url\":\"https:\/\/sodepal.es\/wp-content\/uploads\/2022\/09\/logo_web.png\",\"contentUrl\":\"https:\/\/sodepal.es\/wp-content\/uploads\/2022\/09\/logo_web.png\",\"width\":658,\"height\":156,\"caption\":\"Sociedad de Promoci\u00f3n y Desarrollo Econ\u00f3mico y Social de La Palma\"},\"image\":{\"@id\":\"https:\/\/sodepal.es\/#\/schema\/logo\/image\/\"},\"sameAs\":[\"https:\/\/www.facebook.com\/sodepal\",\"https:\/\/www.instagram.com\/sodepallapalma\/\"],\"description\":\"Sociedad de Promoci\u00f3n y Desarrollo econ\u00f3mico y Social de La Palma, empresa p\u00fablica dependiente del Cabildo de La Palma\",\"email\":\"info@sodepal.es\",\"telephone\":\"922417323\",\"legalName\":\"Sociedad de Promoci\u00f3n y Desarrollo Econ\u00f3mico de la isla de La Palma S.A.U.\"}]}<\/script>\n<!-- \/ Yoast SEO Premium plugin. -->","yoast_head_json":{"title":"Feria de Salud, Belleza y Bienestar - Sociedad de Promoci\u00f3n y Desarrollo Econ\u00f3mico y Social de La Palma - SODEPAL","description":"Santa Cruz Shooping Day, actividad promovida con el Cabildo de La Palma y organizada por Sodepal","robots":{"index":"index","follow":"follow","max-snippet":"max-snippet:-1","max-image-preview":"max-image-preview:large","max-video-preview":"max-video-preview:-1"},"canonical":"https:\/\/sodepal.es\/en\/feria-de-salud-belleza-y-bienestar\/","og_locale":"en_GB","og_type":"article","og_title":"Feria de Salud, Belleza y Bienestar","og_description":"Desarrollar, dise\u00f1ar y producir acompa\u00f1amiento digital a trav\u00e9s de agentes digitalizadores o empresas especializada de manera personalizada y tutoriza, sencilla y eficaz.","og_url":"https:\/\/sodepal.es\/en\/feria-de-salud-belleza-y-bienestar\/","og_site_name":"Sociedad de Promoci\u00f3n y Desarrollo Econ\u00f3mico y Social de La Palma - SODEPAL","article_publisher":"https:\/\/www.facebook.com\/sodepal","article_modified_time":"2026-01-23T12:35:36+00:00","og_image":[{"width":1600,"height":974,"url":"https:\/\/sodepal.es\/wp-content\/uploads\/2025\/02\/digitalizacion.jpg","type":"image\/jpeg"}],"twitter_card":"summary_large_image","twitter_description":"Desarrollar, dise\u00f1ar y producir acompa\u00f1amiento digital a trav\u00e9s de agentes digitalizadores o empresas especializada de manera personalizada y tutoriza, sencilla y eficaz.","schema":{"@context":"https:\/\/schema.org","@graph":[{"@type":"WebPage","@id":"https:\/\/sodepal.es\/feria-de-salud-belleza-y-bienestar\/","url":"https:\/\/sodepal.es\/feria-de-salud-belleza-y-bienestar\/","name":"Feria de Salud, Belleza y Bienestar - Sociedad de Promoci\u00f3n y Desarrollo Econ\u00f3mico y Social de La Palma - SODEPAL","isPartOf":{"@id":"https:\/\/sodepal.es\/#website"},"primaryImageOfPage":{"@id":"https:\/\/sodepal.es\/feria-de-salud-belleza-y-bienestar\/#primaryimage"},"image":{"@id":"https:\/\/sodepal.es\/feria-de-salud-belleza-y-bienestar\/#primaryimage"},"thumbnailUrl":"https:\/\/sodepal.es\/wp-content\/uploads\/2025\/08\/Feria_salud_belleza-1024x480.jpg","datePublished":"2025-08-06T09:09:07+00:00","dateModified":"2026-01-23T12:35:36+00:00","description":"Santa Cruz Shooping Day, actividad promovida con el Cabildo de La Palma y organizada por Sodepal","breadcrumb":{"@id":"https:\/\/sodepal.es\/feria-de-salud-belleza-y-bienestar\/#breadcrumb"},"inLanguage":"en-GB","potentialAction":[{"@type":"ReadAction","target":["https:\/\/sodepal.es\/feria-de-salud-belleza-y-bienestar\/"]}]},{"@type":"ImageObject","inLanguage":"en-GB","@id":"https:\/\/sodepal.es\/feria-de-salud-belleza-y-bienestar\/#primaryimage","url":"https:\/\/sodepal.es\/wp-content\/uploads\/2025\/08\/Feria_salud_belleza-1024x480.jpg","contentUrl":"https:\/\/sodepal.es\/wp-content\/uploads\/2025\/08\/Feria_salud_belleza-1024x480.jpg"},{"@type":"BreadcrumbList","@id":"https:\/\/sodepal.es\/feria-de-salud-belleza-y-bienestar\/#breadcrumb","itemListElement":[{"@type":"ListItem","position":1,"name":"Inicio","item":"https:\/\/sodepal.es\/"},{"@type":"ListItem","position":2,"name":"Feria de Salud, Belleza y Bienestar"}]},{"@type":"WebSite","@id":"https:\/\/sodepal.es\/#website","url":"https:\/\/sodepal.es\/","name":"Sodepal","description":"SODEPAL es una empresa p\u00fablica dependiente del Cabildo de La Palma. Promoci\u00f3n, Fomento y Desarrollo para la isla de La Palma","publisher":{"@id":"https:\/\/sodepal.es\/#organization"},"alternateName":"Sociedad de Promoci\u00f3n y Desarrollo Econ\u00f3mico y Social de La Palma","potentialAction":[{"@type":"SearchAction","target":{"@type":"EntryPoint","urlTemplate":"https:\/\/sodepal.es\/?s={search_term_string}"},"query-input":{"@type":"PropertyValueSpecification","valueRequired":true,"valueName":"search_term_string"}}],"inLanguage":"en-GB"},{"@type":"Organization","@id":"https:\/\/sodepal.es\/#organization","name":"Sociedad de Promoci\u00f3n y Desarrollo Econ\u00f3mico y Social de La Palma","alternateName":"Sodepal","url":"https:\/\/sodepal.es\/","logo":{"@type":"ImageObject","inLanguage":"en-GB","@id":"https:\/\/sodepal.es\/#\/schema\/logo\/image\/","url":"https:\/\/sodepal.es\/wp-content\/uploads\/2022\/09\/logo_web.png","contentUrl":"https:\/\/sodepal.es\/wp-content\/uploads\/2022\/09\/logo_web.png","width":658,"height":156,"caption":"Sociedad de Promoci\u00f3n y Desarrollo Econ\u00f3mico y Social de La Palma"},"image":{"@id":"https:\/\/sodepal.es\/#\/schema\/logo\/image\/"},"sameAs":["https:\/\/www.facebook.com\/sodepal","https:\/\/www.instagram.com\/sodepallapalma\/"],"description":"Sociedad de Promoci\u00f3n y Desarrollo econ\u00f3mico y Social de La Palma, empresa p\u00fablica dependiente del Cabildo de La Palma","email":"info@sodepal.es","telephone":"922417323","legalName":"Sociedad de Promoci\u00f3n y Desarrollo Econ\u00f3mico de la isla de La Palma S.A.U."}]}},"_links":{"self":[{"href":"https:\/\/sodepal.es\/en\/wp-json\/wp\/v2\/pages\/24844","targetHints":{"allow":["GET"]}}],"collection":[{"href":"https:\/\/sodepal.es\/en\/wp-json\/wp\/v2\/pages"}],"about":[{"href":"https:\/\/sodepal.es\/en\/wp-json\/wp\/v2\/types\/page"}],"author":[{"embeddable":true,"href":"https:\/\/sodepal.es\/en\/wp-json\/wp\/v2\/users\/1"}],"replies":[{"embeddable":true,"href":"https:\/\/sodepal.es\/en\/wp-json\/wp\/v2\/comments?post=24844"}],"version-history":[{"count":3,"href":"https:\/\/sodepal.es\/en\/wp-json\/wp\/v2\/pages\/24844\/revisions"}],"predecessor-version":[{"id":25845,"href":"https:\/\/sodepal.es\/en\/wp-json\/wp\/v2\/pages\/24844\/revisions\/25845"}],"wp:attachment":[{"href":"https:\/\/sodepal.es\/en\/wp-json\/wp\/v2\/media?parent=24844"}],"curies":[{"name":"wp","href":"https:\/\/api.w.org\/{rel}","templated":true}]}}