{"id":25122,"date":"2025-09-12T09:23:08","date_gmt":"2025-09-12T09:23:08","guid":{"rendered":"https:\/\/sodepal.es\/?page_id=25122"},"modified":"2025-10-09T13:30:21","modified_gmt":"2025-10-09T13:30:21","slug":"benemerita-bike-cicloturista-2025-solicitud-de-inscripcion","status":"publish","type":"page","link":"https:\/\/sodepal.es\/en\/benemerita-bike-cicloturista-2025-solicitud-de-inscripcion\/","title":{"rendered":"Benem\u00e9rita Bike Cicloturista 2025 - Registration form"},"content":{"rendered":"<div data-elementor-type=\"wp-page\" data-elementor-id=\"25122\" class=\"elementor elementor-25122\" data-elementor-post-type=\"page\">\n\t\t\t\t<div class=\"elementor-element elementor-element-e90b01b e-flex e-con-boxed e-con e-parent\" data-id=\"e90b01b\" data-element_type=\"container\" data-e-type=\"container\">\n\t\t\t\t\t<div class=\"e-con-inner\">\n\t\t<div class=\"elementor-element elementor-element-0835a0d e-con-full e-flex e-con e-child\" data-id=\"0835a0d\" data-element_type=\"container\" data-e-type=\"container\">\n\t\t\t\t<div class=\"elementor-element elementor-element-04ebf7e elementor-widget elementor-widget-image\" data-id=\"04ebf7e\" data-element_type=\"widget\" data-e-type=\"widget\" data-widget_type=\"image.default\">\n\t\t\t\t<div class=\"elementor-widget-container\">\n\t\t\t\t\t\t\t\t\t\t\t\t\t\t\t\t<a href=\"https:\/\/sodepal.es\/wp-content\/uploads\/2025\/09\/benemerita_1.jpg\" data-elementor-open-lightbox=\"yes\" data-elementor-lightbox-title=\"benemerita_1\" data-e-action-hash=\"#elementor-action%3Aaction%3Dlightbox%26settings%3DeyJpZCI6MjUxMzQsInVybCI6Imh0dHBzOlwvXC9zb2RlcGFsLmVzXC93cC1jb250ZW50XC91cGxvYWRzXC8yMDI1XC8wOVwvYmVuZW1lcml0YV8xLmpwZyJ9\">\n\t\t\t\t\t\t\t<img fetchpriority=\"high\" decoding=\"async\" width=\"576\" height=\"1024\" src=\"https:\/\/sodepal.es\/wp-content\/uploads\/2025\/09\/benemerita_1-576x1024.jpg\" class=\"attachment-large size-large wp-image-25134\" alt=\"\" srcset=\"https:\/\/sodepal.es\/wp-content\/uploads\/2025\/09\/benemerita_1-576x1024.jpg 576w, https:\/\/sodepal.es\/wp-content\/uploads\/2025\/09\/benemerita_1-169x300.jpg 169w, https:\/\/sodepal.es\/wp-content\/uploads\/2025\/09\/benemerita_1-432x768.jpg 432w, https:\/\/sodepal.es\/wp-content\/uploads\/2025\/09\/benemerita_1-864x1536.jpg 864w, https:\/\/sodepal.es\/wp-content\/uploads\/2025\/09\/benemerita_1-7x12.jpg 7w, https:\/\/sodepal.es\/wp-content\/uploads\/2025\/09\/benemerita_1.jpg 1080w\" sizes=\"(max-width: 576px) 100vw, 576px\" \/>\t\t\t\t\t\t\t\t<\/a>\n\t\t\t\t\t\t\t\t\t\t\t\t\t\t\t<\/div>\n\t\t\t\t<\/div>\n\t\t\t\t<\/div>\n\t\t<div class=\"elementor-element elementor-element-1867a42 e-con-full e-flex e-con e-child\" data-id=\"1867a42\" data-element_type=\"container\" data-e-type=\"container\">\n\t\t\t\t<div class=\"elementor-element elementor-element-f9fcf8a elementor-widget elementor-widget-heading\" data-id=\"f9fcf8a\" data-element_type=\"widget\" data-e-type=\"widget\" data-widget_type=\"heading.default\">\n\t\t\t\t<div class=\"elementor-widget-container\">\n\t\t\t\t\t<h2 class=\"elementor-heading-title elementor-size-default\"> Benem\u00e9rita Bike - Cyclotourist 2025<\/h2>\t\t\t\t<\/div>\n\t\t\t\t<\/div>\n\t\t\t\t<div class=\"elementor-element elementor-element-1fd5011 elementor-icon-list--layout-traditional elementor-list-item-link-full_width elementor-widget elementor-widget-icon-list\" data-id=\"1fd5011\" data-element_type=\"widget\" data-e-type=\"widget\" data-widget_type=\"icon-list.default\">\n\t\t\t\t<div class=\"elementor-widget-container\">\n\t\t\t\t\t\t\t<ul class=\"elementor-icon-list-items\">\n\t\t\t\t\t\t\t<li class=\"elementor-icon-list-item\">\n\t\t\t\t\t\t\t\t\t\t\t<span class=\"elementor-icon-list-icon\">\n\t\t\t\t\t\t\t<i aria-hidden=\"true\" class=\"far fa-calendar-alt\"><\/i>\t\t\t\t\t\t<\/span>\n\t\t\t\t\t\t\t\t\t\t<span class=\"elementor-icon-list-text\">5 October 2025.<\/span>\n\t\t\t\t\t\t\t\t\t<\/li>\n\t\t\t\t\t\t\t\t<li class=\"elementor-icon-list-item\">\n\t\t\t\t\t\t\t\t\t\t\t<span class=\"elementor-icon-list-icon\">\n\t\t\t\t\t\t\t<i aria-hidden=\"true\" class=\"fas fa-bicycle\"><\/i>\t\t\t\t\t\t<\/span>\n\t\t\t\t\t\t\t\t\t\t<span class=\"elementor-icon-list-text\"><b>Exit:<\/b> 09:00 h - Santa Cruz de La Palma.<\/span>\n\t\t\t\t\t\t\t\t\t<\/li>\n\t\t\t\t\t\t\t\t<li class=\"elementor-icon-list-item\">\n\t\t\t\t\t\t\t\t\t\t\t<span class=\"elementor-icon-list-icon\">\n\t\t\t\t\t\t\t<i aria-hidden=\"true\" class=\"fas fa-bicycle\"><\/i>\t\t\t\t\t\t<\/span>\n\t\t\t\t\t\t\t\t\t\t<span class=\"elementor-icon-list-text\"><b>Approximate arrival:<\/b> 14:30 h - Los Llanos de Aridane.<\/span>\n\t\t\t\t\t\t\t\t\t<\/li>\n\t\t\t\t\t\t<\/ul>\n\t\t\t\t\t\t<\/div>\n\t\t\t\t<\/div>\n\t\t\t\t<div class=\"elementor-element elementor-element-61ce7e6 elementor-widget elementor-widget-text-editor\" data-id=\"61ce7e6\" data-element_type=\"widget\" data-e-type=\"widget\" data-widget_type=\"text-editor.default\">\n\t\t\t\t<div class=\"elementor-widget-container\">\n\t\t\t\t\t\t\t\t\t<h4><strong>Solidarity registration:<\/strong><\/h4><div>Participation is free, you only need to bring food products on the day of the race.<br \/>All proceeds will go to support and strengthen the Food Bank of the Red Cross on the island of La Palma.<\/div><div>\u00a0<\/div><h4><strong>Stage-by-stage tour<\/strong><\/h4><ul><li><strong>1st Stage -\u00a0<\/strong><em><strong>Competitive:<\/strong><br \/><\/em>Guardia Civil barracks (S\/C de La Palma) \u2192 Plaza Los \u00c1lamos (Bre\u00f1a Alta).<\/li><li><strong>Stage 2:<br \/><\/strong>Plaza Los \u00c1lamos (Bre\u00f1a Alta) \u2192 El Pueblo (Mazo).<\/li><li><strong>Stage 3:<br \/><\/strong>El Pueblo (Mazo) \u2192 Los Canarios (Fuencaliente).<\/li><li><strong>4th Stage:<br \/><\/strong>Los Canarios (Fuencaliente) \u2192 Plaza Espa\u00f1a (Los Llanos de Aridane).<br \/><strong>Final route:<\/strong> Ctra. Hoyo del Verdugo - C\/ D\u00edaz Pimienta - Plaza de Espa\u00f1a.<\/li><\/ul>\t\t\t\t\t\t\t\t<\/div>\n\t\t\t\t<\/div>\n\t\t\t\t<\/div>\n\t\t\t\t\t<\/div>\n\t\t\t\t<\/div>\n\t\t<div class=\"elementor-element elementor-element-764f4fa e-flex e-con-boxed e-con e-parent\" data-id=\"764f4fa\" data-element_type=\"container\" data-e-type=\"container\">\n\t\t\t\t\t<div class=\"e-con-inner\">\n\t\t\t\t<div class=\"elementor-element elementor-element-a425d4d elementor-widget elementor-widget-heading\" data-id=\"a425d4d\" data-element_type=\"widget\" data-e-type=\"widget\" data-widget_type=\"heading.default\">\n\t\t\t\t<div class=\"elementor-widget-container\">\n\t\t\t\t\t<h3 class=\"elementor-heading-title elementor-size-default\">Experience the Benem\u00e9rita Bike 2025: <br \/>sport, solidarity and unique landscapes in an unforgettable day.<\/h3>\t\t\t\t<\/div>\n\t\t\t\t<\/div>\n\t\t\t\t<div class=\"elementor-element elementor-element-d53dd79 elementor-widget-divider--view-line elementor-widget elementor-widget-divider\" data-id=\"d53dd79\" data-element_type=\"widget\" data-e-type=\"widget\" data-widget_type=\"divider.default\">\n\t\t\t\t<div class=\"elementor-widget-container\">\n\t\t\t\t\t\t\t<div class=\"elementor-divider\">\n\t\t\t<span class=\"elementor-divider-separator\">\n\t\t\t\t\t\t<\/span>\n\t\t<\/div>\n\t\t\t\t\t\t<\/div>\n\t\t\t\t<\/div>\n\t\t\t\t\t<\/div>\n\t\t\t\t<\/div>\n\t\t<div class=\"elementor-element elementor-element-6e30031 e-flex e-con-boxed elementor-invisible e-con e-parent\" data-id=\"6e30031\" data-element_type=\"container\" data-e-type=\"container\" data-settings=\"{&quot;animation&quot;:&quot;fadeIn&quot;,&quot;background_background&quot;:&quot;classic&quot;}\">\n\t\t\t\t\t<div class=\"e-con-inner\">\n\t\t<div class=\"elementor-element elementor-element-1668bc6 e-con-full e-flex e-con e-child\" data-id=\"1668bc6\" data-element_type=\"container\" data-e-type=\"container\">\n\t\t\t\t<\/div>\n\t\t\t\t\t<\/div>\n\t\t\t\t<\/div>\n\t\t\t\t<\/div>","protected":false},"excerpt":{"rendered":"<p>Benem\u00e9rita Bike - Cicloturista 2025 5th October 2025. Departure: 09:00 h - Santa Cruz de La Palma. Approximate arrival: 14:30 h - Los Llanos de Aridane. Solidarity registration: Participation is free, you only need to bring food products on the day of the race, all the money raised will be used to support and strengthen the Banco ... <a title=\"Benem\u00e9rita Bike Cicloturista 2025 - Registration form\" class=\"read-more\" href=\"https:\/\/sodepal.es\/en\/benemerita-bike-cicloturista-2025-solicitud-de-inscripcion\/\" aria-label=\"Read more about Benem\u00e9rita Bike Cicloturista 2025 - Application form\">Read more<\/a><\/p>","protected":false},"author":1,"featured_media":0,"parent":0,"menu_order":0,"comment_status":"closed","ping_status":"closed","template":"","meta":{"_acf_changed":false,"footnotes":""},"class_list":["post-25122","page","type-page","status-publish"],"acf":[],"yoast_head":"<!-- This site is optimized with the Yoast SEO Premium plugin v22.0 (Yoast SEO v27.3) - https:\/\/yoast.com\/product\/yoast-seo-premium-wordpress\/ -->\n<title>Benem\u00e9rita Bike Cicloturista 2025 - Solicitud de inscripcion - Sociedad de Promoci\u00f3n y Desarrollo Econ\u00f3mico y Social de La Palma - SODEPAL<\/title>\n<meta name=\"description\" content=\"Formulario de inscripci\u00f3n para participar en el Festival Desaquellados\" \/>\n<meta name=\"robots\" content=\"index, follow, max-snippet:-1, max-image-preview:large, max-video-preview:-1\" \/>\n<link rel=\"canonical\" href=\"https:\/\/sodepal.es\/en\/benemerita-bike-cicloturista-2025-solicitud-de-inscripcion\/\" \/>\n<meta property=\"og:locale\" content=\"en_GB\" \/>\n<meta property=\"og:type\" content=\"article\" \/>\n<meta property=\"og:title\" content=\"Benem\u00e9rita Bike Cicloturista 2025 - Solicitud de inscripcion\" \/>\n<meta property=\"og:description\" content=\"Formulario de inscripci\u00f3n para participar en el Festival Desaquellados\" \/>\n<meta property=\"og:url\" content=\"https:\/\/sodepal.es\/en\/benemerita-bike-cicloturista-2025-solicitud-de-inscripcion\/\" \/>\n<meta property=\"og:site_name\" content=\"Sociedad de Promoci\u00f3n y Desarrollo Econ\u00f3mico y Social de La Palma - SODEPAL\" \/>\n<meta property=\"article:publisher\" content=\"https:\/\/www.facebook.com\/sodepal\" \/>\n<meta property=\"article:modified_time\" content=\"2025-10-09T13:30:21+00:00\" \/>\n<meta property=\"og:image\" content=\"https:\/\/sodepal.es\/wp-content\/uploads\/2025\/06\/Desaquellados_min2-scaled.jpg\" \/>\n\t<meta property=\"og:image:width\" content=\"2560\" \/>\n\t<meta property=\"og:image:height\" content=\"1453\" \/>\n\t<meta property=\"og:image:type\" content=\"image\/jpeg\" \/>\n<meta name=\"twitter:card\" content=\"summary_large_image\" \/>\n<meta name=\"twitter:description\" content=\"Formulario de inscripci\u00f3n para participar en el Festival Desaquellados\" \/>\n<meta name=\"twitter:image\" content=\"https:\/\/sodepal.es\/wp-content\/uploads\/2025\/06\/Desaquellados_min2-scaled.jpg\" \/>\n<script type=\"application\/ld+json\" class=\"yoast-schema-graph\">{\"@context\":\"https:\\\/\\\/schema.org\",\"@graph\":[{\"@type\":\"WebPage\",\"@id\":\"https:\\\/\\\/sodepal.es\\\/benemerita-bike-cicloturista-2025-solicitud-de-inscripcion\\\/\",\"url\":\"https:\\\/\\\/sodepal.es\\\/benemerita-bike-cicloturista-2025-solicitud-de-inscripcion\\\/\",\"name\":\"Benem\u00e9rita Bike Cicloturista 2025 - Solicitud de inscripcion - Sociedad de Promoci\u00f3n y Desarrollo Econ\u00f3mico y Social de La Palma - SODEPAL\",\"isPartOf\":{\"@id\":\"https:\\\/\\\/sodepal.es\\\/#website\"},\"primaryImageOfPage\":{\"@id\":\"https:\\\/\\\/sodepal.es\\\/benemerita-bike-cicloturista-2025-solicitud-de-inscripcion\\\/#primaryimage\"},\"image\":{\"@id\":\"https:\\\/\\\/sodepal.es\\\/benemerita-bike-cicloturista-2025-solicitud-de-inscripcion\\\/#primaryimage\"},\"thumbnailUrl\":\"https:\\\/\\\/sodepal.es\\\/wp-content\\\/uploads\\\/2025\\\/09\\\/benemerita_1-576x1024.jpg\",\"datePublished\":\"2025-09-12T09:23:08+00:00\",\"dateModified\":\"2025-10-09T13:30:21+00:00\",\"description\":\"Formulario de inscripci\u00f3n para participar en el Festival Desaquellados\",\"breadcrumb\":{\"@id\":\"https:\\\/\\\/sodepal.es\\\/benemerita-bike-cicloturista-2025-solicitud-de-inscripcion\\\/#breadcrumb\"},\"inLanguage\":\"en-GB\",\"potentialAction\":[{\"@type\":\"ReadAction\",\"target\":[\"https:\\\/\\\/sodepal.es\\\/benemerita-bike-cicloturista-2025-solicitud-de-inscripcion\\\/\"]}]},{\"@type\":\"ImageObject\",\"inLanguage\":\"en-GB\",\"@id\":\"https:\\\/\\\/sodepal.es\\\/benemerita-bike-cicloturista-2025-solicitud-de-inscripcion\\\/#primaryimage\",\"url\":\"https:\\\/\\\/sodepal.es\\\/wp-content\\\/uploads\\\/2025\\\/09\\\/benemerita_1-576x1024.jpg\",\"contentUrl\":\"https:\\\/\\\/sodepal.es\\\/wp-content\\\/uploads\\\/2025\\\/09\\\/benemerita_1-576x1024.jpg\"},{\"@type\":\"BreadcrumbList\",\"@id\":\"https:\\\/\\\/sodepal.es\\\/benemerita-bike-cicloturista-2025-solicitud-de-inscripcion\\\/#breadcrumb\",\"itemListElement\":[{\"@type\":\"ListItem\",\"position\":1,\"name\":\"Inicio\",\"item\":\"https:\\\/\\\/sodepal.es\\\/\"},{\"@type\":\"ListItem\",\"position\":2,\"name\":\"Benem\u00e9rita Bike Cicloturista 2025 &#8211; Solicitud de inscripcion\"}]},{\"@type\":\"WebSite\",\"@id\":\"https:\\\/\\\/sodepal.es\\\/#website\",\"url\":\"https:\\\/\\\/sodepal.es\\\/\",\"name\":\"Sodepal\",\"description\":\"SODEPAL es una empresa p\u00fablica dependiente del Cabildo de La Palma. Promoci\u00f3n, Fomento y Desarrollo para la isla de La Palma\",\"publisher\":{\"@id\":\"https:\\\/\\\/sodepal.es\\\/#organization\"},\"alternateName\":\"Sociedad de Promoci\u00f3n y Desarrollo Econ\u00f3mico y Social de La Palma\",\"potentialAction\":[{\"@type\":\"SearchAction\",\"target\":{\"@type\":\"EntryPoint\",\"urlTemplate\":\"https:\\\/\\\/sodepal.es\\\/?s={search_term_string}\"},\"query-input\":{\"@type\":\"PropertyValueSpecification\",\"valueRequired\":true,\"valueName\":\"search_term_string\"}}],\"inLanguage\":\"en-GB\"},{\"@type\":\"Organization\",\"@id\":\"https:\\\/\\\/sodepal.es\\\/#organization\",\"name\":\"Sociedad de Promoci\u00f3n y Desarrollo Econ\u00f3mico y Social de La Palma\",\"alternateName\":\"Sodepal\",\"url\":\"https:\\\/\\\/sodepal.es\\\/\",\"logo\":{\"@type\":\"ImageObject\",\"inLanguage\":\"en-GB\",\"@id\":\"https:\\\/\\\/sodepal.es\\\/#\\\/schema\\\/logo\\\/image\\\/\",\"url\":\"https:\\\/\\\/sodepal.es\\\/wp-content\\\/uploads\\\/2022\\\/09\\\/logo_web.png\",\"contentUrl\":\"https:\\\/\\\/sodepal.es\\\/wp-content\\\/uploads\\\/2022\\\/09\\\/logo_web.png\",\"width\":658,\"height\":156,\"caption\":\"Sociedad de Promoci\u00f3n y Desarrollo Econ\u00f3mico y Social de La Palma\"},\"image\":{\"@id\":\"https:\\\/\\\/sodepal.es\\\/#\\\/schema\\\/logo\\\/image\\\/\"},\"sameAs\":[\"https:\\\/\\\/www.facebook.com\\\/sodepal\",\"https:\\\/\\\/www.instagram.com\\\/sodepallapalma\\\/\"],\"description\":\"Sociedad de Promoci\u00f3n y Desarrollo econ\u00f3mico y Social de La Palma, empresa p\u00fablica dependiente del Cabildo de La Palma\",\"email\":\"info@sodepal.es\",\"telephone\":\"922417323\",\"legalName\":\"Sociedad de Promoci\u00f3n y Desarrollo Econ\u00f3mico de la isla de La Palma S.A.U.\"}]}<\/script>\n<!-- \/ Yoast SEO Premium plugin. -->","yoast_head_json":{"title":"Benem\u00e9rita Bike Cicloturista 2025 - Solicitud de inscripcion - Sociedad de Promoci\u00f3n y Desarrollo Econ\u00f3mico y Social de La Palma - SODEPAL","description":"Formulario de inscripci\u00f3n para participar en el Festival Desaquellados","robots":{"index":"index","follow":"follow","max-snippet":"max-snippet:-1","max-image-preview":"max-image-preview:large","max-video-preview":"max-video-preview:-1"},"canonical":"https:\/\/sodepal.es\/en\/benemerita-bike-cicloturista-2025-solicitud-de-inscripcion\/","og_locale":"en_GB","og_type":"article","og_title":"Benem\u00e9rita Bike Cicloturista 2025 - Solicitud de inscripcion","og_description":"Formulario de inscripci\u00f3n para participar en el Festival Desaquellados","og_url":"https:\/\/sodepal.es\/en\/benemerita-bike-cicloturista-2025-solicitud-de-inscripcion\/","og_site_name":"Sociedad de Promoci\u00f3n y Desarrollo Econ\u00f3mico y Social de La Palma - SODEPAL","article_publisher":"https:\/\/www.facebook.com\/sodepal","article_modified_time":"2025-10-09T13:30:21+00:00","og_image":[{"width":2560,"height":1453,"url":"https:\/\/sodepal.es\/wp-content\/uploads\/2025\/06\/Desaquellados_min2-scaled.jpg","type":"image\/jpeg"}],"twitter_card":"summary_large_image","twitter_description":"Formulario de inscripci\u00f3n para participar en el Festival Desaquellados","twitter_image":"https:\/\/sodepal.es\/wp-content\/uploads\/2025\/06\/Desaquellados_min2-scaled.jpg","schema":{"@context":"https:\/\/schema.org","@graph":[{"@type":"WebPage","@id":"https:\/\/sodepal.es\/benemerita-bike-cicloturista-2025-solicitud-de-inscripcion\/","url":"https:\/\/sodepal.es\/benemerita-bike-cicloturista-2025-solicitud-de-inscripcion\/","name":"Benem\u00e9rita Bike Cicloturista 2025 - Solicitud de inscripcion - Sociedad de Promoci\u00f3n y Desarrollo Econ\u00f3mico y Social de La Palma - SODEPAL","isPartOf":{"@id":"https:\/\/sodepal.es\/#website"},"primaryImageOfPage":{"@id":"https:\/\/sodepal.es\/benemerita-bike-cicloturista-2025-solicitud-de-inscripcion\/#primaryimage"},"image":{"@id":"https:\/\/sodepal.es\/benemerita-bike-cicloturista-2025-solicitud-de-inscripcion\/#primaryimage"},"thumbnailUrl":"https:\/\/sodepal.es\/wp-content\/uploads\/2025\/09\/benemerita_1-576x1024.jpg","datePublished":"2025-09-12T09:23:08+00:00","dateModified":"2025-10-09T13:30:21+00:00","description":"Formulario de inscripci\u00f3n para participar en el Festival Desaquellados","breadcrumb":{"@id":"https:\/\/sodepal.es\/benemerita-bike-cicloturista-2025-solicitud-de-inscripcion\/#breadcrumb"},"inLanguage":"en-GB","potentialAction":[{"@type":"ReadAction","target":["https:\/\/sodepal.es\/benemerita-bike-cicloturista-2025-solicitud-de-inscripcion\/"]}]},{"@type":"ImageObject","inLanguage":"en-GB","@id":"https:\/\/sodepal.es\/benemerita-bike-cicloturista-2025-solicitud-de-inscripcion\/#primaryimage","url":"https:\/\/sodepal.es\/wp-content\/uploads\/2025\/09\/benemerita_1-576x1024.jpg","contentUrl":"https:\/\/sodepal.es\/wp-content\/uploads\/2025\/09\/benemerita_1-576x1024.jpg"},{"@type":"BreadcrumbList","@id":"https:\/\/sodepal.es\/benemerita-bike-cicloturista-2025-solicitud-de-inscripcion\/#breadcrumb","itemListElement":[{"@type":"ListItem","position":1,"name":"Inicio","item":"https:\/\/sodepal.es\/"},{"@type":"ListItem","position":2,"name":"Benem\u00e9rita Bike Cicloturista 2025 &#8211; Solicitud de inscripcion"}]},{"@type":"WebSite","@id":"https:\/\/sodepal.es\/#website","url":"https:\/\/sodepal.es\/","name":"Sodepal","description":"SODEPAL es una empresa p\u00fablica dependiente del Cabildo de La Palma. Promoci\u00f3n, Fomento y Desarrollo para la isla de La Palma","publisher":{"@id":"https:\/\/sodepal.es\/#organization"},"alternateName":"Sociedad de Promoci\u00f3n y Desarrollo Econ\u00f3mico y Social de La Palma","potentialAction":[{"@type":"SearchAction","target":{"@type":"EntryPoint","urlTemplate":"https:\/\/sodepal.es\/?s={search_term_string}"},"query-input":{"@type":"PropertyValueSpecification","valueRequired":true,"valueName":"search_term_string"}}],"inLanguage":"en-GB"},{"@type":"Organization","@id":"https:\/\/sodepal.es\/#organization","name":"Sociedad de Promoci\u00f3n y Desarrollo Econ\u00f3mico y Social de La Palma","alternateName":"Sodepal","url":"https:\/\/sodepal.es\/","logo":{"@type":"ImageObject","inLanguage":"en-GB","@id":"https:\/\/sodepal.es\/#\/schema\/logo\/image\/","url":"https:\/\/sodepal.es\/wp-content\/uploads\/2022\/09\/logo_web.png","contentUrl":"https:\/\/sodepal.es\/wp-content\/uploads\/2022\/09\/logo_web.png","width":658,"height":156,"caption":"Sociedad de Promoci\u00f3n y Desarrollo Econ\u00f3mico y Social de La Palma"},"image":{"@id":"https:\/\/sodepal.es\/#\/schema\/logo\/image\/"},"sameAs":["https:\/\/www.facebook.com\/sodepal","https:\/\/www.instagram.com\/sodepallapalma\/"],"description":"Sociedad de Promoci\u00f3n y Desarrollo econ\u00f3mico y Social de La Palma, empresa p\u00fablica dependiente del Cabildo de La Palma","email":"info@sodepal.es","telephone":"922417323","legalName":"Sociedad de Promoci\u00f3n y Desarrollo Econ\u00f3mico de la isla de La Palma S.A.U."}]}},"_links":{"self":[{"href":"https:\/\/sodepal.es\/en\/wp-json\/wp\/v2\/pages\/25122","targetHints":{"allow":["GET"]}}],"collection":[{"href":"https:\/\/sodepal.es\/en\/wp-json\/wp\/v2\/pages"}],"about":[{"href":"https:\/\/sodepal.es\/en\/wp-json\/wp\/v2\/types\/page"}],"author":[{"embeddable":true,"href":"https:\/\/sodepal.es\/en\/wp-json\/wp\/v2\/users\/1"}],"replies":[{"embeddable":true,"href":"https:\/\/sodepal.es\/en\/wp-json\/wp\/v2\/comments?post=25122"}],"version-history":[{"count":3,"href":"https:\/\/sodepal.es\/en\/wp-json\/wp\/v2\/pages\/25122\/revisions"}],"predecessor-version":[{"id":25341,"href":"https:\/\/sodepal.es\/en\/wp-json\/wp\/v2\/pages\/25122\/revisions\/25341"}],"wp:attachment":[{"href":"https:\/\/sodepal.es\/en\/wp-json\/wp\/v2\/media?parent=25122"}],"curies":[{"name":"wp","href":"https:\/\/api.w.org\/{rel}","templated":true}]}}