{"id":2537,"date":"2020-10-27T08:23:04","date_gmt":"2020-10-27T08:23:04","guid":{"rendered":"https:\/\/sodepal.es\/?page_id=2537"},"modified":"2025-03-15T13:15:16","modified_gmt":"2025-03-15T13:15:16","slug":"accesibilidad","status":"publish","type":"page","link":"https:\/\/sodepal.es\/en\/accesibilidad\/","title":{"rendered":"Accessibility"},"content":{"rendered":"<div data-elementor-type=\"wp-page\" data-elementor-id=\"2537\" class=\"elementor elementor-2537\" data-elementor-post-type=\"page\">\n\t\t\t\t\t\t<section class=\"elementor-section elementor-top-section elementor-element elementor-element-f8f4cf6 elementor-section-boxed elementor-section-height-default elementor-section-height-default\" data-id=\"f8f4cf6\" data-element_type=\"section\" data-e-type=\"section\">\n\t\t\t\t\t\t<div class=\"elementor-container elementor-column-gap-default\">\n\t\t\t\t\t<div class=\"elementor-column elementor-col-100 elementor-top-column elementor-element elementor-element-47f4b3e0\" data-id=\"47f4b3e0\" data-element_type=\"column\" data-e-type=\"column\">\n\t\t\t<div class=\"elementor-widget-wrap elementor-element-populated\">\n\t\t\t\t\t\t<div class=\"elementor-element elementor-element-6676c8fa elementor-widget elementor-widget-text-editor\" data-id=\"6676c8fa\" data-element_type=\"widget\" data-e-type=\"widget\" data-widget_type=\"text-editor.default\">\n\t\t\t\t<div class=\"elementor-widget-container\">\n\t\t\t\t\t\t\t\t\t<h3 style=\"text-align: left;\">Accessibility statement<\/h3><p>The Cabildo de La Palma is committed to making the website of the Transparency Portal of the Cabildo de La Palma accessible in accordance with the<a href=\"https:\/\/www.boe.es\/diario_boe\/txt.php?id=BOE-A-2018-12699\" target=\"_blank\" rel=\"noopener\"> Royal Decree 1112\/2018<\/a>of 7 September on the accessibility of public sector websites and mobile applications.<a href=\"https:\/\/www.boe.es\/buscar\/act.php?id=BOE-A-2018-12699.\" target=\"_blank\" rel=\"noopener\"> https:\/\/www.boe.es\/buscar\/act.php?id=BOE-A-2018-12699.<\/a><\/p><p>This accessibility statement applies to the website: <a href=\"https:\/\/sodepal.es\/en\/\">https:\/\/sodepal.es<\/a><\/p><h3 style=\"text-align: left;\">Compliance status<\/h3><p>This website is partially compliant with Royal Decree 1112\/2018 due to the non-compliance of the following aspects.<br \/>Non-compliance with Royal Decree 1112\/2018 of 7 September: there may be occasional errors in the editing of HTML content on some web pages.<br \/>Cabildo staff have carried out a review of the contents in order to try to comply with the accessibility requirements, which are currently A and AA of the WCAG 2.1 standards, taking into account the exceptions of Royal Decree 1112\/2018, of 7 September.<\/p><h3 style=\"text-align: left;\">Preparation of this accessibility statement<\/h3><p>This accessibility statement was prepared on 20 October 2020.<\/p><p>The method used for this statement was a self-assessment carried out by the agency itself.<\/p><p>Last revision of the declaration: 05 July 2021.<\/p><h3 style=\"text-align: left;\">Remarks and contact details<\/h3><p>In order to continually improve the accessibility of the portal, Sodepal provides citizens with a contact system by e-mail at info@sodepal.es or by telephone on 922 417 323.<\/p><p>You can make communications on accessibility requirements (article 10.2.a of RD 1112\/2018) such as:<\/p><ul><li>Report any possible non-compliance by this website<\/li><li>Conveying other difficulties in accessing content<\/li><li>Ask any other questions or suggestions for improvement regarding the accessibility of the website.<\/li><\/ul><h3 style=\"text-align: left;\">Application procedure<\/h3><p>If, once a request for accessible information or a complaint has been made, it has been rejected, or if you do not agree with the decision taken, you have a complaints procedure regulated by Article 13 of the<a href=\"https:\/\/www.boe.es\/boe\/dias\/2018\/09\/19\/pdfs\/BOE-A-2018-12699.pdf\" target=\"_blank\" rel=\"noopener\"> Royal Decree 1112\/2018 of 7 September 2018<\/a>The accessibility of websites and applications for mobile devices in the public sector, which can be done via email: info@sodepal.es or by calling 922 417 323, accessibility officer.<\/p><h3 style=\"text-align: left;\">Optional content<\/h3><p>Sodepal understands that implementing an accessibility policy is the essential means for all users of our services to achieve their rights to information and participation.<\/p><ul><li>It is designed for proper display on desktop, tablet and mobile devices for a minimum resolution of 1280\u00d71024<\/li><li>It has been made using HTML5 as markup language and CSS 3 style sheets for its design.<\/li><li>It is designed for use with non-intrusive javascript and offers, in case your browser does not support it, a corresponding non-javascript alternative.<\/li><\/ul><p style=\"text-align: left;\"><strong>Keyboard shortcuts <\/strong>to facilitate navigation through the portal:<\/p><p>Increase font size: [Ctrl] [+] [Ctrl] [+] [Ctrl] [+] [Ctrl<br \/>Decrease font size: [Ctrl] [-] [Ctrl] [-] [Ctrl] [-] [Ctrl<\/p><p>Scroll down the page: [\u2193].<br \/>Move up the page: [\u2191].<\/p><p>Go to previous page: [Alt] [\u2190] [\u2190]<br \/>Go to next page: [Alt] [\u2192] [Alt] [\u2192]<\/p><p>Go to top of page: Top<br \/>Go to the bottom of the page: End<\/p><p>Search for text within the current page: [Ctrl] [F] [Ctrl] [F] [Ctrl] [F<\/p><h3 style=\"text-align: left;\">Page structure<\/h3><p>This portal is designed with a common format for all pages so that familiarisation with the content of the pages is easy to achieve better navigation for people who need technical aids.<\/p><p>The pages are broadly composed of the following areas:<\/p><ul><li>Header, with access to the home page, site map, contact form, access to the co-official versions, advanced search engine and social networks.<\/li><li>Main navigation menu, with the main options of the web site.<\/li><li>Central content area which will vary depending on whether the page is the main page of the site, a subhome, summary, document or advanced search engine.<\/li><li>Footer, which includes the institution's information.<\/li><\/ul><p>Last updated: 05 July 2021.<\/p>\t\t\t\t\t\t\t\t<\/div>\n\t\t\t\t<\/div>\n\t\t\t\t\t<\/div>\n\t\t<\/div>\n\t\t\t\t\t<\/div>\n\t\t<\/section>\n\t\t\t\t<\/div>","protected":false},"excerpt":{"rendered":"<p>Accessibility statement The Cabildo de La Palma is committed to making the website of the Transparency Portal of the Cabildo de La Palma accessible in accordance with Royal Decree 1112\/2018, of 7 September, on accessibility of public sector websites and applications for mobile devices. https:\/\/www.boe.es\/buscar\/act.php?id=BOE-A-2018-12699. This declaration ... <a title=\"Accessibility\" class=\"read-more\" href=\"https:\/\/sodepal.es\/en\/accesibilidad\/\" aria-label=\"Read more about Accessibility\">Read more<\/a><\/p>","protected":false},"author":1,"featured_media":0,"parent":0,"menu_order":0,"comment_status":"closed","ping_status":"closed","template":"","meta":{"_acf_changed":false,"footnotes":""},"class_list":["post-2537","page","type-page","status-publish"],"acf":[],"yoast_head":"<!-- This site is optimized with the Yoast SEO Premium plugin v22.0 (Yoast SEO v27.3) - https:\/\/yoast.com\/product\/yoast-seo-premium-wordpress\/ -->\n<title>Accesibilidad - Sociedad de Promoci\u00f3n y Desarrollo Econ\u00f3mico y Social de La Palma - SODEPAL<\/title>\n<meta name=\"description\" content=\"P\u00e1gina de informaci\u00f3n sobre la accesibilidad de la web\" \/>\n<meta name=\"robots\" content=\"noindex, follow\" \/>\n<meta property=\"og:locale\" content=\"en_GB\" \/>\n<meta property=\"og:type\" content=\"article\" \/>\n<meta property=\"og:title\" content=\"Accesibilidad\" \/>\n<meta property=\"og:description\" content=\"P\u00e1gina de informaci\u00f3n sobre la accesibilidad de la web\" \/>\n<meta property=\"og:url\" content=\"https:\/\/sodepal.es\/en\/accesibilidad\/\" \/>\n<meta property=\"og:site_name\" content=\"Sociedad de Promoci\u00f3n y Desarrollo Econ\u00f3mico y Social de La Palma - SODEPAL\" \/>\n<meta property=\"article:publisher\" content=\"https:\/\/www.facebook.com\/sodepal\" \/>\n<meta property=\"article:modified_time\" content=\"2025-03-15T13:15:16+00:00\" \/>\n<meta property=\"og:image\" content=\"https:\/\/sodepal.es\/wp-content\/uploads\/2023\/04\/sodepal-scaled.jpg\" \/>\n\t<meta property=\"og:image:width\" content=\"2560\" \/>\n\t<meta property=\"og:image:height\" content=\"960\" \/>\n\t<meta property=\"og:image:type\" content=\"image\/jpeg\" \/>\n<meta name=\"twitter:card\" content=\"summary_large_image\" \/>\n<script type=\"application\/ld+json\" class=\"yoast-schema-graph\">{\"@context\":\"https:\\\/\\\/schema.org\",\"@graph\":[{\"@type\":\"WebPage\",\"@id\":\"https:\\\/\\\/sodepal.es\\\/accesibilidad\\\/\",\"url\":\"https:\\\/\\\/sodepal.es\\\/accesibilidad\\\/\",\"name\":\"Accesibilidad - Sociedad de Promoci\u00f3n y Desarrollo Econ\u00f3mico y Social de La Palma - SODEPAL\",\"isPartOf\":{\"@id\":\"https:\\\/\\\/sodepal.es\\\/#website\"},\"datePublished\":\"2020-10-27T08:23:04+00:00\",\"dateModified\":\"2025-03-15T13:15:16+00:00\",\"description\":\"P\u00e1gina de informaci\u00f3n sobre la accesibilidad de la web\",\"breadcrumb\":{\"@id\":\"https:\\\/\\\/sodepal.es\\\/accesibilidad\\\/#breadcrumb\"},\"inLanguage\":\"en-GB\",\"potentialAction\":[{\"@type\":\"ReadAction\",\"target\":[\"https:\\\/\\\/sodepal.es\\\/accesibilidad\\\/\"]}]},{\"@type\":\"BreadcrumbList\",\"@id\":\"https:\\\/\\\/sodepal.es\\\/accesibilidad\\\/#breadcrumb\",\"itemListElement\":[{\"@type\":\"ListItem\",\"position\":1,\"name\":\"Inicio\",\"item\":\"https:\\\/\\\/sodepal.es\\\/\"},{\"@type\":\"ListItem\",\"position\":2,\"name\":\"Accesibilidad\"}]},{\"@type\":\"WebSite\",\"@id\":\"https:\\\/\\\/sodepal.es\\\/#website\",\"url\":\"https:\\\/\\\/sodepal.es\\\/\",\"name\":\"Sodepal\",\"description\":\"SODEPAL es una empresa p\u00fablica dependiente del Cabildo de La Palma. Promoci\u00f3n, Fomento y Desarrollo para la isla de La Palma\",\"publisher\":{\"@id\":\"https:\\\/\\\/sodepal.es\\\/#organization\"},\"alternateName\":\"Sociedad de Promoci\u00f3n y Desarrollo Econ\u00f3mico y Social de La Palma\",\"potentialAction\":[{\"@type\":\"SearchAction\",\"target\":{\"@type\":\"EntryPoint\",\"urlTemplate\":\"https:\\\/\\\/sodepal.es\\\/?s={search_term_string}\"},\"query-input\":{\"@type\":\"PropertyValueSpecification\",\"valueRequired\":true,\"valueName\":\"search_term_string\"}}],\"inLanguage\":\"en-GB\"},{\"@type\":\"Organization\",\"@id\":\"https:\\\/\\\/sodepal.es\\\/#organization\",\"name\":\"Sociedad de Promoci\u00f3n y Desarrollo Econ\u00f3mico y Social de La Palma\",\"alternateName\":\"Sodepal\",\"url\":\"https:\\\/\\\/sodepal.es\\\/\",\"logo\":{\"@type\":\"ImageObject\",\"inLanguage\":\"en-GB\",\"@id\":\"https:\\\/\\\/sodepal.es\\\/#\\\/schema\\\/logo\\\/image\\\/\",\"url\":\"https:\\\/\\\/sodepal.es\\\/wp-content\\\/uploads\\\/2022\\\/09\\\/logo_web.png\",\"contentUrl\":\"https:\\\/\\\/sodepal.es\\\/wp-content\\\/uploads\\\/2022\\\/09\\\/logo_web.png\",\"width\":658,\"height\":156,\"caption\":\"Sociedad de Promoci\u00f3n y Desarrollo Econ\u00f3mico y Social de La Palma\"},\"image\":{\"@id\":\"https:\\\/\\\/sodepal.es\\\/#\\\/schema\\\/logo\\\/image\\\/\"},\"sameAs\":[\"https:\\\/\\\/www.facebook.com\\\/sodepal\",\"https:\\\/\\\/www.instagram.com\\\/sodepallapalma\\\/\"],\"description\":\"Sociedad de Promoci\u00f3n y Desarrollo econ\u00f3mico y Social de La Palma, empresa p\u00fablica dependiente del Cabildo de La Palma\",\"email\":\"info@sodepal.es\",\"telephone\":\"922417323\",\"legalName\":\"Sociedad de Promoci\u00f3n y Desarrollo Econ\u00f3mico de la isla de La Palma S.A.U.\"}]}<\/script>\n<!-- \/ Yoast SEO Premium plugin. -->","yoast_head_json":{"title":"Accesibilidad - Sociedad de Promoci\u00f3n y Desarrollo Econ\u00f3mico y Social de La Palma - SODEPAL","description":"P\u00e1gina de informaci\u00f3n sobre la accesibilidad de la web","robots":{"index":"noindex","follow":"follow"},"og_locale":"en_GB","og_type":"article","og_title":"Accesibilidad","og_description":"P\u00e1gina de informaci\u00f3n sobre la accesibilidad de la web","og_url":"https:\/\/sodepal.es\/en\/accesibilidad\/","og_site_name":"Sociedad de Promoci\u00f3n y Desarrollo Econ\u00f3mico y Social de La Palma - SODEPAL","article_publisher":"https:\/\/www.facebook.com\/sodepal","article_modified_time":"2025-03-15T13:15:16+00:00","og_image":[{"width":2560,"height":960,"url":"https:\/\/sodepal.es\/wp-content\/uploads\/2023\/04\/sodepal-scaled.jpg","type":"image\/jpeg"}],"twitter_card":"summary_large_image","schema":{"@context":"https:\/\/schema.org","@graph":[{"@type":"WebPage","@id":"https:\/\/sodepal.es\/accesibilidad\/","url":"https:\/\/sodepal.es\/accesibilidad\/","name":"Accesibilidad - Sociedad de Promoci\u00f3n y Desarrollo Econ\u00f3mico y Social de La Palma - SODEPAL","isPartOf":{"@id":"https:\/\/sodepal.es\/#website"},"datePublished":"2020-10-27T08:23:04+00:00","dateModified":"2025-03-15T13:15:16+00:00","description":"P\u00e1gina de informaci\u00f3n sobre la accesibilidad de la web","breadcrumb":{"@id":"https:\/\/sodepal.es\/accesibilidad\/#breadcrumb"},"inLanguage":"en-GB","potentialAction":[{"@type":"ReadAction","target":["https:\/\/sodepal.es\/accesibilidad\/"]}]},{"@type":"BreadcrumbList","@id":"https:\/\/sodepal.es\/accesibilidad\/#breadcrumb","itemListElement":[{"@type":"ListItem","position":1,"name":"Inicio","item":"https:\/\/sodepal.es\/"},{"@type":"ListItem","position":2,"name":"Accesibilidad"}]},{"@type":"WebSite","@id":"https:\/\/sodepal.es\/#website","url":"https:\/\/sodepal.es\/","name":"Sodepal","description":"SODEPAL es una empresa p\u00fablica dependiente del Cabildo de La Palma. Promoci\u00f3n, Fomento y Desarrollo para la isla de La Palma","publisher":{"@id":"https:\/\/sodepal.es\/#organization"},"alternateName":"Sociedad de Promoci\u00f3n y Desarrollo Econ\u00f3mico y Social de La Palma","potentialAction":[{"@type":"SearchAction","target":{"@type":"EntryPoint","urlTemplate":"https:\/\/sodepal.es\/?s={search_term_string}"},"query-input":{"@type":"PropertyValueSpecification","valueRequired":true,"valueName":"search_term_string"}}],"inLanguage":"en-GB"},{"@type":"Organization","@id":"https:\/\/sodepal.es\/#organization","name":"Sociedad de Promoci\u00f3n y Desarrollo Econ\u00f3mico y Social de La Palma","alternateName":"Sodepal","url":"https:\/\/sodepal.es\/","logo":{"@type":"ImageObject","inLanguage":"en-GB","@id":"https:\/\/sodepal.es\/#\/schema\/logo\/image\/","url":"https:\/\/sodepal.es\/wp-content\/uploads\/2022\/09\/logo_web.png","contentUrl":"https:\/\/sodepal.es\/wp-content\/uploads\/2022\/09\/logo_web.png","width":658,"height":156,"caption":"Sociedad de Promoci\u00f3n y Desarrollo Econ\u00f3mico y Social de La Palma"},"image":{"@id":"https:\/\/sodepal.es\/#\/schema\/logo\/image\/"},"sameAs":["https:\/\/www.facebook.com\/sodepal","https:\/\/www.instagram.com\/sodepallapalma\/"],"description":"Sociedad de Promoci\u00f3n y Desarrollo econ\u00f3mico y Social de La Palma, empresa p\u00fablica dependiente del Cabildo de La Palma","email":"info@sodepal.es","telephone":"922417323","legalName":"Sociedad de Promoci\u00f3n y Desarrollo Econ\u00f3mico de la isla de La Palma S.A.U."}]}},"_links":{"self":[{"href":"https:\/\/sodepal.es\/en\/wp-json\/wp\/v2\/pages\/2537","targetHints":{"allow":["GET"]}}],"collection":[{"href":"https:\/\/sodepal.es\/en\/wp-json\/wp\/v2\/pages"}],"about":[{"href":"https:\/\/sodepal.es\/en\/wp-json\/wp\/v2\/types\/page"}],"author":[{"embeddable":true,"href":"https:\/\/sodepal.es\/en\/wp-json\/wp\/v2\/users\/1"}],"replies":[{"embeddable":true,"href":"https:\/\/sodepal.es\/en\/wp-json\/wp\/v2\/comments?post=2537"}],"version-history":[{"count":0,"href":"https:\/\/sodepal.es\/en\/wp-json\/wp\/v2\/pages\/2537\/revisions"}],"wp:attachment":[{"href":"https:\/\/sodepal.es\/en\/wp-json\/wp\/v2\/media?parent=2537"}],"curies":[{"name":"wp","href":"https:\/\/api.w.org\/{rel}","templated":true}]}}