{"id":9441,"date":"2023-11-24T14:02:02","date_gmt":"2023-11-24T14:02:02","guid":{"rendered":"https:\/\/sodepal.es\/?page_id=9441"},"modified":"2025-04-23T10:59:41","modified_gmt":"2025-04-23T10:59:41","slug":"programa-de-promocion-astroturismo-de-la-palma","status":"publish","type":"page","link":"https:\/\/sodepal.es\/en\/proyectos\/programa-de-promocion-astroturismo-de-la-palma\/","title":{"rendered":"Programme for the Promotion of Astrotourism on La Palma"},"content":{"rendered":"<div data-elementor-type=\"wp-page\" data-elementor-id=\"9441\" class=\"elementor elementor-9441\" data-elementor-post-type=\"page\">\n\t\t\t\t\t\t<section class=\"elementor-section elementor-top-section elementor-element elementor-element-ec49900 elementor-section-boxed elementor-section-height-default elementor-section-height-default\" data-id=\"ec49900\" data-element_type=\"section\" data-e-type=\"section\">\n\t\t\t\t\t\t<div class=\"elementor-container elementor-column-gap-default\">\n\t\t\t\t\t<div class=\"elementor-column elementor-col-100 elementor-top-column elementor-element elementor-element-ce8b006\" data-id=\"ce8b006\" data-element_type=\"column\" data-e-type=\"column\">\n\t\t\t<div class=\"elementor-widget-wrap elementor-element-populated\">\n\t\t\t\t\t\t<div class=\"elementor-element elementor-element-6069405 elementor-invisible elementor-widget elementor-widget-image\" data-id=\"6069405\" data-element_type=\"widget\" data-e-type=\"widget\" data-settings=\"{&quot;_animation&quot;:&quot;fadeInUp&quot;}\" data-widget_type=\"image.default\">\n\t\t\t\t<div class=\"elementor-widget-container\">\n\t\t\t\t\t\t\t\t\t\t\t\t\t\t\t<img fetchpriority=\"high\" decoding=\"async\" width=\"1500\" height=\"425\" src=\"https:\/\/sodepal.es\/wp-content\/uploads\/2023\/11\/astroturismo.jpg\" class=\"attachment-1536x1536 size-1536x1536 wp-image-10674\" alt=\"\" srcset=\"https:\/\/sodepal.es\/wp-content\/uploads\/2023\/11\/astroturismo.jpg 1500w, https:\/\/sodepal.es\/wp-content\/uploads\/2023\/11\/astroturismo-300x85.jpg 300w, https:\/\/sodepal.es\/wp-content\/uploads\/2023\/11\/astroturismo-1024x290.jpg 1024w, https:\/\/sodepal.es\/wp-content\/uploads\/2023\/11\/astroturismo-768x218.jpg 768w, https:\/\/sodepal.es\/wp-content\/uploads\/2023\/11\/astroturismo-18x5.jpg 18w\" sizes=\"(max-width: 1500px) 100vw, 1500px\" \/>\t\t\t\t\t\t\t\t\t\t\t\t\t\t\t<\/div>\n\t\t\t\t<\/div>\n\t\t\t\t\t<\/div>\n\t\t<\/div>\n\t\t\t\t\t<\/div>\n\t\t<\/section>\n\t\t\t\t<section class=\"elementor-section elementor-top-section elementor-element elementor-element-f81b45e elementor-section-boxed elementor-section-height-default elementor-section-height-default\" data-id=\"f81b45e\" data-element_type=\"section\" data-e-type=\"section\">\n\t\t\t\t\t\t<div class=\"elementor-container elementor-column-gap-default\">\n\t\t\t\t\t<div class=\"elementor-column elementor-col-100 elementor-top-column elementor-element elementor-element-a344841\" data-id=\"a344841\" data-element_type=\"column\" data-e-type=\"column\">\n\t\t\t<div class=\"elementor-widget-wrap elementor-element-populated\">\n\t\t\t\t\t\t<div class=\"elementor-element elementor-element-0da03d5 elementor-invisible elementor-widget elementor-widget-heading\" data-id=\"0da03d5\" data-element_type=\"widget\" data-e-type=\"widget\" data-settings=\"{&quot;_animation&quot;:&quot;fadeInUp&quot;}\" data-widget_type=\"heading.default\">\n\t\t\t\t<div class=\"elementor-widget-container\">\n\t\t\t\t\t<h2 class=\"elementor-heading-title elementor-size-default\">Programme for the Promotion of Astrotourism on La Palma<\/h2>\t\t\t\t<\/div>\n\t\t\t\t<\/div>\n\t\t\t\t<div class=\"elementor-element elementor-element-ece27cb elementor-invisible elementor-widget elementor-widget-text-editor\" data-id=\"ece27cb\" data-element_type=\"widget\" data-e-type=\"widget\" data-settings=\"{&quot;_animation&quot;:&quot;fadeInUp&quot;}\" data-widget_type=\"text-editor.default\">\n\t\t\t\t<div class=\"elementor-widget-container\">\n\t\t\t\t\t\t\t\t\t<p>The \"ASTROTOURISM PROMOTION PROGRAMME OF THE ISLE OF LA PALMA - PALP\" belongs to the public company SODEPAL, under a management and economic contribution entrusted by the Tourism Department of the Cabildo Insular de la Palma.<\/p><p>This proposal, which was born in 2020, has as its main task to promote astronomical dissemination and astro-tourism on the island of La Palma.<\/p><p>The sky over La Palma is an international benchmark for astrophysics. The island territory has one of the most important observatories in the Northern Hemisphere at its peak, the Roque de los Muchachos, a reality that is also linked to the approval by the Spanish Government of the Sky Protection Act in 1988, promoted by the Instituto de Astrof\u00edsica de Canarias (IAC) and in which the Isla Bonita played a leading role.<\/p><p>Supporting the promotion of astronomy in La Palma has become a fundamental action not only to better understand this science, but also to defend it as an activity with repercussions on the island's economy.  This is what we have called Astrotourism.<\/p><p><em>There is a clear need to support both public institutions and private companies in the consolidation of La Palma as an attractive destination from the point of view of astronomy, by supporting actions to attract visitors, but without forgetting the need to raise the awareness of residents about the importance of our sky. Therefore, this project has a twofold focus: support for promotion abroad and raising awareness of astro-tourism among the residents themselves, two aspects that we believe should go hand in hand.<\/em><\/p>\t\t\t\t\t\t\t\t<\/div>\n\t\t\t\t<\/div>\n\t\t\t\t<div class=\"elementor-element elementor-element-bab00ad elementor-invisible elementor-widget elementor-widget-heading\" data-id=\"bab00ad\" data-element_type=\"widget\" data-e-type=\"widget\" data-settings=\"{&quot;_animation&quot;:&quot;fadeInUp&quot;}\" data-widget_type=\"heading.default\">\n\t\t\t\t<div class=\"elementor-widget-container\">\n\t\t\t\t\t<h3 class=\"elementor-heading-title elementor-size-default\">What outreach activities do we do?\n<\/h3>\t\t\t\t<\/div>\n\t\t\t\t<\/div>\n\t\t\t\t<div class=\"elementor-element elementor-element-48d6083 elementor-invisible elementor-widget elementor-widget-text-editor\" data-id=\"48d6083\" data-element_type=\"widget\" data-e-type=\"widget\" data-settings=\"{&quot;_animation&quot;:&quot;fadeInUp&quot;}\" data-widget_type=\"text-editor.default\">\n\t\t\t\t<div class=\"elementor-widget-container\">\n\t\t\t\t\t\t\t\t\t<p>All kinds of activities are carried out, from classic night-time observation workshops, to solar observations, didactic talks, with meteorite displays, training in astrophotography, visits to the Roque de Los Muchachos Observatory, etc. Activities adapted to all kinds of audiences.<\/p><p>We are currently focusing on promoting the travelling planetarium of the Youth Department of the Cabildo de La Palma among schools.<\/p>\t\t\t\t\t\t\t\t<\/div>\n\t\t\t\t<\/div>\n\t\t\t\t<div class=\"elementor-element elementor-element-32ac188 elementor-widget elementor-widget-gallery\" data-id=\"32ac188\" data-element_type=\"widget\" data-e-type=\"widget\" data-settings=\"{&quot;gallery_layout&quot;:&quot;justified&quot;,&quot;lazyload&quot;:&quot;yes&quot;,&quot;ideal_row_height&quot;:{&quot;unit&quot;:&quot;px&quot;,&quot;size&quot;:200,&quot;sizes&quot;:[]},&quot;ideal_row_height_tablet&quot;:{&quot;unit&quot;:&quot;px&quot;,&quot;size&quot;:150,&quot;sizes&quot;:[]},&quot;ideal_row_height_mobile&quot;:{&quot;unit&quot;:&quot;px&quot;,&quot;size&quot;:150,&quot;sizes&quot;:[]},&quot;gap&quot;:{&quot;unit&quot;:&quot;px&quot;,&quot;size&quot;:10,&quot;sizes&quot;:[]},&quot;gap_tablet&quot;:{&quot;unit&quot;:&quot;px&quot;,&quot;size&quot;:10,&quot;sizes&quot;:[]},&quot;gap_mobile&quot;:{&quot;unit&quot;:&quot;px&quot;,&quot;size&quot;:10,&quot;sizes&quot;:[]},&quot;link_to&quot;:&quot;file&quot;,&quot;overlay_background&quot;:&quot;yes&quot;,&quot;content_hover_animation&quot;:&quot;fade-in&quot;}\" data-widget_type=\"gallery.default\">\n\t\t\t\t<div class=\"elementor-widget-container\">\n\t\t\t\t\t\t\t<div class=\"elementor-gallery__container\">\n\t\t\t\t\t\t\t<a class=\"e-gallery-item elementor-gallery-item elementor-animated-content\" href=\"https:\/\/sodepal.es\/wp-content\/uploads\/2025\/04\/Planetario_itinerante1.jpeg\" data-elementor-open-lightbox=\"yes\" data-elementor-lightbox-slideshow=\"32ac188\" data-elementor-lightbox-title=\"Planetario_itinerante1\" data-e-action-hash=\"#elementor-action%3Aaction%3Dlightbox%26settings%3DeyJpZCI6MjM3NTEsInVybCI6Imh0dHBzOlwvXC9zb2RlcGFsLmVzXC93cC1jb250ZW50XC91cGxvYWRzXC8yMDI1XC8wNFwvUGxhbmV0YXJpb19pdGluZXJhbnRlMS5qcGVnIiwic2xpZGVzaG93IjoiMzJhYzE4OCJ9\">\n\t\t\t\t\t<div class=\"e-gallery-image elementor-gallery-item__image\" data-thumbnail=\"https:\/\/sodepal.es\/wp-content\/uploads\/2025\/04\/Planetario_itinerante1-355x768.jpeg\" data-width=\"355\" data-height=\"768\" aria-label=\"\" role=\"img\" ><\/div>\n\t\t\t\t\t\t\t\t\t\t\t<div class=\"elementor-gallery-item__overlay\"><\/div>\n\t\t\t\t\t\t\t\t\t\t\t\t\t\t<\/a>\n\t\t\t\t\t\t\t<a class=\"e-gallery-item elementor-gallery-item elementor-animated-content\" href=\"https:\/\/sodepal.es\/wp-content\/uploads\/2025\/04\/Planetario3.jpg\" data-elementor-open-lightbox=\"yes\" data-elementor-lightbox-slideshow=\"32ac188\" data-elementor-lightbox-title=\"Planetario3\" data-e-action-hash=\"#elementor-action%3Aaction%3Dlightbox%26settings%3DeyJpZCI6MjM3NDEsInVybCI6Imh0dHBzOlwvXC9zb2RlcGFsLmVzXC93cC1jb250ZW50XC91cGxvYWRzXC8yMDI1XC8wNFwvUGxhbmV0YXJpbzMuanBnIiwic2xpZGVzaG93IjoiMzJhYzE4OCJ9\">\n\t\t\t\t\t<div class=\"e-gallery-image elementor-gallery-item__image\" data-thumbnail=\"https:\/\/sodepal.es\/wp-content\/uploads\/2025\/04\/Planetario3-768x543.jpg\" data-width=\"768\" data-height=\"543\" aria-label=\"\" role=\"img\" ><\/div>\n\t\t\t\t\t\t\t\t\t\t\t<div class=\"elementor-gallery-item__overlay\"><\/div>\n\t\t\t\t\t\t\t\t\t\t\t\t\t\t<\/a>\n\t\t\t\t\t\t\t<a class=\"e-gallery-item elementor-gallery-item elementor-animated-content\" href=\"https:\/\/sodepal.es\/wp-content\/uploads\/2025\/04\/Planetario_itinerante2-scaled.jpeg\" data-elementor-open-lightbox=\"yes\" data-elementor-lightbox-slideshow=\"32ac188\" data-elementor-lightbox-title=\"Planetario_itinerante2\" data-e-action-hash=\"#elementor-action%3Aaction%3Dlightbox%26settings%3DeyJpZCI6MjM3NTAsInVybCI6Imh0dHBzOlwvXC9zb2RlcGFsLmVzXC93cC1jb250ZW50XC91cGxvYWRzXC8yMDI1XC8wNFwvUGxhbmV0YXJpb19pdGluZXJhbnRlMi1zY2FsZWQuanBlZyIsInNsaWRlc2hvdyI6IjMyYWMxODgifQ%3D%3D\">\n\t\t\t\t\t<div class=\"e-gallery-image elementor-gallery-item__image\" data-thumbnail=\"https:\/\/sodepal.es\/wp-content\/uploads\/2025\/04\/Planetario_itinerante2-768x442.jpeg\" data-width=\"768\" data-height=\"442\" aria-label=\"\" role=\"img\" ><\/div>\n\t\t\t\t\t\t\t\t\t\t\t<div class=\"elementor-gallery-item__overlay\"><\/div>\n\t\t\t\t\t\t\t\t\t\t\t\t\t\t<\/a>\n\t\t\t\t\t\t\t<a class=\"e-gallery-item elementor-gallery-item elementor-animated-content\" href=\"https:\/\/sodepal.es\/wp-content\/uploads\/2025\/04\/Planetario1.jpg\" data-elementor-open-lightbox=\"yes\" data-elementor-lightbox-slideshow=\"32ac188\" data-elementor-lightbox-title=\"Planetario1\" data-e-action-hash=\"#elementor-action%3Aaction%3Dlightbox%26settings%3DeyJpZCI6MjM3NDAsInVybCI6Imh0dHBzOlwvXC9zb2RlcGFsLmVzXC93cC1jb250ZW50XC91cGxvYWRzXC8yMDI1XC8wNFwvUGxhbmV0YXJpbzEuanBnIiwic2xpZGVzaG93IjoiMzJhYzE4OCJ9\">\n\t\t\t\t\t<div class=\"e-gallery-image elementor-gallery-item__image\" data-thumbnail=\"https:\/\/sodepal.es\/wp-content\/uploads\/2025\/04\/Planetario1-768x509.jpg\" data-width=\"768\" data-height=\"509\" aria-label=\"\" role=\"img\" ><\/div>\n\t\t\t\t\t\t\t\t\t\t\t<div class=\"elementor-gallery-item__overlay\"><\/div>\n\t\t\t\t\t\t\t\t\t\t\t\t\t\t<\/a>\n\t\t\t\t\t\t\t<a class=\"e-gallery-item elementor-gallery-item elementor-animated-content\" href=\"https:\/\/sodepal.es\/wp-content\/uploads\/2025\/04\/Planetario2.jpg\" data-elementor-open-lightbox=\"yes\" data-elementor-lightbox-slideshow=\"32ac188\" data-elementor-lightbox-title=\"Planetario2\" data-e-action-hash=\"#elementor-action%3Aaction%3Dlightbox%26settings%3DeyJpZCI6MjM3MzksInVybCI6Imh0dHBzOlwvXC9zb2RlcGFsLmVzXC93cC1jb250ZW50XC91cGxvYWRzXC8yMDI1XC8wNFwvUGxhbmV0YXJpbzIuanBnIiwic2xpZGVzaG93IjoiMzJhYzE4OCJ9\">\n\t\t\t\t\t<div class=\"e-gallery-image elementor-gallery-item__image\" data-thumbnail=\"https:\/\/sodepal.es\/wp-content\/uploads\/2025\/04\/Planetario2-768x420.jpg\" data-width=\"768\" data-height=\"420\" aria-label=\"\" role=\"img\" ><\/div>\n\t\t\t\t\t\t\t\t\t\t\t<div class=\"elementor-gallery-item__overlay\"><\/div>\n\t\t\t\t\t\t\t\t\t\t\t\t\t\t<\/a>\n\t\t\t\t\t<\/div>\n\t\t\t\t\t<\/div>\n\t\t\t\t<\/div>\n\t\t\t\t<div class=\"elementor-element elementor-element-fc9d711 elementor-widget elementor-widget-eael-creative-button\" data-id=\"fc9d711\" data-element_type=\"widget\" data-e-type=\"widget\" data-widget_type=\"eael-creative-button.default\">\n\t\t\t\t<div class=\"elementor-widget-container\">\n\t\t\t\t\t        <div class=\"eael-creative-button-wrapper\">\n\n            <a class=\"eael-creative-button eael-creative-button--ujarak\" href=\"https:\/\/sodepal.es\/en\/evento\/planetario-itinerante\/\" target=\"_blank\" data-text=\"Planetario Itinerante\">\n            \t    \n                <div class=\"creative-button-inner\">\n\n                                            <span class=\"eael-creative-button-icon-left\"><i aria-hidden=\"true\" class=\"far fa-star\"><\/i><\/span>                    \n                    <span class=\"cretive-button-text\">Travelling Planetarium<\/span>\n\n                                    <\/div>\n\t                        <\/a>\n        <\/div>\n        \t\t\t\t<\/div>\n\t\t\t\t<\/div>\n\t\t\t\t\t<\/div>\n\t\t<\/div>\n\t\t\t\t\t<\/div>\n\t\t<\/section>\n\t\t\t\t<\/div>","protected":false},"excerpt":{"rendered":"<p>Astrotourism Promotion Programme of La Palma The \"ASTROTOURISM PROMOTION PROGRAMME OF THE ISLE OF LA PALMA - PALP\" belongs to the public company SODEPAL, under a management and economic contribution entrusted by the area of Tourism of the Cabildo Insular de la Palma. This proposal, which was born in the year 2020, ... <a title=\"Programme for the Promotion of Astrotourism on La Palma\" class=\"read-more\" href=\"https:\/\/sodepal.es\/en\/proyectos\/programa-de-promocion-astroturismo-de-la-palma\/\" aria-label=\"Read more about La Palma Astrotourism Promotion Programme\">Read more<\/a><\/p>","protected":false},"author":1,"featured_media":0,"parent":8267,"menu_order":0,"comment_status":"closed","ping_status":"closed","template":"","meta":{"_acf_changed":false,"footnotes":""},"class_list":["post-9441","page","type-page","status-publish"],"acf":[],"yoast_head":"<!-- This site is optimized with the Yoast SEO Premium plugin v22.0 (Yoast SEO v27.2) - https:\/\/yoast.com\/product\/yoast-seo-premium-wordpress\/ -->\n<title>Programa de Promoci\u00f3n Astroturismo de La Palma - Sociedad de Promoci\u00f3n y Desarrollo Econ\u00f3mico y Social de La Palma - SODEPAL<\/title>\n<meta name=\"robots\" content=\"index, follow, max-snippet:-1, max-image-preview:large, max-video-preview:-1\" \/>\n<link rel=\"canonical\" href=\"https:\/\/sodepal.es\/en\/proyectos\/programa-de-promocion-astroturismo-de-la-palma\/\" \/>\n<meta property=\"og:locale\" content=\"en_GB\" \/>\n<meta property=\"og:type\" content=\"article\" \/>\n<meta property=\"og:title\" content=\"Programa de Promoci\u00f3n Astroturismo de La Palma\" \/>\n<meta property=\"og:description\" content=\"Programa de Promoci\u00f3n Astroturismo de La Palma El \u201cPROGRAMA DE PROMOCI\u00d3N DE ASTROTURISMO DE LA ISLA DE LA PALMA &#8211; PALP\u201d pertenece a la Empresa p\u00fablica SODEPAL, bajo una encomienda de gesti\u00f3n y aportaci\u00f3n econ\u00f3mica por parte del \u00e1rea de Turismo del Cabildo Insular de la Palma. Esta propuesta, que naci\u00f3 en el a\u00f1o 2020, ... Read more\" \/>\n<meta property=\"og:url\" content=\"https:\/\/sodepal.es\/en\/proyectos\/programa-de-promocion-astroturismo-de-la-palma\/\" \/>\n<meta property=\"og:site_name\" content=\"Sociedad de Promoci\u00f3n y Desarrollo Econ\u00f3mico y Social de La Palma - SODEPAL\" \/>\n<meta property=\"article:publisher\" content=\"https:\/\/www.facebook.com\/sodepal\" \/>\n<meta property=\"article:modified_time\" content=\"2025-04-23T10:59:41+00:00\" \/>\n<meta property=\"og:image\" content=\"https:\/\/sodepal.es\/wp-content\/uploads\/2023\/11\/astroturismo.jpg\" \/>\n\t<meta property=\"og:image:width\" content=\"1500\" \/>\n\t<meta property=\"og:image:height\" content=\"425\" \/>\n\t<meta property=\"og:image:type\" content=\"image\/jpeg\" \/>\n<meta name=\"twitter:card\" content=\"summary_large_image\" \/>\n<script type=\"application\/ld+json\" class=\"yoast-schema-graph\">{\"@context\":\"https:\/\/schema.org\",\"@graph\":[{\"@type\":\"WebPage\",\"@id\":\"https:\/\/sodepal.es\/proyectos\/programa-de-promocion-astroturismo-de-la-palma\/\",\"url\":\"https:\/\/sodepal.es\/proyectos\/programa-de-promocion-astroturismo-de-la-palma\/\",\"name\":\"Programa de Promoci\u00f3n Astroturismo de La Palma - Sociedad de Promoci\u00f3n y Desarrollo Econ\u00f3mico y Social de La Palma - SODEPAL\",\"isPartOf\":{\"@id\":\"https:\/\/sodepal.es\/#website\"},\"primaryImageOfPage\":{\"@id\":\"https:\/\/sodepal.es\/proyectos\/programa-de-promocion-astroturismo-de-la-palma\/#primaryimage\"},\"image\":{\"@id\":\"https:\/\/sodepal.es\/proyectos\/programa-de-promocion-astroturismo-de-la-palma\/#primaryimage\"},\"thumbnailUrl\":\"https:\/\/sodepal.es\/wp-content\/uploads\/2023\/11\/astroturismo.jpg\",\"datePublished\":\"2023-11-24T14:02:02+00:00\",\"dateModified\":\"2025-04-23T10:59:41+00:00\",\"breadcrumb\":{\"@id\":\"https:\/\/sodepal.es\/proyectos\/programa-de-promocion-astroturismo-de-la-palma\/#breadcrumb\"},\"inLanguage\":\"en-GB\",\"potentialAction\":[{\"@type\":\"ReadAction\",\"target\":[\"https:\/\/sodepal.es\/proyectos\/programa-de-promocion-astroturismo-de-la-palma\/\"]}]},{\"@type\":\"ImageObject\",\"inLanguage\":\"en-GB\",\"@id\":\"https:\/\/sodepal.es\/proyectos\/programa-de-promocion-astroturismo-de-la-palma\/#primaryimage\",\"url\":\"https:\/\/sodepal.es\/wp-content\/uploads\/2023\/11\/astroturismo.jpg\",\"contentUrl\":\"https:\/\/sodepal.es\/wp-content\/uploads\/2023\/11\/astroturismo.jpg\"},{\"@type\":\"BreadcrumbList\",\"@id\":\"https:\/\/sodepal.es\/proyectos\/programa-de-promocion-astroturismo-de-la-palma\/#breadcrumb\",\"itemListElement\":[{\"@type\":\"ListItem\",\"position\":1,\"name\":\"Inicio\",\"item\":\"https:\/\/sodepal.es\/\"},{\"@type\":\"ListItem\",\"position\":2,\"name\":\"Proyectos\",\"item\":\"https:\/\/sodepal.es\/proyectos\/\"},{\"@type\":\"ListItem\",\"position\":3,\"name\":\"Programa de Promoci\u00f3n Astroturismo de La Palma\"}]},{\"@type\":\"WebSite\",\"@id\":\"https:\/\/sodepal.es\/#website\",\"url\":\"https:\/\/sodepal.es\/\",\"name\":\"Sodepal\",\"description\":\"SODEPAL es una empresa p\u00fablica dependiente del Cabildo de La Palma. Promoci\u00f3n, Fomento y Desarrollo para la isla de La Palma\",\"publisher\":{\"@id\":\"https:\/\/sodepal.es\/#organization\"},\"alternateName\":\"Sociedad de Promoci\u00f3n y Desarrollo Econ\u00f3mico y Social de La Palma\",\"potentialAction\":[{\"@type\":\"SearchAction\",\"target\":{\"@type\":\"EntryPoint\",\"urlTemplate\":\"https:\/\/sodepal.es\/?s={search_term_string}\"},\"query-input\":{\"@type\":\"PropertyValueSpecification\",\"valueRequired\":true,\"valueName\":\"search_term_string\"}}],\"inLanguage\":\"en-GB\"},{\"@type\":\"Organization\",\"@id\":\"https:\/\/sodepal.es\/#organization\",\"name\":\"Sociedad de Promoci\u00f3n y Desarrollo Econ\u00f3mico y Social de La Palma\",\"alternateName\":\"Sodepal\",\"url\":\"https:\/\/sodepal.es\/\",\"logo\":{\"@type\":\"ImageObject\",\"inLanguage\":\"en-GB\",\"@id\":\"https:\/\/sodepal.es\/#\/schema\/logo\/image\/\",\"url\":\"https:\/\/sodepal.es\/wp-content\/uploads\/2022\/09\/logo_web.png\",\"contentUrl\":\"https:\/\/sodepal.es\/wp-content\/uploads\/2022\/09\/logo_web.png\",\"width\":658,\"height\":156,\"caption\":\"Sociedad de Promoci\u00f3n y Desarrollo Econ\u00f3mico y Social de La Palma\"},\"image\":{\"@id\":\"https:\/\/sodepal.es\/#\/schema\/logo\/image\/\"},\"sameAs\":[\"https:\/\/www.facebook.com\/sodepal\",\"https:\/\/www.instagram.com\/sodepallapalma\/\"],\"description\":\"Sociedad de Promoci\u00f3n y Desarrollo econ\u00f3mico y Social de La Palma, empresa p\u00fablica dependiente del Cabildo de La Palma\",\"email\":\"info@sodepal.es\",\"telephone\":\"922417323\",\"legalName\":\"Sociedad de Promoci\u00f3n y Desarrollo Econ\u00f3mico de la isla de La Palma S.A.U.\"}]}<\/script>\n<!-- \/ Yoast SEO Premium plugin. -->","yoast_head_json":{"title":"Programa de Promoci\u00f3n Astroturismo de La Palma - Sociedad de Promoci\u00f3n y Desarrollo Econ\u00f3mico y Social de La Palma - SODEPAL","robots":{"index":"index","follow":"follow","max-snippet":"max-snippet:-1","max-image-preview":"max-image-preview:large","max-video-preview":"max-video-preview:-1"},"canonical":"https:\/\/sodepal.es\/en\/proyectos\/programa-de-promocion-astroturismo-de-la-palma\/","og_locale":"en_GB","og_type":"article","og_title":"Programa de Promoci\u00f3n Astroturismo de La Palma","og_description":"Programa de Promoci\u00f3n Astroturismo de La Palma El \u201cPROGRAMA DE PROMOCI\u00d3N DE ASTROTURISMO DE LA ISLA DE LA PALMA &#8211; PALP\u201d pertenece a la Empresa p\u00fablica SODEPAL, bajo una encomienda de gesti\u00f3n y aportaci\u00f3n econ\u00f3mica por parte del \u00e1rea de Turismo del Cabildo Insular de la Palma. Esta propuesta, que naci\u00f3 en el a\u00f1o 2020, ... Read more","og_url":"https:\/\/sodepal.es\/en\/proyectos\/programa-de-promocion-astroturismo-de-la-palma\/","og_site_name":"Sociedad de Promoci\u00f3n y Desarrollo Econ\u00f3mico y Social de La Palma - SODEPAL","article_publisher":"https:\/\/www.facebook.com\/sodepal","article_modified_time":"2025-04-23T10:59:41+00:00","og_image":[{"width":1500,"height":425,"url":"https:\/\/sodepal.es\/wp-content\/uploads\/2023\/11\/astroturismo.jpg","type":"image\/jpeg"}],"twitter_card":"summary_large_image","schema":{"@context":"https:\/\/schema.org","@graph":[{"@type":"WebPage","@id":"https:\/\/sodepal.es\/proyectos\/programa-de-promocion-astroturismo-de-la-palma\/","url":"https:\/\/sodepal.es\/proyectos\/programa-de-promocion-astroturismo-de-la-palma\/","name":"Programa de Promoci\u00f3n Astroturismo de La Palma - Sociedad de Promoci\u00f3n y Desarrollo Econ\u00f3mico y Social de La Palma - SODEPAL","isPartOf":{"@id":"https:\/\/sodepal.es\/#website"},"primaryImageOfPage":{"@id":"https:\/\/sodepal.es\/proyectos\/programa-de-promocion-astroturismo-de-la-palma\/#primaryimage"},"image":{"@id":"https:\/\/sodepal.es\/proyectos\/programa-de-promocion-astroturismo-de-la-palma\/#primaryimage"},"thumbnailUrl":"https:\/\/sodepal.es\/wp-content\/uploads\/2023\/11\/astroturismo.jpg","datePublished":"2023-11-24T14:02:02+00:00","dateModified":"2025-04-23T10:59:41+00:00","breadcrumb":{"@id":"https:\/\/sodepal.es\/proyectos\/programa-de-promocion-astroturismo-de-la-palma\/#breadcrumb"},"inLanguage":"en-GB","potentialAction":[{"@type":"ReadAction","target":["https:\/\/sodepal.es\/proyectos\/programa-de-promocion-astroturismo-de-la-palma\/"]}]},{"@type":"ImageObject","inLanguage":"en-GB","@id":"https:\/\/sodepal.es\/proyectos\/programa-de-promocion-astroturismo-de-la-palma\/#primaryimage","url":"https:\/\/sodepal.es\/wp-content\/uploads\/2023\/11\/astroturismo.jpg","contentUrl":"https:\/\/sodepal.es\/wp-content\/uploads\/2023\/11\/astroturismo.jpg"},{"@type":"BreadcrumbList","@id":"https:\/\/sodepal.es\/proyectos\/programa-de-promocion-astroturismo-de-la-palma\/#breadcrumb","itemListElement":[{"@type":"ListItem","position":1,"name":"Inicio","item":"https:\/\/sodepal.es\/"},{"@type":"ListItem","position":2,"name":"Proyectos","item":"https:\/\/sodepal.es\/proyectos\/"},{"@type":"ListItem","position":3,"name":"Programa de Promoci\u00f3n Astroturismo de La Palma"}]},{"@type":"WebSite","@id":"https:\/\/sodepal.es\/#website","url":"https:\/\/sodepal.es\/","name":"Sodepal","description":"SODEPAL es una empresa p\u00fablica dependiente del Cabildo de La Palma. Promoci\u00f3n, Fomento y Desarrollo para la isla de La Palma","publisher":{"@id":"https:\/\/sodepal.es\/#organization"},"alternateName":"Sociedad de Promoci\u00f3n y Desarrollo Econ\u00f3mico y Social de La Palma","potentialAction":[{"@type":"SearchAction","target":{"@type":"EntryPoint","urlTemplate":"https:\/\/sodepal.es\/?s={search_term_string}"},"query-input":{"@type":"PropertyValueSpecification","valueRequired":true,"valueName":"search_term_string"}}],"inLanguage":"en-GB"},{"@type":"Organization","@id":"https:\/\/sodepal.es\/#organization","name":"Sociedad de Promoci\u00f3n y Desarrollo Econ\u00f3mico y Social de La Palma","alternateName":"Sodepal","url":"https:\/\/sodepal.es\/","logo":{"@type":"ImageObject","inLanguage":"en-GB","@id":"https:\/\/sodepal.es\/#\/schema\/logo\/image\/","url":"https:\/\/sodepal.es\/wp-content\/uploads\/2022\/09\/logo_web.png","contentUrl":"https:\/\/sodepal.es\/wp-content\/uploads\/2022\/09\/logo_web.png","width":658,"height":156,"caption":"Sociedad de Promoci\u00f3n y Desarrollo Econ\u00f3mico y Social de La Palma"},"image":{"@id":"https:\/\/sodepal.es\/#\/schema\/logo\/image\/"},"sameAs":["https:\/\/www.facebook.com\/sodepal","https:\/\/www.instagram.com\/sodepallapalma\/"],"description":"Sociedad de Promoci\u00f3n y Desarrollo econ\u00f3mico y Social de La Palma, empresa p\u00fablica dependiente del Cabildo de La Palma","email":"info@sodepal.es","telephone":"922417323","legalName":"Sociedad de Promoci\u00f3n y Desarrollo Econ\u00f3mico de la isla de La Palma S.A.U."}]}},"_links":{"self":[{"href":"https:\/\/sodepal.es\/en\/wp-json\/wp\/v2\/pages\/9441","targetHints":{"allow":["GET"]}}],"collection":[{"href":"https:\/\/sodepal.es\/en\/wp-json\/wp\/v2\/pages"}],"about":[{"href":"https:\/\/sodepal.es\/en\/wp-json\/wp\/v2\/types\/page"}],"author":[{"embeddable":true,"href":"https:\/\/sodepal.es\/en\/wp-json\/wp\/v2\/users\/1"}],"replies":[{"embeddable":true,"href":"https:\/\/sodepal.es\/en\/wp-json\/wp\/v2\/comments?post=9441"}],"version-history":[{"count":0,"href":"https:\/\/sodepal.es\/en\/wp-json\/wp\/v2\/pages\/9441\/revisions"}],"up":[{"embeddable":true,"href":"https:\/\/sodepal.es\/en\/wp-json\/wp\/v2\/pages\/8267"}],"wp:attachment":[{"href":"https:\/\/sodepal.es\/en\/wp-json\/wp\/v2\/media?parent=9441"}],"curies":[{"name":"wp","href":"https:\/\/api.w.org\/{rel}","templated":true}]}}