{"id":9456,"date":"2023-11-24T12:26:30","date_gmt":"2023-11-24T12:26:30","guid":{"rendered":"https:\/\/sodepal.es\/?page_id=9456"},"modified":"2023-11-24T16:14:33","modified_gmt":"2023-11-24T16:14:33","slug":"agencia-insular-del-mar","status":"publish","type":"page","link":"https:\/\/sodepal.es\/en\/proyectos\/agencia-insular-del-mar\/","title":{"rendered":"Island Agency for the Sea"},"content":{"rendered":"<div data-elementor-type=\"wp-page\" data-elementor-id=\"9456\" class=\"elementor elementor-9456\" data-elementor-post-type=\"page\">\n\t\t\t\t\t\t<section class=\"elementor-section elementor-top-section elementor-element elementor-element-ec49900 elementor-section-boxed elementor-section-height-default elementor-section-height-default\" data-id=\"ec49900\" data-element_type=\"section\" data-e-type=\"section\">\n\t\t\t\t\t\t<div class=\"elementor-container elementor-column-gap-default\">\n\t\t\t\t\t<div class=\"elementor-column elementor-col-100 elementor-top-column elementor-element elementor-element-ce8b006\" data-id=\"ce8b006\" data-element_type=\"column\" data-e-type=\"column\">\n\t\t\t<div class=\"elementor-widget-wrap elementor-element-populated\">\n\t\t\t\t\t\t<div class=\"elementor-element elementor-element-6069405 elementor-invisible elementor-widget elementor-widget-image\" data-id=\"6069405\" data-element_type=\"widget\" data-e-type=\"widget\" data-settings=\"{&quot;_animation&quot;:&quot;fadeInUp&quot;}\" data-widget_type=\"image.default\">\n\t\t\t\t<div class=\"elementor-widget-container\">\n\t\t\t\t\t\t\t\t\t\t\t\t\t\t\t<img fetchpriority=\"high\" decoding=\"async\" width=\"1500\" height=\"425\" src=\"https:\/\/sodepal.es\/wp-content\/uploads\/2023\/11\/agencia_mar.jpg\" class=\"attachment-1536x1536 size-1536x1536 wp-image-9504\" alt=\"\" srcset=\"https:\/\/sodepal.es\/wp-content\/uploads\/2023\/11\/agencia_mar.jpg 1500w, https:\/\/sodepal.es\/wp-content\/uploads\/2023\/11\/agencia_mar-300x85.jpg 300w, https:\/\/sodepal.es\/wp-content\/uploads\/2023\/11\/agencia_mar-1024x290.jpg 1024w, https:\/\/sodepal.es\/wp-content\/uploads\/2023\/11\/agencia_mar-768x218.jpg 768w, https:\/\/sodepal.es\/wp-content\/uploads\/2023\/11\/agencia_mar-18x5.jpg 18w\" sizes=\"(max-width: 1500px) 100vw, 1500px\" \/>\t\t\t\t\t\t\t\t\t\t\t\t\t\t\t<\/div>\n\t\t\t\t<\/div>\n\t\t\t\t\t<\/div>\n\t\t<\/div>\n\t\t\t\t\t<\/div>\n\t\t<\/section>\n\t\t\t\t<section class=\"elementor-section elementor-top-section elementor-element elementor-element-f81b45e elementor-section-boxed elementor-section-height-default elementor-section-height-default\" data-id=\"f81b45e\" data-element_type=\"section\" data-e-type=\"section\">\n\t\t\t\t\t\t<div class=\"elementor-container elementor-column-gap-default\">\n\t\t\t\t\t<div class=\"elementor-column elementor-col-100 elementor-top-column elementor-element elementor-element-a344841\" data-id=\"a344841\" data-element_type=\"column\" data-e-type=\"column\">\n\t\t\t<div class=\"elementor-widget-wrap elementor-element-populated\">\n\t\t\t\t\t\t<div class=\"elementor-element elementor-element-0da03d5 elementor-invisible elementor-widget elementor-widget-heading\" data-id=\"0da03d5\" data-element_type=\"widget\" data-e-type=\"widget\" data-settings=\"{&quot;_animation&quot;:&quot;fadeInUp&quot;}\" data-widget_type=\"heading.default\">\n\t\t\t\t<div class=\"elementor-widget-container\">\n\t\t\t\t\t<h2 class=\"elementor-heading-title elementor-size-default\">Island Agency for the Sea<\/h2>\t\t\t\t<\/div>\n\t\t\t\t<\/div>\n\t\t\t\t<div class=\"elementor-element elementor-element-ece27cb elementor-invisible elementor-widget elementor-widget-text-editor\" data-id=\"ece27cb\" data-element_type=\"widget\" data-e-type=\"widget\" data-settings=\"{&quot;_animation&quot;:&quot;fadeInUp&quot;}\" data-widget_type=\"text-editor.default\">\n\t\t\t\t<div class=\"elementor-widget-container\">\n\t\t\t\t\t\t\t\t\t<p>The Agencia Insular del Mar is an advisory body of the Cabildo de La Palma managed by SODEPAL in the maritime-fishing field, as well as a unit for the protection and support of the island's professional fishing sector and other activities carried out in the marine field. It has two offices, one in the Port of Santa Cruz de La Palma and the other in the Port of Tazacorte.<\/p><p>The advisory function in the maritime-fishing field includes multiple activities, including professional fishing, aquaculture, sport fishing, shellfishing, diving, coastal territorial planning, navigation, protected areas, etc. Therefore, there is a convergence of changing regulatory regulations issued by multiple public administrations, and the role of the Cabildo, regardless of the competences of each administration, is to reconcile all the interests represented. In order to play this role responsibly, it must be aware of the current maritime and fishing situation. Along the same lines, advice to the Cabildo is key, as it is an active member of various entities related to the marine-coastal sphere, the La Palma Coastal Action Group, the La Palma Marine Reserve, the Regional Aquaculture Commission, the World Biosphere Reserve, the State Port and Autonomous Ports Administration Boards, ADER La Palma, etc.<\/p><p>On the other hand, the professional fishing sector on the island is highly conditioned by the excessive distribution of powers between International Organisations, Regional Fishing Organisations, the European Union, the Spanish Government, Regional Governments and Entities.<\/p><p>Local. The Insular Agency of the Sea is the guardian and advisor both at a collective level, to the fishermen's guilds, and at an individual level, in the processing of the multiple files in the maritime-fishing field in their relations with the Public Administration (subsidies, authorisations, licences, qualifications, nautical-fishing training, allegations to proposals of regulations, ...).<\/p><p>The Agencia Insular del Mar is also involved in the processing of a number of different cases in the field of maritime sports (regulatory advice, licences, fishing authorisations, etc.).<\/p>\t\t\t\t\t\t\t\t<\/div>\n\t\t\t\t<\/div>\n\t\t\t\t\t<\/div>\n\t\t<\/div>\n\t\t\t\t\t<\/div>\n\t\t<\/section>\n\t\t\t\t<\/div>","protected":false},"excerpt":{"rendered":"<p>Agencia Insular del Mar The Agencia Insular del Mar is an advisory body of the Cabildo de La Palma managed by SODEPAL in the maritime-fishing field, as well as a unit for the protection and support of the island's professional fishing sector and other activities carried out in the marine field. It has two offices, one in ... <a title=\"Island Agency for the Sea\" class=\"read-more\" href=\"https:\/\/sodepal.es\/en\/proyectos\/agencia-insular-del-mar\/\" aria-label=\"Read more about Island Agency for the Sea\">Read more<\/a><\/p>","protected":false},"author":1,"featured_media":0,"parent":8267,"menu_order":0,"comment_status":"closed","ping_status":"closed","template":"","meta":{"_acf_changed":false,"footnotes":""},"class_list":["post-9456","page","type-page","status-publish"],"acf":[],"yoast_head":"<!-- This site is optimized with the Yoast SEO Premium plugin v22.0 (Yoast SEO v27.4) - https:\/\/yoast.com\/product\/yoast-seo-premium-wordpress\/ -->\n<title>Agencia Insular del Mar - Sociedad de Promoci\u00f3n y Desarrollo Econ\u00f3mico y Social de La Palma - SODEPAL<\/title>\n<meta name=\"robots\" content=\"index, follow, max-snippet:-1, max-image-preview:large, max-video-preview:-1\" \/>\n<link rel=\"canonical\" href=\"https:\/\/sodepal.es\/en\/proyectos\/agencia-insular-del-mar\/\" \/>\n<meta property=\"og:locale\" content=\"en_GB\" \/>\n<meta property=\"og:type\" content=\"article\" \/>\n<meta property=\"og:title\" content=\"Agencia Insular del Mar\" \/>\n<meta property=\"og:description\" content=\"Agencia Insular del Mar La Agencia Insular del Mar es una entidad asesora del Cabildo de La Palma gestionada por SODEPAL en el \u00e1mbito mar\u00edtimo-pesquero, as\u00ed como una unidad de tutela y apoyo al sector pesquero profesional de la isla y de otras actividades desarrolladas en el \u00e1mbito marino. Dispone de dos oficinas, una en ... Read more\" \/>\n<meta property=\"og:url\" content=\"https:\/\/sodepal.es\/en\/proyectos\/agencia-insular-del-mar\/\" \/>\n<meta property=\"og:site_name\" content=\"Sociedad de Promoci\u00f3n y Desarrollo Econ\u00f3mico y Social de La Palma - SODEPAL\" \/>\n<meta property=\"article:publisher\" content=\"https:\/\/www.facebook.com\/sodepal\" \/>\n<meta property=\"article:modified_time\" content=\"2023-11-24T16:14:33+00:00\" \/>\n<meta property=\"og:image\" content=\"https:\/\/sodepal.es\/wp-content\/uploads\/2023\/11\/agencia_mar.jpg\" \/>\n<meta name=\"twitter:card\" content=\"summary_large_image\" \/>\n<script type=\"application\/ld+json\" class=\"yoast-schema-graph\">{\"@context\":\"https:\\\/\\\/schema.org\",\"@graph\":[{\"@type\":\"WebPage\",\"@id\":\"https:\\\/\\\/sodepal.es\\\/proyectos\\\/agencia-insular-del-mar\\\/\",\"url\":\"https:\\\/\\\/sodepal.es\\\/proyectos\\\/agencia-insular-del-mar\\\/\",\"name\":\"Agencia Insular del Mar - Sociedad de Promoci\u00f3n y Desarrollo Econ\u00f3mico y Social de La Palma - SODEPAL\",\"isPartOf\":{\"@id\":\"https:\\\/\\\/sodepal.es\\\/#website\"},\"primaryImageOfPage\":{\"@id\":\"https:\\\/\\\/sodepal.es\\\/proyectos\\\/agencia-insular-del-mar\\\/#primaryimage\"},\"image\":{\"@id\":\"https:\\\/\\\/sodepal.es\\\/proyectos\\\/agencia-insular-del-mar\\\/#primaryimage\"},\"thumbnailUrl\":\"https:\\\/\\\/sodepal.es\\\/wp-content\\\/uploads\\\/2023\\\/11\\\/agencia_mar.jpg\",\"datePublished\":\"2023-11-24T12:26:30+00:00\",\"dateModified\":\"2023-11-24T16:14:33+00:00\",\"breadcrumb\":{\"@id\":\"https:\\\/\\\/sodepal.es\\\/proyectos\\\/agencia-insular-del-mar\\\/#breadcrumb\"},\"inLanguage\":\"en-GB\",\"potentialAction\":[{\"@type\":\"ReadAction\",\"target\":[\"https:\\\/\\\/sodepal.es\\\/proyectos\\\/agencia-insular-del-mar\\\/\"]}]},{\"@type\":\"ImageObject\",\"inLanguage\":\"en-GB\",\"@id\":\"https:\\\/\\\/sodepal.es\\\/proyectos\\\/agencia-insular-del-mar\\\/#primaryimage\",\"url\":\"https:\\\/\\\/sodepal.es\\\/wp-content\\\/uploads\\\/2023\\\/11\\\/agencia_mar.jpg\",\"contentUrl\":\"https:\\\/\\\/sodepal.es\\\/wp-content\\\/uploads\\\/2023\\\/11\\\/agencia_mar.jpg\"},{\"@type\":\"BreadcrumbList\",\"@id\":\"https:\\\/\\\/sodepal.es\\\/proyectos\\\/agencia-insular-del-mar\\\/#breadcrumb\",\"itemListElement\":[{\"@type\":\"ListItem\",\"position\":1,\"name\":\"Inicio\",\"item\":\"https:\\\/\\\/sodepal.es\\\/\"},{\"@type\":\"ListItem\",\"position\":2,\"name\":\"Proyectos\",\"item\":\"https:\\\/\\\/sodepal.es\\\/proyectos\\\/\"},{\"@type\":\"ListItem\",\"position\":3,\"name\":\"Agencia Insular del Mar\"}]},{\"@type\":\"WebSite\",\"@id\":\"https:\\\/\\\/sodepal.es\\\/#website\",\"url\":\"https:\\\/\\\/sodepal.es\\\/\",\"name\":\"Sodepal\",\"description\":\"SODEPAL es una empresa p\u00fablica dependiente del Cabildo de La Palma. Promoci\u00f3n, Fomento y Desarrollo para la isla de La Palma\",\"publisher\":{\"@id\":\"https:\\\/\\\/sodepal.es\\\/#organization\"},\"alternateName\":\"Sociedad de Promoci\u00f3n y Desarrollo Econ\u00f3mico y Social de La Palma\",\"potentialAction\":[{\"@type\":\"SearchAction\",\"target\":{\"@type\":\"EntryPoint\",\"urlTemplate\":\"https:\\\/\\\/sodepal.es\\\/?s={search_term_string}\"},\"query-input\":{\"@type\":\"PropertyValueSpecification\",\"valueRequired\":true,\"valueName\":\"search_term_string\"}}],\"inLanguage\":\"en-GB\"},{\"@type\":\"Organization\",\"@id\":\"https:\\\/\\\/sodepal.es\\\/#organization\",\"name\":\"Sociedad de Promoci\u00f3n y Desarrollo Econ\u00f3mico y Social de La Palma\",\"alternateName\":\"Sodepal\",\"url\":\"https:\\\/\\\/sodepal.es\\\/\",\"logo\":{\"@type\":\"ImageObject\",\"inLanguage\":\"en-GB\",\"@id\":\"https:\\\/\\\/sodepal.es\\\/#\\\/schema\\\/logo\\\/image\\\/\",\"url\":\"https:\\\/\\\/sodepal.es\\\/wp-content\\\/uploads\\\/2022\\\/09\\\/logo_web.png\",\"contentUrl\":\"https:\\\/\\\/sodepal.es\\\/wp-content\\\/uploads\\\/2022\\\/09\\\/logo_web.png\",\"width\":658,\"height\":156,\"caption\":\"Sociedad de Promoci\u00f3n y Desarrollo Econ\u00f3mico y Social de La Palma\"},\"image\":{\"@id\":\"https:\\\/\\\/sodepal.es\\\/#\\\/schema\\\/logo\\\/image\\\/\"},\"sameAs\":[\"https:\\\/\\\/www.facebook.com\\\/sodepal\",\"https:\\\/\\\/www.instagram.com\\\/sodepallapalma\\\/\"],\"description\":\"Sociedad de Promoci\u00f3n y Desarrollo econ\u00f3mico y Social de La Palma, empresa p\u00fablica dependiente del Cabildo de La Palma\",\"email\":\"info@sodepal.es\",\"telephone\":\"922417323\",\"legalName\":\"Sociedad de Promoci\u00f3n y Desarrollo Econ\u00f3mico de la isla de La Palma S.A.U.\"}]}<\/script>\n<!-- \/ Yoast SEO Premium plugin. -->","yoast_head_json":{"title":"Agencia Insular del Mar - Sociedad de Promoci\u00f3n y Desarrollo Econ\u00f3mico y Social de La Palma - SODEPAL","robots":{"index":"index","follow":"follow","max-snippet":"max-snippet:-1","max-image-preview":"max-image-preview:large","max-video-preview":"max-video-preview:-1"},"canonical":"https:\/\/sodepal.es\/en\/proyectos\/agencia-insular-del-mar\/","og_locale":"en_GB","og_type":"article","og_title":"Agencia Insular del Mar","og_description":"Agencia Insular del Mar La Agencia Insular del Mar es una entidad asesora del Cabildo de La Palma gestionada por SODEPAL en el \u00e1mbito mar\u00edtimo-pesquero, as\u00ed como una unidad de tutela y apoyo al sector pesquero profesional de la isla y de otras actividades desarrolladas en el \u00e1mbito marino. Dispone de dos oficinas, una en ... Read more","og_url":"https:\/\/sodepal.es\/en\/proyectos\/agencia-insular-del-mar\/","og_site_name":"Sociedad de Promoci\u00f3n y Desarrollo Econ\u00f3mico y Social de La Palma - SODEPAL","article_publisher":"https:\/\/www.facebook.com\/sodepal","article_modified_time":"2023-11-24T16:14:33+00:00","og_image":[{"url":"https:\/\/sodepal.es\/wp-content\/uploads\/2023\/11\/agencia_mar.jpg","type":"","width":"","height":""}],"twitter_card":"summary_large_image","schema":{"@context":"https:\/\/schema.org","@graph":[{"@type":"WebPage","@id":"https:\/\/sodepal.es\/proyectos\/agencia-insular-del-mar\/","url":"https:\/\/sodepal.es\/proyectos\/agencia-insular-del-mar\/","name":"Agencia Insular del Mar - Sociedad de Promoci\u00f3n y Desarrollo Econ\u00f3mico y Social de La Palma - SODEPAL","isPartOf":{"@id":"https:\/\/sodepal.es\/#website"},"primaryImageOfPage":{"@id":"https:\/\/sodepal.es\/proyectos\/agencia-insular-del-mar\/#primaryimage"},"image":{"@id":"https:\/\/sodepal.es\/proyectos\/agencia-insular-del-mar\/#primaryimage"},"thumbnailUrl":"https:\/\/sodepal.es\/wp-content\/uploads\/2023\/11\/agencia_mar.jpg","datePublished":"2023-11-24T12:26:30+00:00","dateModified":"2023-11-24T16:14:33+00:00","breadcrumb":{"@id":"https:\/\/sodepal.es\/proyectos\/agencia-insular-del-mar\/#breadcrumb"},"inLanguage":"en-GB","potentialAction":[{"@type":"ReadAction","target":["https:\/\/sodepal.es\/proyectos\/agencia-insular-del-mar\/"]}]},{"@type":"ImageObject","inLanguage":"en-GB","@id":"https:\/\/sodepal.es\/proyectos\/agencia-insular-del-mar\/#primaryimage","url":"https:\/\/sodepal.es\/wp-content\/uploads\/2023\/11\/agencia_mar.jpg","contentUrl":"https:\/\/sodepal.es\/wp-content\/uploads\/2023\/11\/agencia_mar.jpg"},{"@type":"BreadcrumbList","@id":"https:\/\/sodepal.es\/proyectos\/agencia-insular-del-mar\/#breadcrumb","itemListElement":[{"@type":"ListItem","position":1,"name":"Inicio","item":"https:\/\/sodepal.es\/"},{"@type":"ListItem","position":2,"name":"Proyectos","item":"https:\/\/sodepal.es\/proyectos\/"},{"@type":"ListItem","position":3,"name":"Agencia Insular del Mar"}]},{"@type":"WebSite","@id":"https:\/\/sodepal.es\/#website","url":"https:\/\/sodepal.es\/","name":"Sodepal","description":"SODEPAL es una empresa p\u00fablica dependiente del Cabildo de La Palma. Promoci\u00f3n, Fomento y Desarrollo para la isla de La Palma","publisher":{"@id":"https:\/\/sodepal.es\/#organization"},"alternateName":"Sociedad de Promoci\u00f3n y Desarrollo Econ\u00f3mico y Social de La Palma","potentialAction":[{"@type":"SearchAction","target":{"@type":"EntryPoint","urlTemplate":"https:\/\/sodepal.es\/?s={search_term_string}"},"query-input":{"@type":"PropertyValueSpecification","valueRequired":true,"valueName":"search_term_string"}}],"inLanguage":"en-GB"},{"@type":"Organization","@id":"https:\/\/sodepal.es\/#organization","name":"Sociedad de Promoci\u00f3n y Desarrollo Econ\u00f3mico y Social de La Palma","alternateName":"Sodepal","url":"https:\/\/sodepal.es\/","logo":{"@type":"ImageObject","inLanguage":"en-GB","@id":"https:\/\/sodepal.es\/#\/schema\/logo\/image\/","url":"https:\/\/sodepal.es\/wp-content\/uploads\/2022\/09\/logo_web.png","contentUrl":"https:\/\/sodepal.es\/wp-content\/uploads\/2022\/09\/logo_web.png","width":658,"height":156,"caption":"Sociedad de Promoci\u00f3n y Desarrollo Econ\u00f3mico y Social de La Palma"},"image":{"@id":"https:\/\/sodepal.es\/#\/schema\/logo\/image\/"},"sameAs":["https:\/\/www.facebook.com\/sodepal","https:\/\/www.instagram.com\/sodepallapalma\/"],"description":"Sociedad de Promoci\u00f3n y Desarrollo econ\u00f3mico y Social de La Palma, empresa p\u00fablica dependiente del Cabildo de La Palma","email":"info@sodepal.es","telephone":"922417323","legalName":"Sociedad de Promoci\u00f3n y Desarrollo Econ\u00f3mico de la isla de La Palma S.A.U."}]}},"_links":{"self":[{"href":"https:\/\/sodepal.es\/en\/wp-json\/wp\/v2\/pages\/9456","targetHints":{"allow":["GET"]}}],"collection":[{"href":"https:\/\/sodepal.es\/en\/wp-json\/wp\/v2\/pages"}],"about":[{"href":"https:\/\/sodepal.es\/en\/wp-json\/wp\/v2\/types\/page"}],"author":[{"embeddable":true,"href":"https:\/\/sodepal.es\/en\/wp-json\/wp\/v2\/users\/1"}],"replies":[{"embeddable":true,"href":"https:\/\/sodepal.es\/en\/wp-json\/wp\/v2\/comments?post=9456"}],"version-history":[{"count":0,"href":"https:\/\/sodepal.es\/en\/wp-json\/wp\/v2\/pages\/9456\/revisions"}],"up":[{"embeddable":true,"href":"https:\/\/sodepal.es\/en\/wp-json\/wp\/v2\/pages\/8267"}],"wp:attachment":[{"href":"https:\/\/sodepal.es\/en\/wp-json\/wp\/v2\/media?parent=9456"}],"curies":[{"name":"wp","href":"https:\/\/api.w.org\/{rel}","templated":true}]}}